{"id":8189,"date":"2022-03-28T12:52:49","date_gmt":"2022-03-28T12:52:49","guid":{"rendered":"https:\/\/www.persimmontravels.com\/product\/grenade-complexe-du-palais-de-lalhambra-et-quartier-de-lalbaicin-prive-petits-groupes\/"},"modified":"2024-03-09T03:00:11","modified_gmt":"2024-03-09T03:00:11","slug":"grenade-complexe-du-palais-de-lalhambra-et-quartier-de-lalbaicin-prive-petits-groupes","status":"publish","type":"product","link":"https:\/\/www.persimmontravels.com\/fr\/product\/grenade-complexe-du-palais-de-lalhambra-et-quartier-de-lalbaicin-prive-petits-groupes\/","title":{"rendered":"GRENADE : COMPLEXE DU PALAIS DE L&rsquo;ALHAMBRA ET QUARTIER DE L&rsquo;ALBAIC\u00cdN [PRIV\u00c9\/PETITS GROUPES]"},"content":{"rendered":"<p>[vc_row][vc_column offset=\u00a0\u00bbvc_hidden-xs\u00a0\u00bb][vc_column_text]<\/p>\n<h3><img decoding=\"async\" loading=\"lazy\" class=\"alignnone size-full wp-image-8212\" src=\"https:\/\/www.persimmontravels.com\/wp-content\/uploads\/2022\/03\/GRANADA-ITINERARIO-MOVIL-1.png\" alt=\"\" width=\"800\" height=\"2000\" srcset=\"https:\/\/www.persimmontravels.com\/wp-content\/uploads\/2022\/03\/GRANADA-ITINERARIO-MOVIL-1.png 800w, https:\/\/www.persimmontravels.com\/wp-content\/uploads\/2022\/03\/GRANADA-ITINERARIO-MOVIL-1-120x300.png 120w, https:\/\/www.persimmontravels.com\/wp-content\/uploads\/2022\/03\/GRANADA-ITINERARIO-MOVIL-1-410x1024.png 410w, https:\/\/www.persimmontravels.com\/wp-content\/uploads\/2022\/03\/GRANADA-ITINERARIO-MOVIL-1-768x1920.png 768w, https:\/\/www.persimmontravels.com\/wp-content\/uploads\/2022\/03\/GRANADA-ITINERARIO-MOVIL-1-614x1536.png 614w, https:\/\/www.persimmontravels.com\/wp-content\/uploads\/2022\/03\/GRANADA-ITINERARIO-MOVIL-1-600x1500.png 600w\" sizes=\"(max-width: 800px) 100vw, 800px\" \/><img decoding=\"async\" loading=\"lazy\" class=\"alignnone size-full wp-image-8218\" src=\"https:\/\/www.persimmontravels.com\/wp-content\/uploads\/2022\/03\/GRANADA-BANNER-DAY-TRIP-3.png\" alt=\"\" width=\"690\" height=\"976\" srcset=\"https:\/\/www.persimmontravels.com\/wp-content\/uploads\/2022\/03\/GRANADA-BANNER-DAY-TRIP-3.png 690w, https:\/\/www.persimmontravels.com\/wp-content\/uploads\/2022\/03\/GRANADA-BANNER-DAY-TRIP-3-212x300.png 212w, https:\/\/www.persimmontravels.com\/wp-content\/uploads\/2022\/03\/GRANADA-BANNER-DAY-TRIP-3-600x849.png 600w\" sizes=\"(max-width: 690px) 100vw, 690px\" \/><img decoding=\"async\" loading=\"lazy\" class=\"alignnone size-full wp-image-3673\" src=\"https:\/\/www.persimmontravels.com\/wp-content\/uploads\/2020\/03\/BARRA-BLANCA.png\" alt=\"\" width=\"685\" height=\"40\" srcset=\"https:\/\/www.persimmontravels.com\/wp-content\/uploads\/2020\/03\/BARRA-BLANCA.png 685w, https:\/\/www.persimmontravels.com\/wp-content\/uploads\/2020\/03\/BARRA-BLANCA-300x18.png 300w, https:\/\/www.persimmontravels.com\/wp-content\/uploads\/2020\/03\/BARRA-BLANCA-668x40.png 668w, https:\/\/www.persimmontravels.com\/wp-content\/uploads\/2020\/03\/BARRA-BLANCA-600x35.png 600w\" sizes=\"(max-width: 685px) 100vw, 685px\" \/><\/h3>\n<p>[\/vc_column_text][\/vc_column][\/vc_row][vc_row][vc_column offset=\u00a0\u00bbvc_hidden-lg vc_hidden-md vc_hidden-sm\u00a0\u00bb][vc_single_image image=\u00a0\u00bb3874&Prime; img_size=\u00a0\u00bbfull\u00a0\u00bb css=\u00a0\u00bb.vc_custom_1620141816323{margin-top: -25px !important;margin-right: -45px !important;margin-left: -45px !important;}\u00a0\u00bb][\/vc_column][\/vc_row][vc_row][vc_column offset=\u00a0\u00bbvc_hidden-lg vc_hidden-md vc_hidden-sm\u00a0\u00bb][vc_single_image image=\u00a0\u00bb3673&Prime; img_size=\u00a0\u00bbfull\u00a0\u00bb][\/vc_column][\/vc_row][vc_row][vc_column offset=\u00a0\u00bbvc_hidden-lg vc_hidden-md vc_hidden-sm\u00a0\u00bb][vc_single_image image=\u00a0\u00bb6403&Prime; img_size=\u00a0\u00bbfull\u00a0\u00bb css=\u00a0\u00bb.vc_custom_1631784983252{margin-right: -40px !important;margin-left: -45px !important;}\u00a0\u00bb][\/vc_column][\/vc_row]<\/p>\n","protected":false},"excerpt":{"rendered":"<p>Cette visite priv\u00e9e vous donnera un aper\u00e7u de l&rsquo;une des plus anciennes cultures musulmanes de la p\u00e9ninsule ib\u00e9rique, les Nasrides, et de leur joyau le plus impressionnant, le complexe du palais de l&rsquo;Alhambra. De plus, vous d\u00e9couvrirez le quartier de l&rsquo;Albaic\u00edn et le march\u00e9 de l&rsquo;Alcaicer\u00eda dans la fascinante ville de Grenade. Comme le dit le prestigieux guide Lonely Planet, \u00ab Grenade est une ville persuasive o\u00f9 l&rsquo;architecture islamique sereine et la vie de rue \u00e0 saveur arabe vont de pair avec des \u00e9glises monumentales, des bars \u00e0 tapas \u00e0 l&rsquo;ancienne et la contre-culture de l&rsquo;art du graffiti.<\/p>\n","protected":false},"featured_media":0,"comment_status":"open","ping_status":"closed","template":"","meta":{"content-type":""},"product_cat":[321],"product_tag":[322,325,323,324],"_links":{"self":[{"href":"https:\/\/www.persimmontravels.com\/fr\/wp-json\/wp\/v2\/product\/8189"}],"collection":[{"href":"https:\/\/www.persimmontravels.com\/fr\/wp-json\/wp\/v2\/product"}],"about":[{"href":"https:\/\/www.persimmontravels.com\/fr\/wp-json\/wp\/v2\/types\/product"}],"replies":[{"embeddable":true,"href":"https:\/\/www.persimmontravels.com\/fr\/wp-json\/wp\/v2\/comments?post=8189"}],"wp:attachment":[{"href":"https:\/\/www.persimmontravels.com\/fr\/wp-json\/wp\/v2\/media?parent=8189"}],"wp:term":[{"taxonomy":"product_cat","embeddable":true,"href":"https:\/\/www.persimmontravels.com\/fr\/wp-json\/wp\/v2\/product_cat?post=8189"},{"taxonomy":"product_tag","embeddable":true,"href":"https:\/\/www.persimmontravels.com\/fr\/wp-json\/wp\/v2\/product_tag?post=8189"}],"curies":[{"name":"wp","href":"https:\/\/api.w.org\/{rel}","templated":true}]}}