{"id":1854,"date":"2020-10-27T09:22:38","date_gmt":"2020-10-27T09:22:38","guid":{"rendered":"https:\/\/www.persimmontravels.com\/product\/pure-essence-meilleur-spectacle-flamenco-sauter-la-ligne-20-de-reduction\/"},"modified":"2020-11-20T15:39:58","modified_gmt":"2020-11-20T15:39:58","slug":"pure-essence-meilleur-spectacle-flamenco-sauter-la-ligne-20-de-reduction","status":"publish","type":"product","link":"https:\/\/www.persimmontravels.com\/fr\/product\/pure-essence-meilleur-spectacle-flamenco-sauter-la-ligne-20-de-reduction\/","title":{"rendered":"Pure Essence Meilleur spectacle flamenco. Sauter la ligne 20% de r\u00e9duction"},"content":{"rendered":"<p>[vc_row][vc_column][vc_single_image image=\u00a0\u00bb1403&Prime; img_size=\u00a0\u00bbmedium\u00a0\u00bb alignment=\u00a0\u00bbcenter\u00a0\u00bb][\/vc_column][\/vc_row][vc_row][vc_column][vc_column_text]Le meilleur spectacle de flamenco de S\u00e9ville, tous les jours \u00e0 20h00 \u00e0 PURA ESENCIA FLAMENCO.<\/p>\n<p>Obtenez votre offre de r\u00e9duction de 20% par Persimmon Travels si vous r\u00e9servez en advaced.<\/p>\n<p>Tout notre spectacle vous propose un verre de d\u00e9gustation de vin espagnol ou d\u2019eau min\u00e9rale comme vous le souhaitez!<\/p>\n<p>Profitez d\u2019une soir\u00e9e flamenco \u00e0 Triana[\/vc_column_text][\/vc_column][\/vc_row][vc_row][vc_column][vc_single_image image=\u00a0\u00bb1710&Prime; img_size=\u00a0\u00bblarge\u00a0\u00bb][\/vc_column][\/vc_row]<\/p>\n","protected":false},"excerpt":{"rendered":"[caption id=\"attachment_519\" align=\"alignleft\" width=\"230\"]<img decoding=\"async\" loading=\"lazy\" class=\"wp-image-519\" src=\"https:\/\/www.persimmontravels.com\/wp-content\/uploads\/2020\/03\/descarga-2-2.jpg\" alt=\"\" width=\"230\" height=\"192\" \/> #1 ON TRIPADVISOR[\/caption]\n<p>\u00a0<\/p>\n<p><img decoding=\"async\" loading=\"lazy\" class=\"wp-image-513 alignnone\" src=\"https:\/\/www.persimmontravels.com\/wp-content\/uploads\/2020\/03\/DSC_0065-01-300x169.jpeg\" alt=\"\" width=\"340\" height=\"191\" srcset=\"https:\/\/www.persimmontravels.com\/wp-content\/uploads\/2020\/03\/DSC_0065-01-300x169.jpeg 300w, https:\/\/www.persimmontravels.com\/wp-content\/uploads\/2020\/03\/DSC_0065-01-1024x576.jpeg 1024w, https:\/\/www.persimmontravels.com\/wp-content\/uploads\/2020\/03\/DSC_0065-01-768x432.jpeg 768w, https:\/\/www.persimmontravels.com\/wp-content\/uploads\/2020\/03\/DSC_0065-01-1536x865.jpeg 1536w, https:\/\/www.persimmontravels.com\/wp-content\/uploads\/2020\/03\/DSC_0065-01-2048x1153.jpeg 2048w, https:\/\/www.persimmontravels.com\/wp-content\/uploads\/2020\/03\/DSC_0065-01-600x338.jpeg 600w\" sizes=\"(max-width: 340px) 100vw, 340px\" \/><img decoding=\"async\" loading=\"lazy\" class=\"alignnone wp-image-1034\" src=\"https:\/\/www.persimmontravels.com\/wp-content\/uploads\/2020\/07\/JoinSafeTravels_LinkedIn-1-300x158.png\" alt=\"\" width=\"357\" height=\"189\" srcset=\"https:\/\/www.persimmontravels.com\/wp-content\/uploads\/2020\/07\/JoinSafeTravels_LinkedIn-1-300x158.png 300w, https:\/\/www.persimmontravels.com\/wp-content\/uploads\/2020\/07\/JoinSafeTravels_LinkedIn-1-768x405.png 768w, https:\/\/www.persimmontravels.com\/wp-content\/uploads\/2020\/07\/JoinSafeTravels_LinkedIn-1-600x316.png 600w, https:\/\/www.persimmontravels.com\/wp-content\/uploads\/2020\/07\/JoinSafeTravels_LinkedIn-1.png 971w\" sizes=\"(max-width: 357px) 100vw, 357px\" \/><img decoding=\"async\" loading=\"lazy\" class=\"alignnone size-full wp-image-1403\" src=\"https:\/\/www.persimmontravels.com\/wp-content\/uploads\/2020\/08\/logo-pura-esencia.jpg\" alt=\"pura esencia flamenco\" width=\"200\" height=\"200\" srcset=\"https:\/\/www.persimmontravels.com\/wp-content\/uploads\/2020\/08\/logo-pura-esencia.jpg 200w, https:\/\/www.persimmontravels.com\/wp-content\/uploads\/2020\/08\/logo-pura-esencia-150x150.jpg 150w, https:\/\/www.persimmontravels.com\/wp-content\/uploads\/2020\/08\/logo-pura-esencia-189x189.jpg 189w, https:\/\/www.persimmontravels.com\/wp-content\/uploads\/2020\/08\/logo-pura-esencia-88x88.jpg 88w, https:\/\/www.persimmontravels.com\/wp-content\/uploads\/2020\/08\/logo-pura-esencia-100x100.jpg 100w\" sizes=\"(max-width: 200px) 100vw, 200px\" \/><\/p>\n<p>\u00a0<script src=\"https:\/\/fareharbor.com\/embeds\/script\/calendar-small\/puraesenciaflamenco\/items\/239814\/?fallback=simple&#038;sheet=305837&#038;asn=persimmontravels-eur&#038;asn-ref=Persimmon%20Travels&#038;full-items=yes&#038;back=https:\/\/www.persimmontravels.com\/product\/pura-esencia-flamenco-skip-the-line-20-discount\/&#038;flow=no\"><\/script><\/p>\n","protected":false},"featured_media":1860,"comment_status":"open","ping_status":"closed","template":"","meta":{"content-type":""},"product_cat":[254,252],"product_tag":[253],"_links":{"self":[{"href":"https:\/\/www.persimmontravels.com\/fr\/wp-json\/wp\/v2\/product\/1854"}],"collection":[{"href":"https:\/\/www.persimmontravels.com\/fr\/wp-json\/wp\/v2\/product"}],"about":[{"href":"https:\/\/www.persimmontravels.com\/fr\/wp-json\/wp\/v2\/types\/product"}],"replies":[{"embeddable":true,"href":"https:\/\/www.persimmontravels.com\/fr\/wp-json\/wp\/v2\/comments?post=1854"}],"wp:featuredmedia":[{"embeddable":true,"href":"https:\/\/www.persimmontravels.com\/fr\/wp-json\/wp\/v2\/media\/1860"}],"wp:attachment":[{"href":"https:\/\/www.persimmontravels.com\/fr\/wp-json\/wp\/v2\/media?parent=1854"}],"wp:term":[{"taxonomy":"product_cat","embeddable":true,"href":"https:\/\/www.persimmontravels.com\/fr\/wp-json\/wp\/v2\/product_cat?post=1854"},{"taxonomy":"product_tag","embeddable":true,"href":"https:\/\/www.persimmontravels.com\/fr\/wp-json\/wp\/v2\/product_tag?post=1854"}],"curies":[{"name":"wp","href":"https:\/\/api.w.org\/{rel}","templated":true}]}}