{"id":1792,"date":"2020-10-26T09:20:22","date_gmt":"2020-10-26T09:20:22","guid":{"rendered":"https:\/\/www.persimmontravels.com\/product\/menu-tour-sevilla-ce-nest-pas-une-visite-gratuite\/"},"modified":"2021-05-08T12:16:18","modified_gmt":"2021-05-08T12:16:18","slug":"menu-tour-sevilla-ce-nest-pas-une-visite-gratuite","status":"publish","type":"product","link":"https:\/\/www.persimmontravels.com\/fr\/product\/menu-tour-sevilla-ce-nest-pas-une-visite-gratuite\/","title":{"rendered":"Menu Tour SEVILLA.  CE N\u2019EST PAS UNE VISITE GRATUITE ( No Free Tour)"},"content":{"rendered":"<p>[vc_row][vc_column offset=\u00a0\u00bbvc_hidden-xs\u00a0\u00bb][vc_column_text]&nbsp;<\/p>\n<p><img decoding=\"async\" loading=\"lazy\" class=\"alignnone size-full wp-image-4292\" src=\"https:\/\/www.persimmontravels.com\/wp-content\/uploads\/2020\/10\/WHY-EXPLORING-SEVILLE-WITH-US-3.png\" alt=\"\" width=\"685\" height=\"2000\" srcset=\"https:\/\/www.persimmontravels.com\/wp-content\/uploads\/2020\/10\/WHY-EXPLORING-SEVILLE-WITH-US-3.png 685w, https:\/\/www.persimmontravels.com\/wp-content\/uploads\/2020\/10\/WHY-EXPLORING-SEVILLE-WITH-US-3-103x300.png 103w, https:\/\/www.persimmontravels.com\/wp-content\/uploads\/2020\/10\/WHY-EXPLORING-SEVILLE-WITH-US-3-351x1024.png 351w, https:\/\/www.persimmontravels.com\/wp-content\/uploads\/2020\/10\/WHY-EXPLORING-SEVILLE-WITH-US-3-526x1536.png 526w, https:\/\/www.persimmontravels.com\/wp-content\/uploads\/2020\/10\/WHY-EXPLORING-SEVILLE-WITH-US-3-600x1752.png 600w\" sizes=\"(max-width: 685px) 100vw, 685px\" \/><img decoding=\"async\" loading=\"lazy\" class=\"alignnone size-full wp-image-3675\" src=\"https:\/\/www.persimmontravels.com\/wp-content\/uploads\/2020\/03\/BARRA-BLANCA.png\" alt=\"\" width=\"685\" height=\"40\" srcset=\"https:\/\/www.persimmontravels.com\/wp-content\/uploads\/2020\/03\/BARRA-BLANCA.png 685w, https:\/\/www.persimmontravels.com\/wp-content\/uploads\/2020\/03\/BARRA-BLANCA-300x18.png 300w, https:\/\/www.persimmontravels.com\/wp-content\/uploads\/2020\/03\/BARRA-BLANCA-668x40.png 668w, https:\/\/www.persimmontravels.com\/wp-content\/uploads\/2020\/03\/BARRA-BLANCA-600x35.png 600w\" sizes=\"(max-width: 685px) 100vw, 685px\" \/><\/p>\n<p><img decoding=\"async\" loading=\"lazy\" class=\"alignnone size-full wp-image-4277\" src=\"https:\/\/www.persimmontravels.com\/wp-content\/uploads\/2020\/10\/ITINERARY-MENU-TOUR-1.png\" alt=\"\" width=\"685\" height=\"1713\" srcset=\"https:\/\/www.persimmontravels.com\/wp-content\/uploads\/2020\/10\/ITINERARY-MENU-TOUR-1.png 685w, https:\/\/www.persimmontravels.com\/wp-content\/uploads\/2020\/10\/ITINERARY-MENU-TOUR-1-120x300.png 120w, https:\/\/www.persimmontravels.com\/wp-content\/uploads\/2020\/10\/ITINERARY-MENU-TOUR-1-409x1024.png 409w, https:\/\/www.persimmontravels.com\/wp-content\/uploads\/2020\/10\/ITINERARY-MENU-TOUR-1-614x1536.png 614w, https:\/\/www.persimmontravels.com\/wp-content\/uploads\/2020\/10\/ITINERARY-MENU-TOUR-1-600x1500.png 600w\" sizes=\"(max-width: 685px) 100vw, 685px\" \/>[\/vc_column_text][\/vc_column][\/vc_row][vc_row][vc_column offset=\u00a0\u00bbvc_hidden-lg vc_hidden-md vc_hidden-sm\u00a0\u00bb][vc_single_image image=\u00a0\u00bb4298&Prime; img_size=\u00a0\u00bbfull\u00a0\u00bb css=\u00a0\u00bb.vc_custom_1620475745262{margin-right: -45px !important;margin-left: -45px !important;}\u00a0\u00bb][\/vc_column][\/vc_row][vc_row][vc_column offset=\u00a0\u00bbvc_hidden-lg vc_hidden-md vc_hidden-sm\u00a0\u00bb][vc_single_image image=\u00a0\u00bb4303&Prime; img_size=\u00a0\u00bbfull\u00a0\u00bb css=\u00a0\u00bb.vc_custom_1620476169123{margin-right: -45px !important;margin-left: -45px !important;}\u00a0\u00bb][\/vc_column][\/vc_row]<\/p>\n","protected":false},"excerpt":{"rendered":"<p><img decoding=\"async\" loading=\"lazy\" class=\"alignleft wp-image-2176 size-full\" src=\"https:\/\/www.persimmontravels.com\/wp-content\/uploads\/2020\/12\/menu-tour-seville-e1620138700295.png\" alt=\"menu tour sevilla\" width=\"325\" height=\"518\" \/><\/p>\n<p>Menu Tour Sevilla est un service dans lequel vous payez votre menu et vous profitez \u00e9galement d&rsquo;une excellente visite \u00e0 pied de l&rsquo;impressionnante ville de S\u00e9ville : s&rsquo;il est un endroit o\u00f9 marcher est un luxe gratuit, c&rsquo;est bien le centre monumental de S\u00e9ville.<br \/>\nNous vous proposons une promenade o\u00f9 vous verrez tous les \u00e9l\u00e9ments essentiels de la ville et bien plus encore, puisqu&rsquo;il n&rsquo;y a pas d&rsquo;arr\u00eats de vente et que vous profiterez au maximum de votre temps, que vous voyagiez en famille, en groupe d&rsquo;amis ou seul.<\/p>\n","protected":false},"featured_media":2177,"comment_status":"open","ping_status":"closed","template":"","meta":{"content-type":""},"product_cat":[228],"product_tag":[230],"_links":{"self":[{"href":"https:\/\/www.persimmontravels.com\/fr\/wp-json\/wp\/v2\/product\/1792"}],"collection":[{"href":"https:\/\/www.persimmontravels.com\/fr\/wp-json\/wp\/v2\/product"}],"about":[{"href":"https:\/\/www.persimmontravels.com\/fr\/wp-json\/wp\/v2\/types\/product"}],"replies":[{"embeddable":true,"href":"https:\/\/www.persimmontravels.com\/fr\/wp-json\/wp\/v2\/comments?post=1792"}],"wp:featuredmedia":[{"embeddable":true,"href":"https:\/\/www.persimmontravels.com\/fr\/wp-json\/wp\/v2\/media\/2177"}],"wp:attachment":[{"href":"https:\/\/www.persimmontravels.com\/fr\/wp-json\/wp\/v2\/media?parent=1792"}],"wp:term":[{"taxonomy":"product_cat","embeddable":true,"href":"https:\/\/www.persimmontravels.com\/fr\/wp-json\/wp\/v2\/product_cat?post=1792"},{"taxonomy":"product_tag","embeddable":true,"href":"https:\/\/www.persimmontravels.com\/fr\/wp-json\/wp\/v2\/product_tag?post=1792"}],"curies":[{"name":"wp","href":"https:\/\/api.w.org\/{rel}","templated":true}]}}