{"id":5609,"date":"2021-07-09T09:50:26","date_gmt":"2021-07-09T09:50:26","guid":{"rendered":"https:\/\/www.persimmontravels.com\/granada-tours\/"},"modified":"2024-02-26T15:27:22","modified_gmt":"2024-02-26T15:27:22","slug":"circuits-a-granada","status":"publish","type":"page","link":"https:\/\/www.persimmontravels.com\/fr\/circuits-a-granada\/","title":{"rendered":"Circuits \u00e0 Granada"},"content":{"rendered":"<p>[vc_row][vc_column]<div class=\"ult-spacer spacer-69ee0ee7b5523\" data-id=\"69ee0ee7b5523\" data-height=\"20\" data-height-mobile=\"20\" data-height-tab=\"20\" data-height-tab-portrait=\"\" data-height-mobile-landscape=\"\" style=\"clear:both;display:block;\"><\/div>[\/vc_column][\/vc_row][vc_row full_width=\u00a0\u00bbstretch_row\u00a0\u00bb][vc_column width=\u00a0\u00bb1\/3&Prime;]<div class=\"ult-new-ib ult-ib-effect-style1  ult-ib-resp  \" data-min-width=\"768\" data-max-width=\"900\" style=\"\" data-opacity=\"1\" data-hover-opacity=\"1\" ><img class=\"ult-new-ib-img\" style=\"opacity:1;\" alt=\"VISITE GUID\u00c9E EN FRAN\u00c7AIS granada alhambra \" src=\"https:\/\/www.persimmontravels.com\/wp-content\/uploads\/2024\/02\/Fra-Albaicin-1.png\"   \/><div id=\"interactive-banner-wrap-6847\" class=\"ult-new-ib-desc\" style=\"\"><h2 class=\"ult-new-ib-title ult-responsive\"  data-ultimate-target='#interactive-banner-wrap-6847 .ult-new-ib-title'  data-responsive-json-new='{\"font-size\":\"\",\"line-height\":\"\"}'  style=\"font-weight:normal;\"><\/h2><div class=\"ult-new-ib-content ult-responsive\"  data-ultimate-target='#interactive-banner-wrap-6847 .ult-new-ib-content'  data-responsive-json-new='{\"font-size\":\"\",\"line-height\":\"\"}'  style=\"font-weight:normal;\"><p>Plongez dans l'histoire et le charme de deux des quartiers les plus embl\u00e9matiques de Grenade : Albaicin et Sacromonte. Laissez-vous emporter dans un voyage inoubliable \u00e0 travers ses rues \u00e9troites, ses maisons blanches et ses vues \u00e0 couper le souffle.<\/p>\n<p>Explorez les recoins les plus secrets de l'Albaicin, un quartier aux si\u00e8cles d'histoire o\u00f9 vous pourrez respirer l'essence de la culture andalouse. Admirez la beaut\u00e9 de son carmen, de ses points de vue et de ses \u00e9glises, comme San Salvador ou San Nicolas, avec ses vues panoramiques sur l'Alhambra qui vous laisseront bouche b\u00e9e.<\/p>\n<p>Entrez dans le Sacromonte, le quartier gitan de Grenade, c\u00e9l\u00e8bre pour ses grottes et sa tradition flamenco.<\/p><\/div><\/div><a class=\"ult-new-ib-link\" href=\"https:\/\/krfoodssolucionesalimentariasslb91902213.rezdy.com\/518611\/visite-guid-e-albaicin-et-sacromonte-en-fran-ais?iframe=true\" rel=\"nofollow noopener\" target=\"_blank\"><\/iframe>\"  ><\/a><\/div>[\/vc_column][vc_column width=\u00a0\u00bb1\/3&Prime;]<div class=\"ult-new-ib ult-ib-effect-style2  ult-ib-resp  \" data-min-width=\"768\" data-max-width=\"900\" style=\"background:#ffd548;\" data-opacity=\"1\" data-hover-opacity=\"1\" ><img class=\"ult-new-ib-img\" style=\"opacity:1;\" alt=\"VISITE GUID\u00c9E EN FRAN\u00c7AIS ALHAMBRA\" src=\"https:\/\/www.persimmontravels.com\/wp-content\/uploads\/2024\/02\/Alhambra-y-Granada-fra.png\"   \/><div id=\"interactive-banner-wrap-8951\" class=\"ult-new-ib-desc\" style=\"\"><h1 class=\"ult-new-ib-title ult-responsive\"  data-ultimate-target='#interactive-banner-wrap-8951 .ult-new-ib-title'  data-responsive-json-new='{\"font-size\":\"\",\"line-height\":\"\"}'  style=\"font-family:&#039;Fjalla One&#039;;font-style:italic;font-weight:normal;color:#0a0a0a;\"><\/h1><div class=\"ult-new-ib-content ult-responsive\"  data-ultimate-target='#interactive-banner-wrap-8951 .ult-new-ib-content'  data-responsive-json-new='{\"font-size\":\"desktop:14px;tablet:12px;tablet_portrait:12px;mobile_landscape:12px;mobile:12px;\",\"line-height\":\"\"}'  style=\"font-family:&#039;Poppins&#039;;font-style:italic;font-weight:600;color:#000000;\"><p>Visitez l'Alhambra et le Generalife : un voyage inoubliable \u00e0 Grenade<br \/>\nD\u00e9couvrez la magie de l'Alhambra, un palais et une forteresse majestueux qui surplombe la ville de Grenade. Explorez ses jardins luxuriants, ses palais Nasrides et ses cours int\u00e9rieures, et admirez l'architecture islamique incroyable.<\/p>\n<p>Promenez-vous dans le Generalife, un ensemble de palais et de jardins qui servaient de r\u00e9sidence d'\u00e9t\u00e9 aux sultans nasrides. Admirez ses terrasses et ses bassins, et laissez-vous transporter par la beaut\u00e9 des paysages environnants.<\/p>\n<p>R\u00e9servez votre visite d\u00e8s maintenant et vivez une exp\u00e9rience inoubliable \u00e0 Grenade !<\/p><\/div><\/div><a class=\"ult-new-ib-link\" href=\"https:\/\/krfoodssolucionesalimentariasslb91902213.rezdy.com\/533537\/visite-guid-e-l-alhambra-en-fran-ais-standard-groupe?iframe=true\" rel=\"nofollow noopener\" target=\"_blank\"><\/iframe>\"  data-touch-delay=\"100\"><\/a><\/div>[\/vc_column][vc_column width=\u00a0\u00bb1\/3&Prime;]<div class=\"ult-new-ib ult-ib-effect-style1  ult-ib-resp  \" data-min-width=\"768\" data-max-width=\"900\" style=\"\" data-opacity=\"1\" data-hover-opacity=\"1\" ><img class=\"ult-new-ib-img\" style=\"opacity:1;\" alt=\"null\" src=\"https:\/\/www.persimmontravels.com\/wp-content\/uploads\/2024\/02\/Fra-Cthedral.png\"   \/><div id=\"interactive-banner-wrap-2242\" class=\"ult-new-ib-desc\" style=\"\"><h2 class=\"ult-new-ib-title ult-responsive\"  data-ultimate-target='#interactive-banner-wrap-2242 .ult-new-ib-title'  data-responsive-json-new='{\"font-size\":\"\",\"line-height\":\"\"}'  style=\"font-weight:normal;\"><\/h2><div class=\"ult-new-ib-content ult-responsive\"  data-ultimate-target='#interactive-banner-wrap-2242 .ult-new-ib-content'  data-responsive-json-new='{\"font-size\":\"\",\"line-height\":\"\"}'  style=\"font-weight:normal;\"><p>Laissez-vous s\u00e9duire par deux des monuments les plus impressionnants de Grenade : la cath\u00e9drale, chef-d'\u0153uvre de la Renaissance, et la chapelle royale, o\u00f9 reposent les monarques catholiques. Laissez-vous s\u00e9duire par son architecture, ses tr\u00e9sors artistiques et sa riche histoire.<\/p><\/div><\/div><a class=\"ult-new-ib-link\" href=\"https:\/\/krfoodssolucionesalimentariasslb91902213.rezdy.com\/518579\/visite-guid-e-de-la-cath-drale-et-de-la-chapelle-royale-en-fran-ais?iframe=true\" rel=\"nofollow noopener\" target=\"_blank\"><\/iframe>\"  ><\/a><\/div>[\/vc_column][\/vc_row][vc_row][vc_column]<div class=\"ult-spacer spacer-69ee0ee7b6109\" data-id=\"69ee0ee7b6109\" data-height=\"50\" data-height-mobile=\"50\" data-height-tab=\"50\" data-height-tab-portrait=\"\" data-height-mobile-landscape=\"\" style=\"clear:both;display:block;\"><\/div>[\/vc_column][\/vc_row]<\/p>\n","protected":false},"excerpt":{"rendered":"<p>[vc_row][vc_column][\/vc_column][\/vc_row][vc_row full_width=\u00a0\u00bbstretch_row\u00a0\u00bb][vc_column width=\u00a0\u00bb1\/3&Prime;][\/vc_column][vc_column width=\u00a0\u00bb1\/3&Prime;][\/vc_column][vc_column width=\u00a0\u00bb1\/3&Prime;][\/vc_column][\/vc_row][vc_row][vc_column][\/vc_column][\/vc_row]<\/p>\n","protected":false},"author":1,"featured_media":0,"parent":0,"menu_order":0,"comment_status":"closed","ping_status":"closed","template":"full-width-page.php","meta":{"content-type":""},"_links":{"self":[{"href":"https:\/\/www.persimmontravels.com\/fr\/wp-json\/wp\/v2\/pages\/5609"}],"collection":[{"href":"https:\/\/www.persimmontravels.com\/fr\/wp-json\/wp\/v2\/pages"}],"about":[{"href":"https:\/\/www.persimmontravels.com\/fr\/wp-json\/wp\/v2\/types\/page"}],"author":[{"embeddable":true,"href":"https:\/\/www.persimmontravels.com\/fr\/wp-json\/wp\/v2\/users\/1"}],"replies":[{"embeddable":true,"href":"https:\/\/www.persimmontravels.com\/fr\/wp-json\/wp\/v2\/comments?post=5609"}],"version-history":[{"count":8,"href":"https:\/\/www.persimmontravels.com\/fr\/wp-json\/wp\/v2\/pages\/5609\/revisions"}],"predecessor-version":[{"id":14086,"href":"https:\/\/www.persimmontravels.com\/fr\/wp-json\/wp\/v2\/pages\/5609\/revisions\/14086"}],"wp:attachment":[{"href":"https:\/\/www.persimmontravels.com\/fr\/wp-json\/wp\/v2\/media?parent=5609"}],"curies":[{"name":"wp","href":"https:\/\/api.w.org\/{rel}","templated":true}]}}