{"id":5604,"date":"2021-06-15T08:21:35","date_gmt":"2021-06-15T08:21:35","guid":{"rendered":"https:\/\/www.persimmontravels.com\/cordoba-tours\/"},"modified":"2021-07-17T12:31:25","modified_gmt":"2021-07-17T12:31:25","slug":"circuits-a-cordoba","status":"publish","type":"page","link":"https:\/\/www.persimmontravels.com\/fr\/circuits-a-cordoba\/","title":{"rendered":"Circuits \u00e0 Cordoba"},"content":{"rendered":"<p>[vc_row][vc_column]<div class=\"ult-spacer spacer-69ef72792ccb2\" data-id=\"69ef72792ccb2\" data-height=\"20\" data-height-mobile=\"20\" data-height-tab=\"20\" data-height-tab-portrait=\"\" data-height-mobile-landscape=\"\" style=\"clear:both;display:block;\"><\/div>[\/vc_column][\/vc_row][vc_row full_width=\u00a0\u00bbstretch_row\u00a0\u00bb][vc_column width=\u00a0\u00bb1\/3&Prime;]<div class=\"ult-new-ib ult-ib-effect-style10  ult-ib-resp   vc_custom_1626093573488\" data-min-width=\"768\" data-max-width=\"900\" style=\"background:#ffd548;\" data-opacity=\"1\" data-hover-opacity=\"0.1\" ><img class=\"ult-new-ib-img\" style=\"opacity:1;\" alt=\"null\" src=\"https:\/\/www.persimmontravels.com\/wp-content\/uploads\/2021\/06\/Guided-Tour-Mosque-Cathedral-of-Cordoba-4.gif\"   \/><div id=\"interactive-banner-wrap-1933\" class=\"ult-new-ib-desc\" style=\"\"><h1 class=\"ult-new-ib-title ult-responsive\"  data-ultimate-target='#interactive-banner-wrap-1933 .ult-new-ib-title'  data-responsive-json-new='{\"font-size\":\"\",\"line-height\":\"\"}'  style=\"font-family:&#039;Fjalla One&#039;;font-style:italic;font-weight:normal;color:#000000;\"><\/h1><div class=\"ult-new-ib-content ult-responsive\"  data-ultimate-target='#interactive-banner-wrap-1933 .ult-new-ib-content'  data-responsive-json-new='{\"font-size\":\"desktop:14px;tablet:12px;tablet_portrait:12px;mobile_landscape:12px;mobile:12px;\",\"line-height\":\"\"}'  style=\"font-family:&#039;Poppins&#039;;font-style:italic;font-weight:600;color:#000000;\"><p>Rejoignez-nous pour la visite guid\u00e9e standard la plus compl\u00e8te de la mosqu\u00e9e-cath\u00e9drale. D'une dur\u00e9e approximative d'une heure et demie, vous d\u00e9couvrirez tous les secrets que cache le plus grand tr\u00e9sor d'Al-Andalus. Toujours dirig\u00e9 par un historien, dans cette visite, vous d\u00e9couvrirez un b\u00e2timent unique au monde, d\u00e9clar\u00e9 site du Patrimoine Mondial.<\/p>\n<h1 style=``font-family:'Poppins';font-weight:700;color:#ffffff;text-align:right;``>\u00c1 PARTIR DE<\/h1>\n<h1 style=``font-family:'poppins';font-weight:700;color:#BA3B28;text-align:right;``>13\u20ac<\/h1>\n<p><\/p><\/div><\/div><a class=\"ult-new-ib-link\" href=\"https:\/\/fareharbor.com\/embeds\/book\/artencordoba\/?sheet=343107&asn=persimmontravels&asn-ref=Persimmon%20Travels&full-items=yes&back=https:\/\/www.persimmontravels.com\/&flow=351130\"  data-touch-delay=\"100\"><\/a><\/div>[\/vc_column][vc_column width=\u00a0\u00bb1\/3&Prime;]<div class=\"ult-new-ib ult-ib-effect-style10  ult-ib-resp  \" data-min-width=\"768\" data-max-width=\"900\" style=\"background:#ffd548;\" data-opacity=\"1\" data-hover-opacity=\"0.1\" ><img class=\"ult-new-ib-img\" style=\"opacity:1;\" alt=\"null\" src=\"https:\/\/www.persimmontravels.com\/wp-content\/uploads\/2021\/06\/Guided-Tour-Mosque-Cathedral-of-Cordoba-5.gif\"   \/><div id=\"interactive-banner-wrap-5293\" class=\"ult-new-ib-desc\" style=\"\"><h1 class=\"ult-new-ib-title ult-responsive\"  data-ultimate-target='#interactive-banner-wrap-5293 .ult-new-ib-title'  data-responsive-json-new='{\"font-size\":\"\",\"line-height\":\"\"}'  style=\"font-family:&#039;Fjalla One&#039;;font-style:italic;font-weight:normal;color:#0a0a0a;\"><\/h1><div class=\"ult-new-ib-content ult-responsive\"  data-ultimate-target='#interactive-banner-wrap-5293 .ult-new-ib-content'  data-responsive-json-new='{\"font-size\":\"desktop:14px;tablet:12px;tablet_portrait:12px;mobile_landscape:12px;mobile:12px;\",\"line-height\":\"\"}'  style=\"font-family:&#039;Poppins&#039;;font-style:italic;font-weight:600;color:#000000;\"><p>La visite guid\u00e9e de la Mosqu\u00e9e de Cordoba et du quartier juif est une option id\u00e9ale pour ceux qui souhaitent visiter l'essentiel. En 2 heures et quart environ, vous d\u00e9couvrirez plusieurs des monuments les plus repr\u00e9sentatifs de la ville. Toujours dirig\u00e9 par un historien, dans cette visite, vous d\u00e9couvrirez un b\u00e2timent unique au monde, d\u00e9clar\u00e9 site du Patrimoine Mondial.<\/p>\n<h1 style=``font-family:'Poppins';font-weight:700;color:#ffffff;text-align:right;``>\u00c0 PARTIR DE<\/h1>\n<h1 style=``font-family:'poppins';font-weight:700;color:#BA3B28;text-align:right;``>17\u20ac<\/h1>\n<p><\/p><\/div><\/div><a class=\"ult-new-ib-link\" href=\"https:\/\/fareharbor.com\/embeds\/book\/artencordoba\/?sheet=343107&asn=persimmontravels&asn-ref=Persimmon%20Travels&full-items=yes&back=https:\/\/www.persimmontravels.com\/&flow=351130\"  data-touch-delay=\"100\"><\/a><\/div>[\/vc_column][vc_column width=\u00a0\u00bb1\/3&Prime;]<div class=\"ult-new-ib ult-ib-effect-style10  ult-ib-resp  \" data-min-width=\"768\" data-max-width=\"900\" style=\"background:#ffd548;\" data-opacity=\"1\" data-hover-opacity=\"0.1\" ><img class=\"ult-new-ib-img\" style=\"opacity:1;\" alt=\"null\" src=\"https:\/\/www.persimmontravels.com\/wp-content\/uploads\/2021\/06\/Guided-Tour-Mosque-Cathedral-of-Cordoba-6.gif\"   \/><div id=\"interactive-banner-wrap-4688\" class=\"ult-new-ib-desc\" style=\"\"><h1 class=\"ult-new-ib-title ult-responsive\"  data-ultimate-target='#interactive-banner-wrap-4688 .ult-new-ib-title'  data-responsive-json-new='{\"font-size\":\"\",\"line-height\":\"\"}'  style=\"font-family:&#039;Fjalla One&#039;;font-style:italic;font-weight:normal;\"><\/h1><div class=\"ult-new-ib-content ult-responsive\"  data-ultimate-target='#interactive-banner-wrap-4688 .ult-new-ib-content'  data-responsive-json-new='{\"font-size\":\"desktop:14px;tablet:12px;tablet_portrait:12px;mobile_landscape:12px;mobile:12px;\",\"line-height\":\"\"}'  style=\"font-family:&#039;Poppins&#039;;font-style:italic;font-weight:600;color:#000000;\"><p>Si vous voulez conna\u00eetre Cordoba en d\u00e9tail, faites une visite guid\u00e9e compl\u00e8te et de qualit\u00e9, o\u00f9 la rigueur historique est le d\u00e9nominateur commun, \u00e0 la fois agr\u00e9able et amusant, Cordoba en profondeur est notre recommandation. Toujours dirig\u00e9 par un historien, dans cette visite compl\u00e8te, vous d\u00e9couvrirez plusieurs des monuments les plus repr\u00e9sentatifs de l'histoire de Cordoba.<\/p>\n<h1 style=``font-family:'Poppins';font-weight:700;color:#ffffff;text-align:right;``>\u00c1 PARTIR DE<\/h1>\n<h1 style=``font-family:'poppins';font-weight:700;color:#BA3B28;text-align:right;``>40\u20ac<\/h1>\n<p><\/p><\/div><\/div><a class=\"ult-new-ib-link\" href=\"https:\/\/fareharbor.com\/embeds\/book\/artencordoba\/?sheet=343107&asn=persimmontravels&asn-ref=Persimmon%20Travels&full-items=yes&back=https:\/\/www.persimmontravels.com\/&flow=351130\"  data-touch-delay=\"100\"><\/a><\/div>[\/vc_column][\/vc_row][vc_row][vc_column]<div class=\"ult-spacer spacer-69ef727932794\" data-id=\"69ef727932794\" data-height=\"50\" data-height-mobile=\"50\" data-height-tab=\"50\" data-height-tab-portrait=\"\" data-height-mobile-landscape=\"\" style=\"clear:both;display:block;\"><\/div>[\/vc_column][\/vc_row]<\/p>\n","protected":false},"excerpt":{"rendered":"<p>[vc_row][vc_column][\/vc_column][\/vc_row][vc_row full_width=\u00a0\u00bbstretch_row\u00a0\u00bb][vc_column width=\u00a0\u00bb1\/3&Prime;][\/vc_column][vc_column width=\u00a0\u00bb1\/3&Prime;][\/vc_column][vc_column width=\u00a0\u00bb1\/3&Prime;][\/vc_column][\/vc_row][vc_row][vc_column][\/vc_column][\/vc_row]<\/p>\n","protected":false},"author":1,"featured_media":0,"parent":0,"menu_order":0,"comment_status":"closed","ping_status":"closed","template":"full-width-page.php","meta":{"content-type":""},"_links":{"self":[{"href":"https:\/\/www.persimmontravels.com\/fr\/wp-json\/wp\/v2\/pages\/5604"}],"collection":[{"href":"https:\/\/www.persimmontravels.com\/fr\/wp-json\/wp\/v2\/pages"}],"about":[{"href":"https:\/\/www.persimmontravels.com\/fr\/wp-json\/wp\/v2\/types\/page"}],"author":[{"embeddable":true,"href":"https:\/\/www.persimmontravels.com\/fr\/wp-json\/wp\/v2\/users\/1"}],"replies":[{"embeddable":true,"href":"https:\/\/www.persimmontravels.com\/fr\/wp-json\/wp\/v2\/comments?post=5604"}],"version-history":[{"count":4,"href":"https:\/\/www.persimmontravels.com\/fr\/wp-json\/wp\/v2\/pages\/5604\/revisions"}],"predecessor-version":[{"id":5668,"href":"https:\/\/www.persimmontravels.com\/fr\/wp-json\/wp\/v2\/pages\/5604\/revisions\/5668"}],"wp:attachment":[{"href":"https:\/\/www.persimmontravels.com\/fr\/wp-json\/wp\/v2\/media?parent=5604"}],"curies":[{"name":"wp","href":"https:\/\/api.w.org\/{rel}","templated":true}]}}