{"id":5601,"date":"2021-07-12T11:24:58","date_gmt":"2021-07-12T11:24:58","guid":{"rendered":"https:\/\/www.persimmontravels.com\/circuits-a-seville\/"},"modified":"2024-02-28T16:06:09","modified_gmt":"2024-02-28T16:06:09","slug":"circuits-a-seville","status":"publish","type":"page","link":"https:\/\/www.persimmontravels.com\/fr\/circuits-a-seville\/","title":{"rendered":"Circuits \u00e0 S\u00e9ville"},"content":{"rendered":"<p>[vc_row full_width=\u00a0\u00bbstretch_row\u00a0\u00bb][vc_column width=\u00a0\u00bb1\/3&Prime;]<div class=\"ult-spacer spacer-69ef3aa4f3131\" data-id=\"69ef3aa4f3131\" data-height=\"20\" data-height-mobile=\"20\" data-height-tab=\"20\" data-height-tab-portrait=\"\" data-height-mobile-landscape=\"\" style=\"clear:both;display:block;\"><\/div><div class=\"ult-new-ib ult-ib-effect-style10  ult-ib-resp   vc_custom_1709136016576\" data-min-width=\"768\" data-max-width=\"900\" style=\"background:#ffd548;\" data-opacity=\"1\" data-hover-opacity=\"0.1\" ><img class=\"ult-new-ib-img\" style=\"opacity:1;\" alt=\"flamenco\" src=\"https:\/\/www.persimmontravels.com\/wp-content\/uploads\/2021\/10\/TOURS-SEVILLA-1.gif\"   \/><div id=\"interactive-banner-wrap-2998\" class=\"ult-new-ib-desc\" style=\"\"><h1 class=\"ult-new-ib-title ult-responsive\"  data-ultimate-target='#interactive-banner-wrap-2998 .ult-new-ib-title'  data-responsive-json-new='{\"font-size\":\"\",\"line-height\":\"\"}'  style=\"font-family:&#039;Fjalla One&#039;;font-style:italic;font-weight:normal;color:#000000;\"><\/h1><div class=\"ult-new-ib-content ult-responsive\"  data-ultimate-target='#interactive-banner-wrap-2998 .ult-new-ib-content'  data-responsive-json-new='{\"font-size\":\"desktop:14px;tablet:12px;tablet_portrait:12px;mobile_landscape:12px;mobile:12px;\",\"line-height\":\"\"}'  style=\"font-family:&#039;Poppins&#039;;font-style:italic;font-weight:600;color:#000000;\"><p>Apprenez \u00e0 conna\u00eetre le quartier le plus populaire de S\u00e9ville! \u00c0 Triana, nous vous offrons l\u2019incroyable opportunit\u00e9 de comprendre en profondeur cette partie de la culture espagnole d\u2019o\u00f9 est n\u00e9 l\u2019authentique flamenco! Ses rues, ses habitants, sa culture ! Profitez de cette visite captivante avec Persimmon Travel et Pura Esencia Flamenco!<\/p><\/div><\/div><a class=\"ult-new-ib-link\" href=\"https:\/\/puraesenciaflamenco.com\/fr\/billets-en-ligne\/\" target=\"_blank\" rel=\"noopener nofollow\" data-touch-delay=\"100\"><\/a><\/div>[\/vc_column][vc_column width=\u00a0\u00bb1\/3&Prime;][vc_row_inner][vc_column_inner]<div class=\"ult-spacer spacer-69ef3aa4f3684\" data-id=\"69ef3aa4f3684\" data-height=\"20\" data-height-mobile=\"20\" data-height-tab=\"20\" data-height-tab-portrait=\"\" data-height-mobile-landscape=\"\" style=\"clear:both;display:block;\"><\/div><div class=\"ult-new-ib ult-ib-effect-style10  ult-ib-resp  \" data-min-width=\"768\" data-max-width=\"\" style=\"background:#ffd548;\" data-opacity=\"1\" data-hover-opacity=\"0.1\" ><img class=\"ult-new-ib-img\" style=\"opacity:1;\" alt=\"null\" src=\"https:\/\/www.persimmontravels.com\/wp-content\/uploads\/2021\/10\/SMALL-3-ELEMENTS-PAGE.gif\"   \/><div id=\"interactive-banner-wrap-1129\" class=\"ult-new-ib-desc\" style=\"\"><h1 class=\"ult-new-ib-title ult-responsive\"  data-ultimate-target='#interactive-banner-wrap-1129 .ult-new-ib-title'  data-responsive-json-new='{\"font-size\":\"\",\"line-height\":\"\"}'  style=\"font-family:&#039;Fjalla One&#039;;font-style:italic;font-weight:normal;\"><\/h1><div class=\"ult-new-ib-content ult-responsive\"  data-ultimate-target='#interactive-banner-wrap-1129 .ult-new-ib-content'  data-responsive-json-new='{\"font-size\":\"desktop:14px;tablet:12px;tablet_portrait:12px;mobile_landscape:12px;mobile:12px;\",\"line-height\":\"\"}'  style=\"font-family:&#039;Poppins&#039;;font-style:italic;font-weight:600;color:#000000;\"><p>Profitez du plus ancien palais actif d\u2019Europe! D\u00e9couvrez les lieux cach\u00e9s et les l\u00e9gendes les plus int\u00e9ressantes que cet immense complexe architectural a \u00e0 offrir!<\/p><\/div><\/div><a class=\"ult-new-ib-link\" href=\"https:\/\/krfoodssolucionesalimentariasslb91902213.rezdy.com\/542858\/visite-guid-e-l-alcazar-de-s-ville-en-fran-ais?iframe=true\" rel=\"nofollow noopener\" target=\"_blank\"><\/iframe>\" target=\"_blank\" rel=\"nofollow noopener\"  data-touch-delay=\"100\"><\/a><\/div>[\/vc_column_inner][\/vc_row_inner][vc_row_inner][vc_column_inner css=\u00a0\u00bb.vc_custom_1634402500307{margin-top: -30px !important;}\u00a0\u00bb]<div class=\"ult-new-ib ult-ib-effect-style10  ult-ib-resp  \" data-min-width=\"768\" data-max-width=\"900\" style=\"background:#ffd548;\" data-opacity=\"1\" data-hover-opacity=\"0.1\" ><img class=\"ult-new-ib-img\" style=\"opacity:1;\" alt=\"null\" src=\"https:\/\/www.persimmontravels.com\/wp-content\/uploads\/2021\/10\/SMALL-3-ELEMENTS-PAGE-1.gif\"   \/><div id=\"interactive-banner-wrap-2497\" class=\"ult-new-ib-desc\" style=\"\"><h1 class=\"ult-new-ib-title ult-responsive\"  data-ultimate-target='#interactive-banner-wrap-2497 .ult-new-ib-title'  data-responsive-json-new='{\"font-size\":\"\",\"line-height\":\"\"}'  style=\"font-family:&#039;Fjalla One&#039;;font-style:italic;font-weight:normal;\"><\/h1><div class=\"ult-new-ib-content ult-responsive\"  data-ultimate-target='#interactive-banner-wrap-2497 .ult-new-ib-content'  data-responsive-json-new='{\"font-size\":\"desktop:14px;tablet:12px;tablet_portrait:12px;mobile_landscape:12px;mobile:12px;\",\"line-height\":\"\"}'  style=\"font-family:&#039;Poppins&#039;;font-style:italic;font-weight:600;color:#000000;\"><p>La cath\u00e9drale de S\u00e9ville, construite au XVe si\u00e8cle sur une mosqu\u00e9e du XIIe si\u00e8cle, est l\u2019une des plus grandes et des plus impressionnantes \u00e9glises du monde. Lors de cette visite guid\u00e9e d\u2019une heure et demie, vous d\u00e9couvrirez son spectaculaire retable dor\u00e9 et la vaste collection d\u2019art.<\/p>\n<p>La pi\u00e8ce la plus importante du complexe de la cath\u00e9drale de S\u00e9ville est le c\u00e9l\u00e8bre clocher de la Giralda. La tour, qui atteint une hauteur de 98 m\u00e8tres, a \u00e9t\u00e9 construite comme un minaret \u00e0 la fin du XIIe si\u00e8cle. D\u00e9couvrez les origines du complexe comme une mosqu\u00e9e arabe et en voyez d\u2019autres dans la cour des ablutions.<\/p>\n<p>Explorez la collection d\u2019\u0153uvres d\u2019art importantes repr\u00e9sentant plusieurs si\u00e8cles et d\u00e9corez les 44 chapelles de la cath\u00e9drale et la partie centrale de la nef.<\/p>\n<p>\u00c0 la fin de la visite, dites au revoir au guide et montez au sommet de la Giralda pour profiter de la vue magnifique sur la ville.<\/p><\/div><\/div><a class=\"ult-new-ib-link\" href=\"https:\/\/krfoodssolucionesalimentariasslb91902213.rezdy.com\/542881\/visite-guid-e-de-la-cath-drale-de-s-ville-en-fran-ais?iframe=true\" rel=\"nofollow noopener\" target=\"_blank\"><\/iframe>\" target=\"_blank\" rel=\"nofollow noopener\"  data-touch-delay=\"100\"><\/a><\/div>[\/vc_column_inner][\/vc_row_inner][\/vc_column][\/vc_row]<\/p>\n","protected":false},"excerpt":{"rendered":"<p>[vc_row full_width=\u00a0\u00bbstretch_row\u00a0\u00bb][vc_column width=\u00a0\u00bb1\/3&Prime;][\/vc_column][vc_column width=\u00a0\u00bb1\/3&Prime;][vc_row_inner][vc_column_inner][\/vc_column_inner][\/vc_row_inner][vc_row_inner][vc_column_inner css=\u00a0\u00bb.vc_custom_1634402500307{margin-top: -30px !important;}\u00a0\u00bb][\/vc_column_inner][\/vc_row_inner][\/vc_column][\/vc_row]<\/p>\n","protected":false},"author":1,"featured_media":0,"parent":0,"menu_order":0,"comment_status":"closed","ping_status":"closed","template":"full-width-page.php","meta":{"content-type":""},"_links":{"self":[{"href":"https:\/\/www.persimmontravels.com\/fr\/wp-json\/wp\/v2\/pages\/5601"}],"collection":[{"href":"https:\/\/www.persimmontravels.com\/fr\/wp-json\/wp\/v2\/pages"}],"about":[{"href":"https:\/\/www.persimmontravels.com\/fr\/wp-json\/wp\/v2\/types\/page"}],"author":[{"embeddable":true,"href":"https:\/\/www.persimmontravels.com\/fr\/wp-json\/wp\/v2\/users\/1"}],"replies":[{"embeddable":true,"href":"https:\/\/www.persimmontravels.com\/fr\/wp-json\/wp\/v2\/comments?post=5601"}],"version-history":[{"count":13,"href":"https:\/\/www.persimmontravels.com\/fr\/wp-json\/wp\/v2\/pages\/5601\/revisions"}],"predecessor-version":[{"id":14229,"href":"https:\/\/www.persimmontravels.com\/fr\/wp-json\/wp\/v2\/pages\/5601\/revisions\/14229"}],"wp:attachment":[{"href":"https:\/\/www.persimmontravels.com\/fr\/wp-json\/wp\/v2\/media?parent=5601"}],"curies":[{"name":"wp","href":"https:\/\/api.w.org\/{rel}","templated":true}]}}