{"id":1830,"date":"2020-10-26T14:43:19","date_gmt":"2020-10-26T14:43:19","guid":{"rendered":"https:\/\/www.persimmontravels.com\/merci\/"},"modified":"2020-10-26T14:43:21","modified_gmt":"2020-10-26T14:43:21","slug":"merci","status":"publish","type":"page","link":"https:\/\/www.persimmontravels.com\/fr\/merci\/","title":{"rendered":"Merci!"},"content":{"rendered":"<p>[vc_row full_width=\u00a0\u00bbstretch_row\u00a0\u00bb][vc_column][vc_empty_space height=\u00a0\u00bb52px\u00a0\u00bb][vc_column_text]\r\n<h3 style=\"text-align: center;\">Nous avons re\u00e7u votre rendez-vous de r\u00e9servation. Nous vous contactons bient\u00f4t pour vous donner plus d\u2019informations et vous guider pour faire le paiement.<\/h3>\r\n<!-- \/wp:paragraph -->\r\n<p style=\"text-align: center;\">Retour<\/p>\r\n<!-- \/wp:paragraph -->\r\n\r\n<!-- wp:spacer --><!-- \/wp:spacer -->[\/vc_column_text][vc_empty_space height=\u00a0\u00bb52px\u00a0\u00bb][\/vc_column][\/vc_row]<\/p>","protected":false},"excerpt":{"rendered":"<p>[vc_row full_width=\u00a0\u00bbstretch_row\u00a0\u00bb][vc_column][vc_empty_space height=\u00a0\u00bb52px\u00a0\u00bb][vc_column_text] Nous avons re\u00e7u votre rendez-vous de r\u00e9servation.<\/p>\n","protected":false},"author":1,"featured_media":0,"parent":0,"menu_order":0,"comment_status":"closed","ping_status":"open","template":"full-width-page.php","meta":{"content-type":""},"_links":{"self":[{"href":"https:\/\/www.persimmontravels.com\/fr\/wp-json\/wp\/v2\/pages\/1830"}],"collection":[{"href":"https:\/\/www.persimmontravels.com\/fr\/wp-json\/wp\/v2\/pages"}],"about":[{"href":"https:\/\/www.persimmontravels.com\/fr\/wp-json\/wp\/v2\/types\/page"}],"author":[{"embeddable":true,"href":"https:\/\/www.persimmontravels.com\/fr\/wp-json\/wp\/v2\/users\/1"}],"replies":[{"embeddable":true,"href":"https:\/\/www.persimmontravels.com\/fr\/wp-json\/wp\/v2\/comments?post=1830"}],"version-history":[{"count":4,"href":"https:\/\/www.persimmontravels.com\/fr\/wp-json\/wp\/v2\/pages\/1830\/revisions"}],"predecessor-version":[{"id":1834,"href":"https:\/\/www.persimmontravels.com\/fr\/wp-json\/wp\/v2\/pages\/1830\/revisions\/1834"}],"wp:attachment":[{"href":"https:\/\/www.persimmontravels.com\/fr\/wp-json\/wp\/v2\/media?parent=1830"}],"curies":[{"name":"wp","href":"https:\/\/api.w.org\/{rel}","templated":true}]}}