{"id":875,"date":"2020-03-12T17:37:30","date_gmt":"2020-03-12T17:37:30","guid":{"rendered":"https:\/\/www.persimmontravels.com\/product\/visita-a-monumentos-en-sevilla\/"},"modified":"2022-10-20T11:25:48","modified_gmt":"2022-10-20T11:25:48","slug":"visita-a-monumentos-en-sevilla","status":"publish","type":"product","link":"https:\/\/www.persimmontravels.com\/es\/producto\/visita-a-monumentos-en-sevilla\/","title":{"rendered":"Tour Monumental de Sevilla(Alc\u00e1zar  y la Catedral-Giralda)"},"content":{"rendered":"<p>[vc_row][vc_column][vc_custom_heading text=\u00bbHorarios\u00bb use_theme_fonts=\u00bbyes\u00bb][\/vc_column][\/vc_row][vc_row][vc_column][vc_column_text]<\/p>\n<p lang=\"en-GB\">Puede visitar ambos monumentos por separado o combinar ambas visitas, y programar su visita en dos d\u00edas. Las visitas a los monumentos se ofrecen por grupos separados en tres idiomas distintos, ingl\u00e9s, franc\u00e9s y espa\u00f1ol<\/p>\n<p>[\/vc_column_text][\/vc_column][\/vc_row][vc_row][vc_column width=\u00bb1\/2&#8243;][vc_column_text]<\/p>\n<h4>Lunes &#8211; S\u00e1bado (excepto festivos)<\/h4>\n<p>&nbsp;<\/p>\n<p>CATEDRAL <span style=\"font-family: Segoe UI Emoji, sans-serif;\"><span lang=\"en-GB\">\ud83c\uddea\ud83c\uddf8<\/span><\/span> 11.30 h<\/p>\n<p>CATEDRAL <span style=\"font-family: Segoe UI Emoji, sans-serif;\"><span lang=\"en-GB\">\ud83c\uddec\ud83c\udde7<\/span><\/span> 11.30 h<\/p>\n<p>CATEDRAL <span style=\"font-family: Segoe UI Emoji, sans-serif;\"><span lang=\"en-GB\">\ud83c\uddea\ud83c\uddf8<\/span><\/span> 13.30 h<\/p>\n<p>CATEDRAL <span style=\"font-family: Segoe UI Emoji, sans-serif;\"><span lang=\"en-GB\">\ud83c\uddec\ud83c\udde7<\/span><\/span> 13.30 h<\/p>\n<p>CATEDRAL <span style=\"font-family: Segoe UI Emoji, sans-serif;\"><span lang=\"en-GB\">\ud83c\uddeb\ud83c\uddf7<\/span><\/span> 13.30 h<\/p>\n<p>ALC\u00c1ZAR <span style=\"font-family: Segoe UI Emoji, sans-serif;\"><span lang=\"en-GB\">\ud83c\uddea\ud83c\uddf8<\/span><\/span> 15.15 h<\/p>\n<p>ALC\u00c1ZAR <span style=\"font-family: Segoe UI Emoji, sans-serif;\"><span lang=\"en-GB\">\ud83c\uddec\ud83c\udde7<\/span><\/span> 15.15 h<\/p>\n<p>ALCAZAR <span style=\"font-family: Segoe UI Emoji, sans-serif;\"><span lang=\"en-GB\">\ud83c\uddeb\ud83c\uddf7<\/span><\/span> 15.15 h[\/vc_column_text][\/vc_column][vc_column width=\u00bb1\/2&#8243;][vc_column_text]<\/p>\n<h4 lang=\"en-GB\">Domingos y del D\u00eda Religioso<\/h4>\n<p>&nbsp;<\/p>\n<p>ALC\u00c1ZAR <span style=\"font-family: Segoe UI Emoji, sans-serif;\">\ud83c\uddea\ud83c\uddf8<\/span> 13.30 h<\/p>\n<p>ALC\u00c1ZAR <span style=\"font-family: Segoe UI Emoji, sans-serif;\">\ud83c\uddec\ud83c\udde7<\/span> 13.30 h<\/p>\n<p>ALCAZAR <span style=\"font-family: Segoe UI Emoji, sans-serif;\">\ud83c\uddeb\ud83c\uddf7<\/span> 13.30 h<\/p>\n<p>CATEDRAL <span style=\"font-family: Segoe UI Emoji, sans-serif;\">\ud83c\uddea\ud83c\uddf8<\/span> 16.00 h<\/p>\n<p>CATEDRAL <span style=\"font-family: Segoe UI Emoji, sans-serif;\">\ud83c\uddec\ud83c\udde7<\/span> 16.00 h<\/p>\n<p>CATEDRAL <span style=\"font-family: Segoe UI Emoji, sans-serif;\">\ud83c\uddeb\ud83c\uddf7<\/span> 16.00:h[\/vc_column_text][\/vc_column][\/vc_row][vc_row][vc_column][vc_custom_heading text=\u00bbPrecios\u00bb font_container=\u00bbtag:h3|text_align:left\u00bb use_theme_fonts=\u00bbyes\u00bb][vc_custom_heading text=\u00bbLas entradas a los monumentos est\u00e1n incluidas\u00bb font_container=\u00bbtag:h4|text_align:left\u00bb use_theme_fonts=\u00bbyes\u00bb][vc_empty_space][\/vc_column][\/vc_row][vc_row][vc_column width=\u00bb1\/2&#8243;][vc_column_text]<\/p>\n<h5><b>COMBO ALCAZAR-CATEDRAL<\/b><\/h5>\n<p>&nbsp;<\/p>\n<p>Adultos: 51\u20ac<\/p>\n<p>Estudiante (hasta 25 a\u00f1os y carnet de estudiante):36\u20ac<\/p>\n<p lang=\"en-GB\">Senior (mayor de 65 DNI o pasaporte): 36\u20ac<\/p>\n<p>NI\u00d1OS (hasta 14\u00a0 years): 2\u20ac[\/vc_column_text][\/vc_column][\/vc_row][vc_row][vc_column][vc_single_image image=\u00bb515&#8243;][\/vc_column][\/vc_row][vc_row][vc_column][vc_single_image image=\u00bb319&#8243;][\/vc_column][\/vc_row]<\/p>\n","protected":false},"excerpt":{"rendered":"<p>\u00a1Ambos monumentos han sido declarados Patrimonio de la Humanidad por la Unesco desde 1987. \u00a1<b>Los Palacios Reales (Alc\u00e1zares)<\/b>\u00a0han sido la residencia de diferentes reyes musulmanes y cristianos durante siglos y ahora constituyen una visita obligada en su estancia en Sevilla, donde se puede distinguir la belleza de los palacios de diferentes estilos, almohade y almor\u00e1vide, mud\u00e9jar, g\u00f3tico, renacentista y moderno. La visita guiada en diferentes idiomas y peque\u00f1os grupos le ofrecer\u00e1 en detalle las diferentes historias y leyendas que sucedieron all\u00ed. No se pierda la oportunidad de dar un paseo por los Jardines Reales, escena de series y pel\u00edculas inolvidables.<br \/>\nLa Catedral de Sevilla, antigua Mezquita Mayor, con su espectacular campanario, \u00abla Giralda\u00bb, es el s\u00edmbolo de la ciudad. Es la catedral g\u00f3tica m\u00e1s grande del mundo y dentro de ella contiene un aut\u00e9ntico museo lleno de tesoros y obras de arte de pintores como Murillo y Zurbar\u00e1n. Adem\u00e1s de conocer la tumba de Crist\u00f3bal Col\u00f3n, se puede subir al campanario y observar las impresionantes vistas de la ciudad<\/p>\n","protected":false},"featured_media":821,"comment_status":"open","ping_status":"closed","template":"","meta":{"content-type":""},"product_cat":[172,156,100],"product_tag":[175,174,176,173,122,154],"_links":{"self":[{"href":"https:\/\/www.persimmontravels.com\/es\/wp-json\/wp\/v2\/product\/875"}],"collection":[{"href":"https:\/\/www.persimmontravels.com\/es\/wp-json\/wp\/v2\/product"}],"about":[{"href":"https:\/\/www.persimmontravels.com\/es\/wp-json\/wp\/v2\/types\/product"}],"replies":[{"embeddable":true,"href":"https:\/\/www.persimmontravels.com\/es\/wp-json\/wp\/v2\/comments?post=875"}],"wp:featuredmedia":[{"embeddable":true,"href":"https:\/\/www.persimmontravels.com\/es\/wp-json\/wp\/v2\/media\/821"}],"wp:attachment":[{"href":"https:\/\/www.persimmontravels.com\/es\/wp-json\/wp\/v2\/media?parent=875"}],"wp:term":[{"taxonomy":"product_cat","embeddable":true,"href":"https:\/\/www.persimmontravels.com\/es\/wp-json\/wp\/v2\/product_cat?post=875"},{"taxonomy":"product_tag","embeddable":true,"href":"https:\/\/www.persimmontravels.com\/es\/wp-json\/wp\/v2\/product_tag?post=875"}],"curies":[{"name":"wp","href":"https:\/\/api.w.org\/{rel}","templated":true}]}}