{"id":873,"date":"2020-03-12T17:46:27","date_gmt":"2020-03-12T17:46:27","guid":{"rendered":"https:\/\/www.persimmontravels.com\/product\/boat-trip-sevilla\/"},"modified":"2020-07-07T15:38:54","modified_gmt":"2020-07-07T15:38:54","slug":"boat-trip-sevilla","status":"publish","type":"product","link":"https:\/\/www.persimmontravels.com\/es\/producto\/boat-trip-sevilla\/","title":{"rendered":"Paseo en Barco Ecol\u00f3gico por el Guadalquivir"},"content":{"rendered":"<p>[vc_row][vc_column][vc_custom_heading text=\u00bbSalidas\u00bb font_container=\u00bbtag:h3|text_align:left\u00bb use_theme_fonts=\u00bbyes\u00bb][vc_empty_space height=\u00bb12px\u00bb][vc_column_text]<\/p>\n<p lang=\"en-GB\">Salidas cada hora de 11:00 a 19:00<\/p>\n<p>[\/vc_column_text][vc_empty_space][vc_custom_heading text=\u00bbPrices\u00bb font_container=\u00bbtag:h3|text_align:left\u00bb use_theme_fonts=\u00bbyes\u00bb][vc_empty_space height=\u00bb12px\u00bb][vc_column_text]<\/p>\n<p lang=\"en-GB\">Precio por persona: 15\u20ac<\/p>\n<p lang=\"en-GB\">Chicos: 8\u20ac<\/p>\n<p>[\/vc_column_text][\/vc_column][\/vc_row]<\/p>\n","protected":false},"excerpt":{"rendered":"<p lang=\"en-GB\">En el marco que ofrece el r\u00edo Guadalquivir, entre Sevilla y Triana, disfruta de una incre\u00edble experiencia de navegaci\u00f3n limpia, sin ruidos ni vibraciones. Un paseo con vistas que siempre permanecer\u00e1n en tu memoria.<\/p>\n","protected":false},"featured_media":813,"comment_status":"open","ping_status":"closed","template":"","meta":{"content-type":""},"product_cat":[156,100],"product_tag":[153,122,154],"_links":{"self":[{"href":"https:\/\/www.persimmontravels.com\/es\/wp-json\/wp\/v2\/product\/873"}],"collection":[{"href":"https:\/\/www.persimmontravels.com\/es\/wp-json\/wp\/v2\/product"}],"about":[{"href":"https:\/\/www.persimmontravels.com\/es\/wp-json\/wp\/v2\/types\/product"}],"replies":[{"embeddable":true,"href":"https:\/\/www.persimmontravels.com\/es\/wp-json\/wp\/v2\/comments?post=873"}],"wp:featuredmedia":[{"embeddable":true,"href":"https:\/\/www.persimmontravels.com\/es\/wp-json\/wp\/v2\/media\/813"}],"wp:attachment":[{"href":"https:\/\/www.persimmontravels.com\/es\/wp-json\/wp\/v2\/media?parent=873"}],"wp:term":[{"taxonomy":"product_cat","embeddable":true,"href":"https:\/\/www.persimmontravels.com\/es\/wp-json\/wp\/v2\/product_cat?post=873"},{"taxonomy":"product_tag","embeddable":true,"href":"https:\/\/www.persimmontravels.com\/es\/wp-json\/wp\/v2\/product_tag?post=873"}],"curies":[{"name":"wp","href":"https:\/\/api.w.org\/{rel}","templated":true}]}}