{"id":871,"date":"2020-03-31T11:16:42","date_gmt":"2020-03-31T11:16:42","guid":{"rendered":"https:\/\/www.persimmontravels.com\/product\/day-trip-seville-ronda\/"},"modified":"2020-07-13T15:43:56","modified_gmt":"2020-07-13T15:43:56","slug":"day-trip-seville-ronda","status":"publish","type":"product","link":"https:\/\/www.persimmontravels.com\/es\/producto\/day-trip-seville-ronda\/","title":{"rendered":"Excursi\u00f3n de un d\u00eda Sevilla &#8211; Ronda y Pueblos Blancos"},"content":{"rendered":"<h3><img decoding=\"async\" loading=\"lazy\" class=\"wp-image-472 aligncenter\" src=\"https:\/\/www.persimmontravels.com\/wp-content\/uploads\/2020\/03\/OIP-5-2.jpg\" alt=\"\" width=\"256\" height=\"164\" \/><\/h3>\n<h3><\/h3>\n<h3><\/h3>\n<h3><\/h3>\n<h3><\/h3>\n<p>Incluye<br \/>\nRecogida y entrega al hotel en coche privado<br \/>\nGu\u00eda-conductor profesional en espa\u00f1ol, ingl\u00e9s y franc\u00e9s<br \/>\nEntradas al Monumento de la Plaza de Toros de la Ronda con Audiogu\u00eda incluida.<br \/>\nVisita a las localidades de Zahara de la Sierra y Grazalema<br \/>\nTiempo libre y compras.<\/p>\n<h3><img decoding=\"async\" loading=\"lazy\" class=\"wp-image-468 aligncenter\" src=\"https:\/\/www.persimmontravels.com\/wp-content\/uploads\/2020\/03\/OIP-1-3.jpg\" alt=\"\" width=\"247\" height=\"154\" \/><\/h3>\n<h3><\/h3>\n<h3><\/h3>\n<h3 style=\"text-align: center;\">Prices:<\/h3>\n<table class=\" aligncenter\" width=\"178\">\n<tbody>\n<tr>\n<td width=\"77\">1 PAX<\/td>\n<td width=\"101\">275<\/td>\n<\/tr>\n<tr>\n<td width=\"77\">2<\/td>\n<td width=\"101\">180<\/td>\n<\/tr>\n<tr>\n<td width=\"77\">3<\/td>\n<td width=\"101\">125<\/td>\n<\/tr>\n<tr>\n<td width=\"77\">4<\/td>\n<td width=\"101\">125<\/td>\n<\/tr>\n<tr>\n<td width=\"77\">5<\/td>\n<td width=\"101\">125<\/td>\n<\/tr>\n<tr>\n<td width=\"77\">6<\/td>\n<td width=\"101\">125<\/td>\n<\/tr>\n<tr>\n<td width=\"77\">7<\/td>\n<td width=\"101\">125<\/td>\n<\/tr>\n<\/tbody>\n<\/table>\n<table class=\" aligncenter\" width=\"97\">\n<tbody>\n<tr>\n<td>Ni\u00f1os (hasta 14 a\u00f1os)<\/td>\n<td>60<\/td>\n<\/tr>\n<tr>\n<td>BEB\u00c9S<\/td>\n<td>0<\/td>\n<\/tr>\n<\/tbody>\n<\/table>\n<p style=\"text-align: center;\"><img decoding=\"async\" loading=\"lazy\" class=\" wp-image-470 aligncenter\" src=\"https:\/\/www.persimmontravels.com\/wp-content\/uploads\/2020\/03\/OIP-3-2.jpg\" alt=\"\" width=\"316\" height=\"196\" \/><\/p>\n","protected":false},"excerpt":{"rendered":"<p>Excursi\u00f3n de un d\u00eda a la ciudad de Ronda con visita a la Plaza de Toros de Ronda y paso por los pueblos blancos de Zahara de la Sierra y Grazalema.<\/p>\n<p>&nbsp;<\/p>\n<h3>CALENDARIO DE FECHAS ABIERTAS (SI NO HAY NINGUNA SOLICITE INFORMACI\u00d3N)<\/h3>\n[booked-calendar calendar=117]\n","protected":false},"featured_media":806,"comment_status":"open","ping_status":"closed","template":"","meta":{"content-type":""},"product_cat":[124],"product_tag":[],"_links":{"self":[{"href":"https:\/\/www.persimmontravels.com\/es\/wp-json\/wp\/v2\/product\/871"}],"collection":[{"href":"https:\/\/www.persimmontravels.com\/es\/wp-json\/wp\/v2\/product"}],"about":[{"href":"https:\/\/www.persimmontravels.com\/es\/wp-json\/wp\/v2\/types\/product"}],"replies":[{"embeddable":true,"href":"https:\/\/www.persimmontravels.com\/es\/wp-json\/wp\/v2\/comments?post=871"}],"wp:featuredmedia":[{"embeddable":true,"href":"https:\/\/www.persimmontravels.com\/es\/wp-json\/wp\/v2\/media\/806"}],"wp:attachment":[{"href":"https:\/\/www.persimmontravels.com\/es\/wp-json\/wp\/v2\/media?parent=871"}],"wp:term":[{"taxonomy":"product_cat","embeddable":true,"href":"https:\/\/www.persimmontravels.com\/es\/wp-json\/wp\/v2\/product_cat?post=871"},{"taxonomy":"product_tag","embeddable":true,"href":"https:\/\/www.persimmontravels.com\/es\/wp-json\/wp\/v2\/product_tag?post=871"}],"curies":[{"name":"wp","href":"https:\/\/api.w.org\/{rel}","templated":true}]}}