{"id":870,"date":"2020-03-31T11:32:47","date_gmt":"2020-03-31T11:32:47","guid":{"rendered":"https:\/\/www.persimmontravels.com\/product\/day-trip-seville-jerez-cadiz\/"},"modified":"2024-03-08T19:39:00","modified_gmt":"2024-03-08T19:39:00","slug":"day-trip-seville-jerez-cadiz","status":"publish","type":"product","link":"https:\/\/www.persimmontravels.com\/es\/producto\/day-trip-seville-jerez-cadiz\/","title":{"rendered":"Excursi\u00f3n de un d\u00eda Sevilla &#8211; Jerez y C\u00e1diz (Tour Privado)"},"content":{"rendered":"<h3 style=\"text-align: center;\"><img decoding=\"async\" loading=\"lazy\" class=\"size-full wp-image-380 aligncenter\" src=\"https:\/\/www.persimmontravels.com\/wp-content\/uploads\/2020\/03\/cadiz2.png\" alt=\"\" width=\"194\" height=\"120\" \/><\/h3>\n<p>Incluye:<\/p>\n<p>Recogida y traslado al hotel en coche privado de alta gama.<br \/>\nGu\u00eda-conductor profesional en espa\u00f1ol, ingl\u00e9s y franc\u00e9s.<br \/>\nEntradas a las Bodegas de Gonz\u00e1lez Byass.<br \/>\nTiempo de caminata y compras.<\/p>\n<p><img decoding=\"async\" loading=\"lazy\" class=\"size-full wp-image-381 aligncenter\" src=\"https:\/\/www.persimmontravels.com\/wp-content\/uploads\/2020\/03\/cadiz3.png\" alt=\"\" width=\"162\" height=\"129\" \/><\/p>\n<h4 style=\"text-align: left;\">Extras:<br \/>\nExcursi\u00f3n de 1 hora por ciudad de C\u00e1diz en Segway: 20\u20ac pax<br \/>\nComidas y propinas no incluidas.<\/h4>\n<p>&nbsp;<\/p>\n<p><img decoding=\"async\" loading=\"lazy\" class=\"size-medium wp-image-386 aligncenter\" src=\"https:\/\/www.persimmontravels.com\/wp-content\/uploads\/2020\/03\/cadiz8-300x225.png\" alt=\"\" width=\"300\" height=\"225\" srcset=\"https:\/\/www.persimmontravels.com\/wp-content\/uploads\/2020\/03\/cadiz8-300x225.png 300w, https:\/\/www.persimmontravels.com\/wp-content\/uploads\/2020\/03\/cadiz8.png 425w\" sizes=\"(max-width: 300px) 100vw, 300px\" \/><\/p>\n<h3 style=\"text-align: center;\">Prices:<\/h3>\n<p>&nbsp;<\/p>\n<table class=\" aligncenter\" style=\"height: 217px;\" width=\"181\">\n<tbody>\n<tr>\n<td>1 pax<\/td>\n<td>275 \u20ac<\/td>\n<\/tr>\n<tr>\n<td>2 pax<\/td>\n<td>180 \u20ac<\/td>\n<\/tr>\n<tr>\n<td>3 pax<\/td>\n<td>125 \u20ac<\/td>\n<\/tr>\n<tr>\n<td>4 pax<\/td>\n<td>125 \u20ac<\/td>\n<\/tr>\n<tr>\n<td>5 pax<\/td>\n<td>125 \u20ac<\/td>\n<\/tr>\n<tr>\n<td>6 pax<\/td>\n<td>125 \u20ac<\/td>\n<\/tr>\n<tr>\n<td>7 pax<\/td>\n<td>125 \u20ac<\/td>\n<\/tr>\n<\/tbody>\n<\/table>\n<p>&nbsp;<\/p>\n<table class=\" aligncenter\" style=\"height: 99px;\" width=\"199\">\n<tbody>\n<tr>\n<td>Childs(below 14)<\/td>\n<td>60 \u20ac<\/td>\n<\/tr>\n<tr>\n<td>Babies (-2 years old)<\/td>\n<td>0 \u20ac<\/td>\n<\/tr>\n<\/tbody>\n<\/table>\n<p style=\"text-align: center;\"><a href=\"https:\/\/www.persimmontravels.com\/\"><img decoding=\"async\" loading=\"lazy\" class=\"alignnone size-full wp-image-319\" src=\"https:\/\/www.persimmontravels.com\/wp-content\/uploads\/2020\/03\/logo-persimmontravels-1.png\" rel=\"PrettyPhoto[870]\" alt=\"\" width=\"100\" height=\"115\" \/><\/a><\/p>\n","protected":false},"excerpt":{"rendered":"<p>Excursi\u00f3n de un d\u00eda a la ciudad de Jerez con visita a las Bodegas de Jerez y visita de la Ciudad de C\u00e1diz<\/p>\n<p>&nbsp;<\/p>\n<h3>CALENDARIO DE FECHAS ABIERTAS (SI NO HAY NINGUNA SOLICITE INFORMACI\u00d3N)<\/h3>\n[booked-calendar calendar=120]\n","protected":false},"featured_media":802,"comment_status":"open","ping_status":"closed","template":"","meta":{"content-type":""},"product_cat":[124],"product_tag":[],"_links":{"self":[{"href":"https:\/\/www.persimmontravels.com\/es\/wp-json\/wp\/v2\/product\/870"}],"collection":[{"href":"https:\/\/www.persimmontravels.com\/es\/wp-json\/wp\/v2\/product"}],"about":[{"href":"https:\/\/www.persimmontravels.com\/es\/wp-json\/wp\/v2\/types\/product"}],"replies":[{"embeddable":true,"href":"https:\/\/www.persimmontravels.com\/es\/wp-json\/wp\/v2\/comments?post=870"}],"wp:featuredmedia":[{"embeddable":true,"href":"https:\/\/www.persimmontravels.com\/es\/wp-json\/wp\/v2\/media\/802"}],"wp:attachment":[{"href":"https:\/\/www.persimmontravels.com\/es\/wp-json\/wp\/v2\/media?parent=870"}],"wp:term":[{"taxonomy":"product_cat","embeddable":true,"href":"https:\/\/www.persimmontravels.com\/es\/wp-json\/wp\/v2\/product_cat?post=870"},{"taxonomy":"product_tag","embeddable":true,"href":"https:\/\/www.persimmontravels.com\/es\/wp-json\/wp\/v2\/product_tag?post=870"}],"curies":[{"name":"wp","href":"https:\/\/api.w.org\/{rel}","templated":true}]}}