{"id":869,"date":"2020-03-31T15:21:39","date_gmt":"2020-03-31T15:21:39","guid":{"rendered":"https:\/\/www.persimmontravels.com\/product\/day-trip-seville-cordoba\/"},"modified":"2024-10-22T00:17:41","modified_gmt":"2024-10-22T00:17:41","slug":"day-trip-seville-cordoba","status":"publish","type":"product","link":"https:\/\/www.persimmontravels.com\/es\/producto\/day-trip-seville-cordoba\/","title":{"rendered":"Excursion Sevilla &#8211; C\u00f3rdoba (Tour Privado)"},"content":{"rendered":"<h3 style=\"text-align: center;\"><img decoding=\"async\" loading=\"lazy\" class=\"size-medium wp-image-451 aligncenter\" src=\"https:\/\/www.persimmontravels.com\/wp-content\/uploads\/2020\/03\/andalusia-603836_1920-225x300.jpg\" alt=\"\" width=\"225\" height=\"300\" srcset=\"https:\/\/www.persimmontravels.com\/wp-content\/uploads\/2020\/03\/andalusia-603836_1920-225x300.jpg 225w, https:\/\/www.persimmontravels.com\/wp-content\/uploads\/2020\/03\/andalusia-603836_1920-768x1024.jpg 768w, https:\/\/www.persimmontravels.com\/wp-content\/uploads\/2020\/03\/andalusia-603836_1920-1152x1536.jpg 1152w, https:\/\/www.persimmontravels.com\/wp-content\/uploads\/2020\/03\/andalusia-603836_1920-600x800.jpg 600w, https:\/\/www.persimmontravels.com\/wp-content\/uploads\/2020\/03\/andalusia-603836_1920.jpg 1440w\" sizes=\"(max-width: 225px) 100vw, 225px\" \/>Includes:<\/h3>\n<p>&nbsp;<\/p>\n<ul>\n<li>Pick-up and drop-off to the hotel by high-end private car<\/li>\n<li>Professional driver-guide in Spanish, English and French<\/li>\n<li>Tickets to the Mosque-Cathedral of Cordoba<\/li>\n<li>View through the Jewish quarter and Hiking and shopping time<\/li>\n<\/ul>\n<p><img decoding=\"async\" loading=\"lazy\" class=\"size-medium wp-image-448 aligncenter\" src=\"https:\/\/www.persimmontravels.com\/wp-content\/uploads\/2020\/03\/cordoba-182842_960_720-300x169.jpg\" alt=\"\" width=\"300\" height=\"169\" srcset=\"https:\/\/www.persimmontravels.com\/wp-content\/uploads\/2020\/03\/cordoba-182842_960_720-300x169.jpg 300w, https:\/\/www.persimmontravels.com\/wp-content\/uploads\/2020\/03\/cordoba-182842_960_720-768x432.jpg 768w, https:\/\/www.persimmontravels.com\/wp-content\/uploads\/2020\/03\/cordoba-182842_960_720-600x338.jpg 600w, https:\/\/www.persimmontravels.com\/wp-content\/uploads\/2020\/03\/cordoba-182842_960_720.jpg 960w\" sizes=\"(max-width: 300px) 100vw, 300px\" \/><\/p>\n<h3 style=\"text-align: center;\">Extras:<\/h3>\n<p>&nbsp;<\/p>\n<ul>\n<li>Official Mosque Guide (1 hour): 90th<\/li>\n<li>Montilla Moriles Wineries: 15\u20ac \/Pax<\/li>\n<li>Visit Medina-Azahara: 15\u20ac\/pax<\/li>\n<li>Meals and gratuities not included.<\/li>\n<\/ul>\n<p>&nbsp;<\/p>\n<h3 style=\"text-align: center;\">Prices:<\/h3>\n<p>&nbsp;<\/p>\n<table class=\" aligncenter\" width=\"232\">\n<tbody>\n<tr>\n<td>1 pax<\/td>\n<td>290\u20ac<\/td>\n<\/tr>\n<tr>\n<td>2 pax<\/td>\n<td>180\u20ac<\/td>\n<\/tr>\n<tr>\n<td>3 pax<\/td>\n<td>125\u20ac<\/td>\n<\/tr>\n<tr>\n<td>4 pax<\/td>\n<td>125\u20ac<\/td>\n<\/tr>\n<tr>\n<td>5 pax<\/td>\n<td>125\u20ac<\/td>\n<\/tr>\n<tr>\n<td>6 pax<\/td>\n<td>125\u20ac<\/td>\n<\/tr>\n<tr>\n<td>7 pax<\/td>\n<td>125\u20ac<\/td>\n<\/tr>\n<\/tbody>\n<\/table>\n<table class=\" aligncenter\" style=\"height: 34px;\" width=\"132\">\n<tbody>\n<tr>\n<td>Childs<\/p>\n<p>(below 14 years)<\/td>\n<td>60\u20ac<\/td>\n<\/tr>\n<tr>\n<td>BEB\u00c9S<\/td>\n<td>0<\/td>\n<\/tr>\n<\/tbody>\n<\/table>\n","protected":false},"excerpt":{"rendered":"<p>Excursi\u00f3n privada de un dia a la ciudad de C\u00f3rdoba con visita a la Mezquita Catedral y el barrio jud\u00edo y morer\u00eda.<\/p>\n<p>&nbsp;<\/p>\n<h3>CALENDARIO DE FECHAS ABIERTAS (SI NO HAY NINGUNA SOLICITE INFORMACI\u00d3N)<\/h3>\n[booked-calendar calendar=118]\n","protected":false},"featured_media":798,"comment_status":"open","ping_status":"closed","template":"","meta":{"content-type":""},"product_cat":[124],"product_tag":[140,138,137,142,141,139],"_links":{"self":[{"href":"https:\/\/www.persimmontravels.com\/es\/wp-json\/wp\/v2\/product\/869"}],"collection":[{"href":"https:\/\/www.persimmontravels.com\/es\/wp-json\/wp\/v2\/product"}],"about":[{"href":"https:\/\/www.persimmontravels.com\/es\/wp-json\/wp\/v2\/types\/product"}],"replies":[{"embeddable":true,"href":"https:\/\/www.persimmontravels.com\/es\/wp-json\/wp\/v2\/comments?post=869"}],"wp:featuredmedia":[{"embeddable":true,"href":"https:\/\/www.persimmontravels.com\/es\/wp-json\/wp\/v2\/media\/798"}],"wp:attachment":[{"href":"https:\/\/www.persimmontravels.com\/es\/wp-json\/wp\/v2\/media?parent=869"}],"wp:term":[{"taxonomy":"product_cat","embeddable":true,"href":"https:\/\/www.persimmontravels.com\/es\/wp-json\/wp\/v2\/product_cat?post=869"},{"taxonomy":"product_tag","embeddable":true,"href":"https:\/\/www.persimmontravels.com\/es\/wp-json\/wp\/v2\/product_tag?post=869"}],"curies":[{"name":"wp","href":"https:\/\/api.w.org\/{rel}","templated":true}]}}