{"id":1789,"date":"2020-10-17T14:45:52","date_gmt":"2020-10-17T14:45:52","guid":{"rendered":"https:\/\/www.persimmontravels.com\/product\/flamenco-tapas-tpur-y-espectaculo-pura-esencia-con-tapas-ibericas-y-tour-flamenco\/"},"modified":"2021-07-09T15:36:50","modified_gmt":"2021-07-09T15:36:50","slug":"tour-flamenco-pura-esencia","status":"publish","type":"product","link":"https:\/\/www.persimmontravels.com\/es\/producto\/tour-flamenco-pura-esencia\/","title":{"rendered":"Tour Flamenco : Pura Esencia Flamenco Show+Tour de Flamenco por el Barrio Triana"},"content":{"rendered":"<p>[vc_row][vc_column][vc_video link=\u00bbhttps:\/\/youtu.be\/4crDqkfoFLM\u00bb align=\u00bbcenter\u00bb title=\u00bbFlamenco Tour Pura Esencia\u00bb][vc_column_text]Disfruta de este\u00a0 Triana Flamenco Tour para descubrir mejor el origen de esta parte\u00a0 de la cultura andaluza\u00a0 en Triana. El tour incluye una degustaci\u00f3n de Tapas Ib\u00e9ricas en el Patio y la actuaci\u00f3n del Pura Esencia Flamenco Show.<\/p>\n<p>La gira es explicada por gu\u00edas de Pura Esencia en ingl\u00e9s, franc\u00e9s y espa\u00f1ol.<\/p>\n<p>Despu\u00e9s del tour de una hora podr\u00e1n disfrutar del ESPECT\u00c1CULO DE PURA ESENCIA\u00a0 en\u00a0 mesa\u00a0 reservada privada , de queso de cabra y tortilla espa\u00f1ola<\/p>\n<p>Una manera autentica de conocer la forma de\u00a0 vivir Triana y abrazar el estilo flamenco, el patrimonio de la Humanidad de la UNESCO.[\/vc_column_text][\/vc_column][\/vc_row][vc_row][vc_column][vc_single_image image=\u00bb1460&#8243; alignment=\u00bbcenter\u00bb][\/vc_column][\/vc_row][vc_row][vc_column][vc_single_image image=\u00bb519&#8243; alignment=\u00bbcenter\u00bb css_animation=\u00bbfadeIn\u00bb title=\u00bbPura Esencia Flamenco#1 en Trip Advissor\u00bb][\/vc_column][\/vc_row]<\/p>\n","protected":false},"excerpt":{"rendered":"<p><img decoding=\"async\" loading=\"lazy\" class=\"size-medium wp-image-1413 aligncenter\" src=\"https:\/\/www.persimmontravels.com\/wp-content\/uploads\/2020\/08\/bar-santa-Ana-1-300x225.jpeg\" alt=\"\" width=\"300\" height=\"225\" srcset=\"https:\/\/www.persimmontravels.com\/wp-content\/uploads\/2020\/08\/bar-santa-Ana-1-300x225.jpeg 300w, https:\/\/www.persimmontravels.com\/wp-content\/uploads\/2020\/08\/bar-santa-Ana-1-1024x768.jpeg 1024w, https:\/\/www.persimmontravels.com\/wp-content\/uploads\/2020\/08\/bar-santa-Ana-1-768x576.jpeg 768w, https:\/\/www.persimmontravels.com\/wp-content\/uploads\/2020\/08\/bar-santa-Ana-1-1536x1152.jpeg 1536w, https:\/\/www.persimmontravels.com\/wp-content\/uploads\/2020\/08\/bar-santa-Ana-1-600x450.jpeg 600w, https:\/\/www.persimmontravels.com\/wp-content\/uploads\/2020\/08\/bar-santa-Ana-1.jpeg 1600w\" sizes=\"(max-width: 300px) 100vw, 300px\" \/><img decoding=\"async\" loading=\"lazy\" class=\"size-medium wp-image-1395 aligncenter\" src=\"https:\/\/www.persimmontravels.com\/wp-content\/uploads\/2020\/08\/DSC_1570-300x199.jpg\" alt=\"\" width=\"300\" height=\"199\" srcset=\"https:\/\/www.persimmontravels.com\/wp-content\/uploads\/2020\/08\/DSC_1570-300x199.jpg 300w, https:\/\/www.persimmontravels.com\/wp-content\/uploads\/2020\/08\/DSC_1570-1024x681.jpg 1024w, https:\/\/www.persimmontravels.com\/wp-content\/uploads\/2020\/08\/DSC_1570-768x510.jpg 768w, https:\/\/www.persimmontravels.com\/wp-content\/uploads\/2020\/08\/DSC_1570-1536x1021.jpg 1536w, https:\/\/www.persimmontravels.com\/wp-content\/uploads\/2020\/08\/DSC_1570-2048x1361.jpg 2048w, https:\/\/www.persimmontravels.com\/wp-content\/uploads\/2020\/08\/DSC_1570-600x399.jpg 600w\" sizes=\"(max-width: 300px) 100vw, 300px\" \/> <img decoding=\"async\" loading=\"lazy\" class=\"size-medium wp-image-1409 aligncenter\" src=\"https:\/\/www.persimmontravels.com\/wp-content\/uploads\/2020\/08\/la-amestranza-desde-la-calle-Pureza-1-163x300.jpeg\" alt=\"\" width=\"163\" height=\"300\" srcset=\"https:\/\/www.persimmontravels.com\/wp-content\/uploads\/2020\/08\/la-amestranza-desde-la-calle-Pureza-1-163x300.jpeg 163w, https:\/\/www.persimmontravels.com\/wp-content\/uploads\/2020\/08\/la-amestranza-desde-la-calle-Pureza-1-556x1024.jpeg 556w, https:\/\/www.persimmontravels.com\/wp-content\/uploads\/2020\/08\/la-amestranza-desde-la-calle-Pureza-1-768x1414.jpeg 768w, https:\/\/www.persimmontravels.com\/wp-content\/uploads\/2020\/08\/la-amestranza-desde-la-calle-Pureza-1-834x1536.jpeg 834w, https:\/\/www.persimmontravels.com\/wp-content\/uploads\/2020\/08\/la-amestranza-desde-la-calle-Pureza-1-600x1105.jpeg 600w, https:\/\/www.persimmontravels.com\/wp-content\/uploads\/2020\/08\/la-amestranza-desde-la-calle-Pureza-1.jpeg 869w\" sizes=\"(max-width: 163px) 100vw, 163px\" \/><img decoding=\"async\" loading=\"lazy\" class=\"size-medium wp-image-1383 aligncenter\" src=\"https:\/\/www.persimmontravels.com\/wp-content\/uploads\/2020\/08\/juan-belmonte-225x300.jpeg\" alt=\"flamenco tour\" width=\"225\" height=\"300\" srcset=\"https:\/\/www.persimmontravels.com\/wp-content\/uploads\/2020\/08\/juan-belmonte-225x300.jpeg 225w, https:\/\/www.persimmontravels.com\/wp-content\/uploads\/2020\/08\/juan-belmonte-768x1024.jpeg 768w, https:\/\/www.persimmontravels.com\/wp-content\/uploads\/2020\/08\/juan-belmonte-1152x1536.jpeg 1152w, https:\/\/www.persimmontravels.com\/wp-content\/uploads\/2020\/08\/juan-belmonte-600x800.jpeg 600w, https:\/\/www.persimmontravels.com\/wp-content\/uploads\/2020\/08\/juan-belmonte.jpeg 1200w\" sizes=\"(max-width: 225px) 100vw, 225px\" \/><img decoding=\"async\" loading=\"lazy\" class=\"size-medium wp-image-1363 aligncenter\" src=\"https:\/\/www.persimmontravels.com\/wp-content\/uploads\/2020\/08\/ah\u00ed-est\u00e1-er-tio-298x300.jpeg\" alt=\"\" width=\"298\" height=\"300\" srcset=\"https:\/\/www.persimmontravels.com\/wp-content\/uploads\/2020\/08\/ah\u00ed-est\u00e1-er-tio-298x300.jpeg 298w, https:\/\/www.persimmontravels.com\/wp-content\/uploads\/2020\/08\/ah\u00ed-est\u00e1-er-tio-1018x1024.jpeg 1018w, https:\/\/www.persimmontravels.com\/wp-content\/uploads\/2020\/08\/ah\u00ed-est\u00e1-er-tio-150x150.jpeg 150w, https:\/\/www.persimmontravels.com\/wp-content\/uploads\/2020\/08\/ah\u00ed-est\u00e1-er-tio-768x772.jpeg 768w, https:\/\/www.persimmontravels.com\/wp-content\/uploads\/2020\/08\/ah\u00ed-est\u00e1-er-tio-189x189.jpeg 189w, https:\/\/www.persimmontravels.com\/wp-content\/uploads\/2020\/08\/ah\u00ed-est\u00e1-er-tio-88x88.jpeg 88w, https:\/\/www.persimmontravels.com\/wp-content\/uploads\/2020\/08\/ah\u00ed-est\u00e1-er-tio-213x213.jpeg 213w, https:\/\/www.persimmontravels.com\/wp-content\/uploads\/2020\/08\/ah\u00ed-est\u00e1-er-tio-600x603.jpeg 600w, https:\/\/www.persimmontravels.com\/wp-content\/uploads\/2020\/08\/ah\u00ed-est\u00e1-er-tio-100x100.jpeg 100w, https:\/\/www.persimmontravels.com\/wp-content\/uploads\/2020\/08\/ah\u00ed-est\u00e1-er-tio.jpeg 1445w\" sizes=\"(max-width: 298px) 100vw, 298px\" \/><\/p>\n<p><script src=\"https:\/\/fareharbor.com\/embeds\/script\/calendar-small\/puraesenciaflamenco\/items\/251679\/?fallback=simple&#038;sheet=305837&#038;asn=persimmontravels-eur&#038;asn-ref=Persimmon%20Travels&#038;full-items=yes&#038;back=https:\/\/www.persimmontravels.com\/product\/flamenco-tour-triana\/&#038;flow=no\"><\/script><\/p>\n","protected":false},"featured_media":2188,"comment_status":"open","ping_status":"closed","template":"","meta":{"content-type":""},"product_cat":[192,162,156,100],"product_tag":[163,221,222],"_links":{"self":[{"href":"https:\/\/www.persimmontravels.com\/es\/wp-json\/wp\/v2\/product\/1789"}],"collection":[{"href":"https:\/\/www.persimmontravels.com\/es\/wp-json\/wp\/v2\/product"}],"about":[{"href":"https:\/\/www.persimmontravels.com\/es\/wp-json\/wp\/v2\/types\/product"}],"replies":[{"embeddable":true,"href":"https:\/\/www.persimmontravels.com\/es\/wp-json\/wp\/v2\/comments?post=1789"}],"wp:featuredmedia":[{"embeddable":true,"href":"https:\/\/www.persimmontravels.com\/es\/wp-json\/wp\/v2\/media\/2188"}],"wp:attachment":[{"href":"https:\/\/www.persimmontravels.com\/es\/wp-json\/wp\/v2\/media?parent=1789"}],"wp:term":[{"taxonomy":"product_cat","embeddable":true,"href":"https:\/\/www.persimmontravels.com\/es\/wp-json\/wp\/v2\/product_cat?post=1789"},{"taxonomy":"product_tag","embeddable":true,"href":"https:\/\/www.persimmontravels.com\/es\/wp-json\/wp\/v2\/product_tag?post=1789"}],"curies":[{"name":"wp","href":"https:\/\/api.w.org\/{rel}","templated":true}]}}