{"id":1356,"date":"2020-07-28T18:24:33","date_gmt":"2020-07-28T18:24:33","guid":{"rendered":"https:\/\/www.persimmontravels.com\/product\/alquiler-de-bicis-en-sevilla\/"},"modified":"2020-07-28T18:24:33","modified_gmt":"2020-07-28T18:24:33","slug":"alquiler-de-bicis-en-sevilla","status":"publish","type":"product","link":"https:\/\/www.persimmontravels.com\/es\/producto\/alquiler-de-bicis-en-sevilla\/","title":{"rendered":"ALQUILER DE BICIS EN SEVILLA"},"content":{"rendered":"<p><img decoding=\"async\" loading=\"lazy\" class=\"alignnone wp-image-1256 aligncenter\" src=\"https:\/\/www.persimmontravels.com\/wp-content\/uploads\/2020\/07\/bici-300x131.jpg\" alt=\"persimmon bici tour\" width=\"357\" height=\"156\" srcset=\"https:\/\/www.persimmontravels.com\/wp-content\/uploads\/2020\/07\/bici-300x131.jpg 300w, https:\/\/www.persimmontravels.com\/wp-content\/uploads\/2020\/07\/bici.jpg 340w\" sizes=\"(max-width: 357px) 100vw, 357px\" \/><\/p>\n<p>Alquila tu bicicleta en Sevilla. Es\u00a0 una de las mejores ciudades para recorrerla en bicicleta : con sus parques, plazas monumentales, hermosas avenidas y por supuesto, a lo largo del r\u00edo Guadalquivir.<img decoding=\"async\" loading=\"lazy\" class=\"size-medium wp-image-1250 aligncenter\" src=\"https:\/\/www.persimmontravels.com\/wp-content\/uploads\/2020\/07\/bici-4-300x112.jpg\" alt=\"\" width=\"300\" height=\"112\" srcset=\"https:\/\/www.persimmontravels.com\/wp-content\/uploads\/2020\/07\/bici-4-300x112.jpg 300w, https:\/\/www.persimmontravels.com\/wp-content\/uploads\/2020\/07\/bici-4.jpg 367w\" sizes=\"(max-width: 300px) 100vw, 300px\" \/><\/p>\n<p>Tienes dos opciones, ya sea 3 horas de servicio de alquiler o el d\u00eda completo si consideras todo Sevilla es suficiente para tus pedaleo.<\/p>\n<p>Incluso si lo prefieres,contrata una visita guiada. No dudes en preguntar por nuestros divertidos gu\u00edas\u00a0 que te mostrar\u00e1n todos los mejores sitios de la ciudad de Sevilla.<\/p>\n<p>Sevilla es una ciudad muy llana para ir en bici y tambi\u00e9n cuenta con un magistral sistema de carriles que te llevar\u00e1 a todos los lugares que quieras ver<\/p>\n<p><img decoding=\"async\" loading=\"lazy\" class=\"size-full wp-image-1252 alignright\" src=\"https:\/\/www.persimmontravels.com\/wp-content\/uploads\/2020\/07\/bici-5.jpg\" alt=\"persimmon travels bike\" width=\"259\" height=\"194\" \/><\/p>\n<p><img decoding=\"async\" loading=\"lazy\" class=\"alignnone size-full wp-image-1246\" src=\"https:\/\/www.persimmontravels.com\/wp-content\/uploads\/2020\/07\/bici-2.jpg\" alt=\"\" width=\"276\" height=\"183\" \/> y recomendar las mejores cosas para hacer en Sevilla como conseguir una reserva de restaurante, degustar tapas o visitar el <a href=\"http:\/\/www.puraesenciaflamenco.com\" rel=\"nofollow noopener\" target=\"_blank\">mejor espect\u00e1culo de flamenco en Sevilla<\/a><\/p>\n<p>&nbsp;<\/p>\n<p>&#8230;. y si quieres un poco m\u00e1s de aventura, alrededor de la ciudad hay innumerables rutas que hacer a lo largo del r\u00edo o a la ciudad de It\u00e1lica. Una forma muy saludable y divertida de conocer a\u00fan m\u00e1s nuestra ciudad de Sevilla.<\/p>\n<div id=\"attachment_658\" style=\"width: 418px\" class=\"wp-caption alignright\"><img aria-describedby=\"caption-attachment-658\" decoding=\"async\" loading=\"lazy\" class=\"wp-image-658\" src=\"https:\/\/www.persimmontravels.com\/wp-content\/uploads\/2020\/03\/descarga-2-3-300x132.jpg\" alt=\"Persimmon Travels Italica\" width=\"408\" height=\"181\" srcset=\"https:\/\/www.persimmontravels.com\/wp-content\/uploads\/2020\/03\/descarga-2-3-300x132.jpg 300w, https:\/\/www.persimmontravels.com\/wp-content\/uploads\/2020\/03\/descarga-2-3.jpg 338w\" sizes=\"(max-width: 408px) 100vw, 408px\" \/><p id=\"caption-attachment-658\" class=\"wp-caption-text\">Ruinas Romanas de It\u00e1lica<\/p><\/div>\n<p><img decoding=\"async\" loading=\"lazy\" class=\"wp-image-1254\" src=\"https:\/\/www.persimmontravels.com\/wp-content\/uploads\/2020\/07\/bici-senderismo.jpg\" alt=\"\" width=\"374\" height=\"207\" \/><\/p>\n<p><img decoding=\"async\" loading=\"lazy\" class=\"size-full wp-image-1248 aligncenter\" src=\"https:\/\/www.persimmontravels.com\/wp-content\/uploads\/2020\/07\/bici-3.jpg\" alt=\"\" width=\"299\" height=\"168\" \/><br \/>\n<img decoding=\"async\" loading=\"lazy\" class=\"size-medium wp-image-707 aligncenter\" src=\"https:\/\/www.persimmontravels.com\/wp-content\/uploads\/2020\/05\/logo-Sevilla-300x300.png\" alt=\"\" width=\"300\" height=\"300\" srcset=\"https:\/\/www.persimmontravels.com\/wp-content\/uploads\/2020\/05\/logo-Sevilla-300x300.png 300w, https:\/\/www.persimmontravels.com\/wp-content\/uploads\/2020\/05\/logo-Sevilla-1024x1024.png 1024w, https:\/\/www.persimmontravels.com\/wp-content\/uploads\/2020\/05\/logo-Sevilla-150x150.png 150w, https:\/\/www.persimmontravels.com\/wp-content\/uploads\/2020\/05\/logo-Sevilla-768x768.png 768w, https:\/\/www.persimmontravels.com\/wp-content\/uploads\/2020\/05\/logo-Sevilla-1536x1536.png 1536w, https:\/\/www.persimmontravels.com\/wp-content\/uploads\/2020\/05\/logo-Sevilla-189x189.png 189w, https:\/\/www.persimmontravels.com\/wp-content\/uploads\/2020\/05\/logo-Sevilla-88x88.png 88w, https:\/\/www.persimmontravels.com\/wp-content\/uploads\/2020\/05\/logo-Sevilla-213x213.png 213w, https:\/\/www.persimmontravels.com\/wp-content\/uploads\/2020\/05\/logo-Sevilla-600x600.png 600w, https:\/\/www.persimmontravels.com\/wp-content\/uploads\/2020\/05\/logo-Sevilla-100x100.png 100w, https:\/\/www.persimmontravels.com\/wp-content\/uploads\/2020\/05\/logo-Sevilla.png 1770w\" sizes=\"(max-width: 300px) 100vw, 300px\" \/><img decoding=\"async\" loading=\"lazy\" class=\"size-medium wp-image-1016 aligncenter\" src=\"https:\/\/www.persimmontravels.com\/wp-content\/uploads\/2020\/07\/JoinSafeTravels_-Static-for-IG_2-300x300.png\" alt=\"\" width=\"300\" height=\"300\" srcset=\"https:\/\/www.persimmontravels.com\/wp-content\/uploads\/2020\/07\/JoinSafeTravels_-Static-for-IG_2-300x300.png 300w, https:\/\/www.persimmontravels.com\/wp-content\/uploads\/2020\/07\/JoinSafeTravels_-Static-for-IG_2-1024x1024.png 1024w, https:\/\/www.persimmontravels.com\/wp-content\/uploads\/2020\/07\/JoinSafeTravels_-Static-for-IG_2-150x150.png 150w, https:\/\/www.persimmontravels.com\/wp-content\/uploads\/2020\/07\/JoinSafeTravels_-Static-for-IG_2-768x768.png 768w, https:\/\/www.persimmontravels.com\/wp-content\/uploads\/2020\/07\/JoinSafeTravels_-Static-for-IG_2-189x189.png 189w, https:\/\/www.persimmontravels.com\/wp-content\/uploads\/2020\/07\/JoinSafeTravels_-Static-for-IG_2-88x88.png 88w, https:\/\/www.persimmontravels.com\/wp-content\/uploads\/2020\/07\/JoinSafeTravels_-Static-for-IG_2-213x213.png 213w, https:\/\/www.persimmontravels.com\/wp-content\/uploads\/2020\/07\/JoinSafeTravels_-Static-for-IG_2-600x600.png 600w, https:\/\/www.persimmontravels.com\/wp-content\/uploads\/2020\/07\/JoinSafeTravels_-Static-for-IG_2-100x100.png 100w, https:\/\/www.persimmontravels.com\/wp-content\/uploads\/2020\/07\/JoinSafeTravels_-Static-for-IG_2.png 1080w\" sizes=\"(max-width: 300px) 100vw, 300px\" \/><\/p>\n","protected":false},"excerpt":{"rendered":"<p><img decoding=\"async\" loading=\"lazy\" class=\"alignnone size-medium wp-image-1244 aligncenter\" src=\"https:\/\/www.persimmontravels.com\/wp-content\/uploads\/2020\/07\/Sevilla-300x202.jpg\" alt=\"seville activities\" width=\"300\" height=\"202\" \/><\/p>\n","protected":false},"featured_media":1208,"comment_status":"open","ping_status":"closed","template":"","meta":{"content-type":""},"product_cat":[192],"product_tag":[207,122],"_links":{"self":[{"href":"https:\/\/www.persimmontravels.com\/es\/wp-json\/wp\/v2\/product\/1356"}],"collection":[{"href":"https:\/\/www.persimmontravels.com\/es\/wp-json\/wp\/v2\/product"}],"about":[{"href":"https:\/\/www.persimmontravels.com\/es\/wp-json\/wp\/v2\/types\/product"}],"replies":[{"embeddable":true,"href":"https:\/\/www.persimmontravels.com\/es\/wp-json\/wp\/v2\/comments?post=1356"}],"wp:featuredmedia":[{"embeddable":true,"href":"https:\/\/www.persimmontravels.com\/es\/wp-json\/wp\/v2\/media\/1208"}],"wp:attachment":[{"href":"https:\/\/www.persimmontravels.com\/es\/wp-json\/wp\/v2\/media?parent=1356"}],"wp:term":[{"taxonomy":"product_cat","embeddable":true,"href":"https:\/\/www.persimmontravels.com\/es\/wp-json\/wp\/v2\/product_cat?post=1356"},{"taxonomy":"product_tag","embeddable":true,"href":"https:\/\/www.persimmontravels.com\/es\/wp-json\/wp\/v2\/product_tag?post=1356"}],"curies":[{"name":"wp","href":"https:\/\/api.w.org\/{rel}","templated":true}]}}