{"id":12491,"date":"2023-09-17T13:52:57","date_gmt":"2023-09-17T13:52:57","guid":{"rendered":"https:\/\/www.persimmontravels.com\/?post_type=product&#038;p=12491"},"modified":"2023-09-17T13:57:29","modified_gmt":"2023-09-17T13:57:29","slug":"oasis-of-the-seas-espana-francia-italia-roma-napoles-capri-barcelona-3-noches-26-de-septiembre","status":"publish","type":"product","link":"https:\/\/www.persimmontravels.com\/es\/producto\/oasis-of-the-seas-espana-francia-italia-roma-napoles-capri-barcelona-3-noches-26-de-septiembre\/","title":{"rendered":"Oasis of the Seas: Espa\u00f1a\/Francia\/Italia: Roma-N\u00e1poles\/Capri-Barcelona (3 noches) 26 de Septiembre"},"content":{"rendered":"<h2>Oasis of the Seas: Espa\u00f1a\/Francia\/Italia: Roma-N\u00e1poles\/Capri-Barcelona (3 noches) 26 de Septiembre 2024<\/h2>\n<h2><img decoding=\"async\" loading=\"lazy\" class=\"alignnone size-full wp-image-12363\" src=\"https:\/\/www.persimmontravels.com\/wp-content\/uploads\/2023\/09\/mapa.png\" alt=\"Crucero mediterraneo\" width=\"470\" height=\"300\" srcset=\"https:\/\/www.persimmontravels.com\/wp-content\/uploads\/2023\/09\/mapa.png 470w, https:\/\/www.persimmontravels.com\/wp-content\/uploads\/2023\/09\/mapa-300x191.png 300w\" sizes=\"(max-width: 470px) 100vw, 470px\" \/><\/h2>\n<h2><\/h2>\n<div class=\"row\">\n<div class=\"col-md-6\">\n<h3 class=\"text-center\"><img decoding=\"async\" loading=\"lazy\" class=\"alignnone size-full wp-image-12303\" src=\"https:\/\/www.persimmontravels.com\/wp-content\/uploads\/2023\/09\/costa-esmeralda.jpg\" alt=\"\" width=\"317\" height=\"159\" srcset=\"https:\/\/www.persimmontravels.com\/wp-content\/uploads\/2023\/09\/costa-esmeralda.jpg 317w, https:\/\/www.persimmontravels.com\/wp-content\/uploads\/2023\/09\/costa-esmeralda-300x150.jpg 300w\" sizes=\"(max-width: 317px) 100vw, 317px\" \/><\/h3>\n<h3 class=\"text-center\">Todo incluido<\/h3>\n<\/div>\n<div class=\"col-md-6\">\n<h3 class=\"text-center\">Tarifa Basic<\/h3>\n<\/div>\n<div class=\"col-md-6 text-justify\"><i class=\"fa amarillo-color fa-check fa-fw\"><\/i>Elecci\u00f3n del camarote<br \/>\n<i class=\"fa amarillo-color fa-check fa-fw\"><\/i>Comida y bebidas ilimitadas (My Drinks)<br \/>\n<i class=\"fa amarillo-color fa-check fa-fw\"><\/i>Tasas y Propinas<br \/>\n<i class=\"fa amarillo-color fa-check fa-fw\"><\/i>Pol\u00edtica de cancelaci\u00f3n flexible<br \/>\n<i class=\"fa amarillo-color fa-check fa-fw\"><\/i>Descuentos en el siguiente crucero<br \/>\n<i class=\"fa amarillo-color fa-check fa-fw\"><\/i>Turno de cena deseado<br \/>\n<i class=\"fa amarillo-color fa-check fa-fw\"><\/i>Y adem\u00e1s si escoges categor\u00eda Suite, obtendr\u00e1s el paquete de bebidas, My Drinks Plus.<\/div>\n<div class=\"col-md-6 text-justify\"><i class=\"fa amarillo-color fa-check fa-fw\"><\/i>Tasas de embarque incluidas<br \/>\n<i class=\"fa amarillo-color fa-check fa-fw\"><\/i>Pensi\u00f3n completa<br \/>\n<i class=\"fa amarillo-color fa-check fa-fw\"><\/i>Camarote garantizado asignado autom\u00e1ticamente por el sistema<br \/>\n<i class=\"fa amarillo-color fa-check fa-fw\"><\/i>Permite la acumulaci\u00f3n de puntos CostaClub s\u00f3lo por gastos a bordo (no por d\u00edas de crucero)<br \/>\n<i class=\"fa amarillo-color fa-check fa-fw\"><\/i>La tarifa no es acumulable con otras promociones y no es retroactiva<br \/>\n<i class=\"fa amarillo-color fa-check fa-fw\"><\/i>Condiciones de cancelaci\u00f3n del crucero: se aplica una penalizaci\u00f3n del 100% (en periodos de campa\u00f1a, consulta condiciones)<br \/>\n<i class=\"fa amarillo-color fa-check fa-fw\"><\/i>Plazas limitadas<\/div>\n<\/div>\n<div class=\"row\">\n<div class=\"col-md-6\">\n<h3 class=\"text-center\">Tarifa My Cruise<\/h3>\n<\/div>\n<div class=\"col-md-12 text-justify\">Elecci\u00f3n del camarote deseado<br \/>\nPensi\u00f3n completa<br \/>\nTasas de embarque y cuota de servicio incluidas<br \/>\nPol\u00edtica de cancelaci\u00f3n flexible<br \/>\nDescuentos en el siguiente crucero para Socios Costa Club<br \/>\nTurno de cena deseado<br \/>\nPaquete\u00a0<b>opcional<\/b>\u00a0My Explorations<br \/>\nPaquete\u00a0<b>opcional<\/b>\u00a0My Drinks<br \/>\n*No incluido servicio en el camarote.<\/div>\n<h2>El precio incluye<\/h2>\n<ul class=\"pl15\">\n<li style=\"list-style-type: none;\">\n<ul>\n<li>Pensi\u00f3n completa y en algunas tarifas se incluyen las bebidas y propinas.<\/li>\n<li>Actividades a bordo, equipamiento deportivo y animaci\u00f3n nocturna.<\/li>\n<li>Gimnasio, polideportivos, pistas de jogging, piscinas e hidromasajes.<\/li>\n<li>Espect\u00e1culos musicales, fiestas tem\u00e1ticas y discoteca.<\/li>\n<\/ul>\n<\/li>\n<\/ul>\n<h2>El precio no incluye<\/h2>\n<ul class=\"pl15\">\n<li style=\"list-style-type: none;\">\n<ul>\n<li>Propinas (dependiendo de la tarifa)<\/li>\n<li>Seguros.<\/li>\n<li>Sal\u00f3n de belleza, Spa, cursos de yoga y entrenador personal.<\/li>\n<li>\u00abC\u00bb Wonder (simulador deportivo) y Casino.<\/li>\n<li>Excursiones.<\/li>\n<li>Lavander\u00eda.<\/li>\n<li>Fot\u00f3grafo.<\/li>\n<li>Servicio de internet.<\/li>\n<\/ul>\n<\/li>\n<\/ul>\n<\/div>\n","protected":false},"excerpt":{"rendered":"<h2>Oasis of the Seas: Espa\u00f1a\/Francia\/Italia: Roma-N\u00e1poles\/Capri-Barcelona (3 noches) 26 de Septiembre de 2024<\/h2>\n<p><img decoding=\"async\" loading=\"lazy\" class=\"alignnone size-full wp-image-12373\" src=\"https:\/\/www.persimmontravels.com\/wp-content\/uploads\/2023\/09\/costa-esmeralda-poster.png\" alt=\"cruceros navidades\" width=\"940\" height=\"788\" srcset=\"https:\/\/www.persimmontravels.com\/wp-content\/uploads\/2023\/09\/costa-esmeralda-poster.png 940w, https:\/\/www.persimmontravels.com\/wp-content\/uploads\/2023\/09\/costa-esmeralda-poster-300x251.png 300w, https:\/\/www.persimmontravels.com\/wp-content\/uploads\/2023\/09\/costa-esmeralda-poster-768x644.png 768w, https:\/\/www.persimmontravels.com\/wp-content\/uploads\/2023\/09\/costa-esmeralda-poster-600x503.png 600w\" sizes=\"(max-width: 940px) 100vw, 940px\" \/><\/p>\n","protected":false},"featured_media":12373,"comment_status":"open","ping_status":"closed","template":"","meta":{"content-type":""},"product_cat":[347],"product_tag":[360,354,350,359],"_links":{"self":[{"href":"https:\/\/www.persimmontravels.com\/es\/wp-json\/wp\/v2\/product\/12491"}],"collection":[{"href":"https:\/\/www.persimmontravels.com\/es\/wp-json\/wp\/v2\/product"}],"about":[{"href":"https:\/\/www.persimmontravels.com\/es\/wp-json\/wp\/v2\/types\/product"}],"replies":[{"embeddable":true,"href":"https:\/\/www.persimmontravels.com\/es\/wp-json\/wp\/v2\/comments?post=12491"}],"wp:featuredmedia":[{"embeddable":true,"href":"https:\/\/www.persimmontravels.com\/es\/wp-json\/wp\/v2\/media\/12373"}],"wp:attachment":[{"href":"https:\/\/www.persimmontravels.com\/es\/wp-json\/wp\/v2\/media?parent=12491"}],"wp:term":[{"taxonomy":"product_cat","embeddable":true,"href":"https:\/\/www.persimmontravels.com\/es\/wp-json\/wp\/v2\/product_cat?post=12491"},{"taxonomy":"product_tag","embeddable":true,"href":"https:\/\/www.persimmontravels.com\/es\/wp-json\/wp\/v2\/product_tag?post=12491"}],"curies":[{"name":"wp","href":"https:\/\/api.w.org\/{rel}","templated":true}]}}