{"id":12489,"date":"2023-09-17T13:39:26","date_gmt":"2023-09-17T13:39:26","guid":{"rendered":"https:\/\/www.persimmontravels.com\/?post_type=product&#038;p=12489"},"modified":"2023-09-21T15:38:38","modified_gmt":"2023-09-21T15:38:38","slug":"oasis-of-the-seas-mediterraneo-occidental-7-noches-barcelona-palma-de-mallorca-provenza-florencia-roma-napoles-capri-barcelona-mayo-octubre-2024","status":"publish","type":"product","link":"https:\/\/www.persimmontravels.com\/es\/producto\/oasis-of-the-seas-mediterraneo-occidental-7-noches-barcelona-palma-de-mallorca-provenza-florencia-roma-napoles-capri-barcelona-mayo-octubre-2024\/","title":{"rendered":"Oasis of the Seas: Mediterraneo Occidental. 7 Noches: Barcelona, Palma de Mallorca, Provenza, Florencia, Roma, N\u00e1poles, Capri, Barcelona (Mayo-Octubre 2024)"},"content":{"rendered":"<h2>Oasis of the Seas: Mediterr\u00e1neo Occidental. 7 Noches: Barcelona, Palma de Mallorca, Provenza, Florencia, Roma, N\u00e1poles, Capri, Barcelona. Mayo-Octubre 2024<\/h2>\n<h2><\/h2>\n<h2><\/h2>\n<div class=\"row\">\n<div class=\"col-md-6\">\n<h3 class=\"text-center\"><img decoding=\"async\" loading=\"lazy\" class=\"alignnone size-full wp-image-12636\" src=\"https:\/\/www.persimmontravels.com\/wp-content\/uploads\/2023\/09\/oasis-of-the-seas.jpeg\" alt=\"oasis of the seas\" width=\"863\" height=\"886\" srcset=\"https:\/\/www.persimmontravels.com\/wp-content\/uploads\/2023\/09\/oasis-of-the-seas.jpeg 863w, https:\/\/www.persimmontravels.com\/wp-content\/uploads\/2023\/09\/oasis-of-the-seas-292x300.jpeg 292w, https:\/\/www.persimmontravels.com\/wp-content\/uploads\/2023\/09\/oasis-of-the-seas-768x788.jpeg 768w, https:\/\/www.persimmontravels.com\/wp-content\/uploads\/2023\/09\/oasis-of-the-seas-600x616.jpeg 600w\" sizes=\"(max-width: 863px) 100vw, 863px\" \/>Todo incluido<\/h3>\n<\/div>\n<div class=\"col-md-6\">\n<h3 class=\"text-center\">Tarifa Basic<\/h3>\n<\/div>\n<div class=\"col-md-6 text-justify\"><i class=\"fa amarillo-color fa-check fa-fw\"><\/i>Elecci\u00f3n del camarote<br \/>\n<i class=\"fa amarillo-color fa-check fa-fw\"><\/i>Comida y bebidas ilimitadas (My Drinks)<br \/>\n<i class=\"fa amarillo-color fa-check fa-fw\"><\/i>Tasas y Propinas<br \/>\n<i class=\"fa amarillo-color fa-check fa-fw\"><\/i>Pol\u00edtica de cancelaci\u00f3n flexible<br \/>\n<i class=\"fa amarillo-color fa-check fa-fw\"><\/i>Descuentos en el siguiente crucero<br \/>\n<i class=\"fa amarillo-color fa-check fa-fw\"><\/i>Turno de cena deseado<br \/>\n<i class=\"fa amarillo-color fa-check fa-fw\"><\/i>Y adem\u00e1s si escoges categor\u00eda Suite, obtendr\u00e1s el paquete de bebidas, My Drinks Plus.<\/div>\n<div class=\"col-md-6 text-justify\"><i class=\"fa amarillo-color fa-check fa-fw\"><\/i>Tasas de embarque incluidas<br \/>\n<i class=\"fa amarillo-color fa-check fa-fw\"><\/i>Pensi\u00f3n completa<br \/>\n<i class=\"fa amarillo-color fa-check fa-fw\"><\/i>Camarote garantizado asignado autom\u00e1ticamente por el sistema<br \/>\n<i class=\"fa amarillo-color fa-check fa-fw\"><\/i>Permite la acumulaci\u00f3n de puntos CostaClub s\u00f3lo por gastos a bordo (no por d\u00edas de crucero)<br \/>\n<i class=\"fa amarillo-color fa-check fa-fw\"><\/i>La tarifa no es acumulable con otras promociones y no es retroactiva<br \/>\n<i class=\"fa amarillo-color fa-check fa-fw\"><\/i>Condiciones de cancelaci\u00f3n del crucero: se aplica una penalizaci\u00f3n del 100% (en periodos de campa\u00f1a, consulta condiciones)<br \/>\n<i class=\"fa amarillo-color fa-check fa-fw\"><\/i>Plazas limitadas<\/div>\n<\/div>\n<div class=\"row\">\n<div class=\"col-md-6\">\n<h3 class=\"text-center\">Tarifa My Cruise<\/h3>\n<\/div>\n<div class=\"col-md-12 text-justify\">Elecci\u00f3n del camarote deseado<br \/>\nPensi\u00f3n completa<br \/>\nTasas de embarque y cuota de servicio incluidas<br \/>\nPol\u00edtica de cancelaci\u00f3n flexible<br \/>\nDescuentos en el siguiente crucero para Socios Costa Club<br \/>\nTurno de cena deseado<br \/>\nPaquete\u00a0<b>opcional<\/b>\u00a0My Explorations<br \/>\nPaquete\u00a0<b>opcional<\/b>\u00a0My Drinks<br \/>\n*No incluido servicio en el camarote.<\/div>\n<h2>El precio incluye<\/h2>\n<ul class=\"pl15\">\n<li style=\"list-style-type: none;\">\n<ul>\n<li>Pensi\u00f3n completa y en algunas tarifas se incluyen las bebidas y propinas.<\/li>\n<li>Actividades a bordo, equipamiento deportivo y animaci\u00f3n nocturna.<\/li>\n<li>Gimnasio, polideportivos, pistas de jogging, piscinas e hidromasajes.<\/li>\n<li>Espect\u00e1culos musicales, fiestas tem\u00e1ticas y discoteca.<\/li>\n<\/ul>\n<\/li>\n<\/ul>\n<h2>El precio no incluye<\/h2>\n<ul class=\"pl15\">\n<li style=\"list-style-type: none;\">\n<ul>\n<li>Propinas (dependiendo de la tarifa)<\/li>\n<li>Seguros.<\/li>\n<li>Sal\u00f3n de belleza, Spa, cursos de yoga y entrenador personal.<\/li>\n<li>\u00abC\u00bb Wonder (simulador deportivo) y Casino.<\/li>\n<li>Excursiones.<\/li>\n<li>Lavander\u00eda.<\/li>\n<li>Fot\u00f3grafo.<\/li>\n<li>Servicio de internet.<\/li>\n<\/ul>\n<\/li>\n<\/ul>\n<\/div>\n","protected":false},"excerpt":{"rendered":"<h2>Oasis of the Seas: Mediterr\u00e1neo Occidental. 7 Noches: Barcelona, Palma de Mallorca, Provenza, Florencia, Roma, N\u00e1poles, Capri, Barcelona. Mayo-Octubre 2024<\/h2>\n<p>&nbsp;<\/p>\n","protected":false},"featured_media":12641,"comment_status":"open","ping_status":"closed","template":"","meta":{"content-type":""},"product_cat":[347],"product_tag":[360,354,350,359],"_links":{"self":[{"href":"https:\/\/www.persimmontravels.com\/es\/wp-json\/wp\/v2\/product\/12489"}],"collection":[{"href":"https:\/\/www.persimmontravels.com\/es\/wp-json\/wp\/v2\/product"}],"about":[{"href":"https:\/\/www.persimmontravels.com\/es\/wp-json\/wp\/v2\/types\/product"}],"replies":[{"embeddable":true,"href":"https:\/\/www.persimmontravels.com\/es\/wp-json\/wp\/v2\/comments?post=12489"}],"wp:featuredmedia":[{"embeddable":true,"href":"https:\/\/www.persimmontravels.com\/es\/wp-json\/wp\/v2\/media\/12641"}],"wp:attachment":[{"href":"https:\/\/www.persimmontravels.com\/es\/wp-json\/wp\/v2\/media?parent=12489"}],"wp:term":[{"taxonomy":"product_cat","embeddable":true,"href":"https:\/\/www.persimmontravels.com\/es\/wp-json\/wp\/v2\/product_cat?post=12489"},{"taxonomy":"product_tag","embeddable":true,"href":"https:\/\/www.persimmontravels.com\/es\/wp-json\/wp\/v2\/product_tag?post=12489"}],"curies":[{"name":"wp","href":"https:\/\/api.w.org\/{rel}","templated":true}]}}