{"id":1226,"date":"2020-07-14T19:19:09","date_gmt":"2020-07-14T19:19:09","guid":{"rendered":"https:\/\/www.persimmontravels.com\/?post_type=product&#038;p=1226"},"modified":"2020-07-14T19:31:26","modified_gmt":"2020-07-14T19:31:26","slug":"alquiler-de-patinetes-electricos","status":"publish","type":"product","link":"https:\/\/www.persimmontravels.com\/es\/producto\/alquiler-de-patinetes-electricos\/","title":{"rendered":"Alquiler de Patinetes el\u00e9ctricos"},"content":{"rendered":"<p><img decoding=\"async\" loading=\"lazy\" class=\"aligncenter\" src=\"https:\/\/www.persimmontravels.com\/wp-content\/uploads\/2020\/07\/descarga-1.jpg\" alt=\"rent electric bike seville\" width=\"195\" height=\"149\" \/><\/p>\n<p><em>Alquila tu <strong>pat\u00edn el\u00e9ctrico<\/strong><\/em>\u00a0para darte tu paseo por Sevilla total gran autonom\u00eda.<\/p>\n<p><em>Sevilla<\/em> es la ciudad ideal para alquilar un pat\u00edn<em>\u00a0el\u00e9ctrica<\/em> y pasear por sus avenidas, sus parques, la zona monumental o a lo largo del r\u00edo Guadalquivir.<\/p>\n<p>El buen tiempo casi todo el a\u00f1o<img decoding=\"async\" loading=\"lazy\" class=\"wp-image-1220 alignleft\" src=\"https:\/\/www.persimmontravels.com\/wp-content\/uploads\/2020\/07\/descarga-3.jpg\" alt=\"electric scooter in Seville\" width=\"127\" height=\"117\" srcset=\"https:\/\/www.persimmontravels.com\/wp-content\/uploads\/2020\/07\/descarga-3.jpg 234w, https:\/\/www.persimmontravels.com\/wp-content\/uploads\/2020\/07\/descarga-3-75x70.jpg 75w\" sizes=\"(max-width: 127px) 100vw, 127px\" \/><br \/>\ny la situaci\u00f3n plana de la ciudad,\u00a0 hace que disfrutes de este paseo con gran autonom\u00eda.<\/p>\n<p>Puedes alquilar <em>el patinete el\u00e9ctrico<\/em> por ti mismo, para que circules libremente por la ciudad.\u00a0 O alquila una visita guiada en<em> bicicleta el\u00e9ctrica<\/em>, por lo que adem\u00e1s de divertirte con nuestros amables gu\u00edas, no te perder\u00e1s nada de los sitios m\u00e1s importantes de Sevilla, adem\u00e1s de dejarte aconsejar por sus conocimientos de los mejores lugares para degustar tapas, ver <em>el mejor espect\u00e1culo flamenco de Sevilla<\/em>, cenar en los mejores restaurantes o descubrir los lugares de ocio.<\/p>\n<p>Y si quieres dejarte llevar, no dudes en alquilar el tour de tapas de scooter: \u00a1nunca lo olvidar\u00e1s!<\/p>\n<p><img decoding=\"async\" class=\"aligncenter\" src=\"https:\/\/www.persimmontravels.com\/wp-content\/uploads\/2020\/03\/aracena3.png\" alt=\"electric bikes tapas tour\" \/><\/p>\n<p><img decoding=\"async\" loading=\"lazy\" class=\"aligncenter\" src=\"https:\/\/www.persimmontravels.com\/wp-content\/uploads\/2020\/07\/SafeTravels_Instagram-300x300.png\" width=\"151\" height=\"151\" \/><\/p>\n<p><img decoding=\"async\" loading=\"lazy\" class=\"aligncenter\" src=\"https:\/\/www.persimmontravels.com\/wp-content\/uploads\/2020\/03\/descarga-2-2.jpg\" width=\"124\" height=\"103\" \/> <img decoding=\"async\" loading=\"lazy\" class=\"aligncenter\" src=\"https:\/\/www.persimmontravels.com\/wp-content\/uploads\/2020\/03\/descarga-1-3.jpg\" alt=\"www.persimmontravels.com\" width=\"124\" height=\"124\" \/><\/p>\n","protected":false},"excerpt":{"rendered":"<p>Alquila tu pat\u00edn el\u00e9ctrico\u00a0para darte tu paseo por Sevilla total<\/p>\n","protected":false},"featured_media":1222,"comment_status":"open","ping_status":"closed","template":"","meta":{"content-type":""},"product_cat":[156,196,254,172],"product_tag":[193,194],"_links":{"self":[{"href":"https:\/\/www.persimmontravels.com\/es\/wp-json\/wp\/v2\/product\/1226"}],"collection":[{"href":"https:\/\/www.persimmontravels.com\/es\/wp-json\/wp\/v2\/product"}],"about":[{"href":"https:\/\/www.persimmontravels.com\/es\/wp-json\/wp\/v2\/types\/product"}],"replies":[{"embeddable":true,"href":"https:\/\/www.persimmontravels.com\/es\/wp-json\/wp\/v2\/comments?post=1226"}],"wp:featuredmedia":[{"embeddable":true,"href":"https:\/\/www.persimmontravels.com\/es\/wp-json\/wp\/v2\/media\/1222"}],"wp:attachment":[{"href":"https:\/\/www.persimmontravels.com\/es\/wp-json\/wp\/v2\/media?parent=1226"}],"wp:term":[{"taxonomy":"product_cat","embeddable":true,"href":"https:\/\/www.persimmontravels.com\/es\/wp-json\/wp\/v2\/product_cat?post=1226"},{"taxonomy":"product_tag","embeddable":true,"href":"https:\/\/www.persimmontravels.com\/es\/wp-json\/wp\/v2\/product_tag?post=1226"}],"curies":[{"name":"wp","href":"https:\/\/api.w.org\/{rel}","templated":true}]}}