{"id":11922,"date":"2023-09-08T08:25:52","date_gmt":"2023-09-08T08:25:52","guid":{"rendered":"https:\/\/www.persimmontravels.com\/?post_type=product&#038;p=11922"},"modified":"2023-09-11T05:36:53","modified_gmt":"2023-09-11T05:36:53","slug":"leyendas-de-capadocia-incluye-vuelos-desde-malaga-valencia-madrid-y-barcelona-8-dias","status":"publish","type":"product","link":"https:\/\/www.persimmontravels.com\/es\/producto\/leyendas-de-capadocia-incluye-vuelos-desde-malaga-valencia-madrid-y-barcelona-8-dias\/","title":{"rendered":"Leyendas de Capadocia. Incluye Vuelos desde M\u00e1laga, Valencia, Madrid y Barcelona. (8 d\u00edas)"},"content":{"rendered":"<h2>Itinerario: Visitas a <b>Capadocia y Estambul. <\/b>(8 d\u00edas)<\/h2>\n<h2>&#8211; Salida desde M\u00e1laga, Valencia, Madrid y Barcelona. (8 d\u00edas)-. Salidas S\u00e1bados.<\/h2>\n<p class=\"subtit\"><b>Viaje: 8 d\u00edas. Con salidas desde: <\/b>M\u00e1laga, Valencia, Madrid y Barcelona.<\/p>\n<p class=\"subtit\"><b>Lugares a visitar: Capadocia y Estambul.<\/b><\/p>\n<p><img decoding=\"async\" loading=\"lazy\" class=\"alignnone size-full wp-image-11924\" src=\"https:\/\/www.persimmontravels.com\/wp-content\/uploads\/2023\/09\/1-3.png\" alt=\"\" width=\"1414\" height=\"2000\" srcset=\"https:\/\/www.persimmontravels.com\/wp-content\/uploads\/2023\/09\/1-3.png 1414w, https:\/\/www.persimmontravels.com\/wp-content\/uploads\/2023\/09\/1-3-212x300.png 212w, https:\/\/www.persimmontravels.com\/wp-content\/uploads\/2023\/09\/1-3-724x1024.png 724w, https:\/\/www.persimmontravels.com\/wp-content\/uploads\/2023\/09\/1-3-768x1086.png 768w, https:\/\/www.persimmontravels.com\/wp-content\/uploads\/2023\/09\/1-3-1086x1536.png 1086w, https:\/\/www.persimmontravels.com\/wp-content\/uploads\/2023\/09\/1-3-600x849.png 600w\" sizes=\"(max-width: 1414px) 100vw, 1414px\" \/><img decoding=\"async\" loading=\"lazy\" class=\"alignnone size-full wp-image-11929\" src=\"https:\/\/www.persimmontravels.com\/wp-content\/uploads\/2023\/09\/2-3.png\" alt=\"\" width=\"1414\" height=\"2000\" srcset=\"https:\/\/www.persimmontravels.com\/wp-content\/uploads\/2023\/09\/2-3.png 1414w, https:\/\/www.persimmontravels.com\/wp-content\/uploads\/2023\/09\/2-3-212x300.png 212w, https:\/\/www.persimmontravels.com\/wp-content\/uploads\/2023\/09\/2-3-724x1024.png 724w, https:\/\/www.persimmontravels.com\/wp-content\/uploads\/2023\/09\/2-3-768x1086.png 768w, https:\/\/www.persimmontravels.com\/wp-content\/uploads\/2023\/09\/2-3-1086x1536.png 1086w, https:\/\/www.persimmontravels.com\/wp-content\/uploads\/2023\/09\/2-3-600x849.png 600w\" sizes=\"(max-width: 1414px) 100vw, 1414px\" \/><\/p>\n<p>IMPORTANTE: este programa incluye vuelos internacionales con derecho a una maleta de 20k + bolso de mano. El vuelo dom\u00e9stico SOLO admite 15k+1de mano de 7k. Se necesita copias de los documentos con los que viajar los pasajeros para la reserva\/emisi\u00f3n de vuelos. Tasas incluidas calculadas a fecha 15\/03 (280\u20ac por persona). En caso de subida se informar\u00e1 con un m\u00ednimo de 21 d\u00edas antes.<\/p>\n<p>Si los horarios de los vuelos de llegada y salida no coinciden con horarios laborables, el operador puede cobrar un suplemento por traslado nocturno. El orden de las visitas puede variar. INCLUYE Hoteles, R\u00e9gimen Alimenticio, Visitas y gu\u00edas seg\u00fan se especifique o no, en el itinerario -Traslado de llegada -Traslado de salida -Transporte entre ciudades &#8211; Vuelo Madrid-Capadocia (v\u00eda IST) \/ Izmir- Estambul \/ Estambul-Madrid de TK clase G -7 desayuno\/s -4 comida\/s -3 cena\/s. NO INCLUYE Todo incluido -Bebidas -Vuelos -Seguros -Visados, si fueran necesarios -Las entradas que no est\u00e9n expresamente mencionadas en el itinerario dia a d\u00eda, no est\u00e1n incluidas .<\/p>\n","protected":false},"excerpt":{"rendered":"<h1>Leyenda de Capadocia. Estambul (Turqu\u00eda), 8 d\u00edas desde 1362 \u20ac (Salida desde M\u00e1laga, Valencia, Madrid y Barcelona). Los s\u00e1bados 7, 14, 21 y 28 de octubre 2023.<\/h1>\n<p><img decoding=\"async\" loading=\"lazy\" class=\"alignnone size-full wp-image-11913\" src=\"https:\/\/www.persimmontravels.com\/wp-content\/uploads\/2023\/09\/Imagen-de-WhatsApp-2023-09-05-a-las-13.53.08.jpg\" alt=\"\" width=\"1079\" height=\"1088\" srcset=\"https:\/\/www.persimmontravels.com\/wp-content\/uploads\/2023\/09\/Imagen-de-WhatsApp-2023-09-05-a-las-13.53.08.jpg 1079w, https:\/\/www.persimmontravels.com\/wp-content\/uploads\/2023\/09\/Imagen-de-WhatsApp-2023-09-05-a-las-13.53.08-298x300.jpg 298w, https:\/\/www.persimmontravels.com\/wp-content\/uploads\/2023\/09\/Imagen-de-WhatsApp-2023-09-05-a-las-13.53.08-1016x1024.jpg 1016w, https:\/\/www.persimmontravels.com\/wp-content\/uploads\/2023\/09\/Imagen-de-WhatsApp-2023-09-05-a-las-13.53.08-150x150.jpg 150w, https:\/\/www.persimmontravels.com\/wp-content\/uploads\/2023\/09\/Imagen-de-WhatsApp-2023-09-05-a-las-13.53.08-768x774.jpg 768w, https:\/\/www.persimmontravels.com\/wp-content\/uploads\/2023\/09\/Imagen-de-WhatsApp-2023-09-05-a-las-13.53.08-88x88.jpg 88w, https:\/\/www.persimmontravels.com\/wp-content\/uploads\/2023\/09\/Imagen-de-WhatsApp-2023-09-05-a-las-13.53.08-600x605.jpg 600w, https:\/\/www.persimmontravels.com\/wp-content\/uploads\/2023\/09\/Imagen-de-WhatsApp-2023-09-05-a-las-13.53.08-100x100.jpg 100w\" sizes=\"(max-width: 1079px) 100vw, 1079px\" \/><\/p>\n","protected":false},"featured_media":12082,"comment_status":"open","ping_status":"closed","template":"","meta":{"content-type":""},"product_cat":[349],"product_tag":[],"_links":{"self":[{"href":"https:\/\/www.persimmontravels.com\/es\/wp-json\/wp\/v2\/product\/11922"}],"collection":[{"href":"https:\/\/www.persimmontravels.com\/es\/wp-json\/wp\/v2\/product"}],"about":[{"href":"https:\/\/www.persimmontravels.com\/es\/wp-json\/wp\/v2\/types\/product"}],"replies":[{"embeddable":true,"href":"https:\/\/www.persimmontravels.com\/es\/wp-json\/wp\/v2\/comments?post=11922"}],"wp:featuredmedia":[{"embeddable":true,"href":"https:\/\/www.persimmontravels.com\/es\/wp-json\/wp\/v2\/media\/12082"}],"wp:attachment":[{"href":"https:\/\/www.persimmontravels.com\/es\/wp-json\/wp\/v2\/media?parent=11922"}],"wp:term":[{"taxonomy":"product_cat","embeddable":true,"href":"https:\/\/www.persimmontravels.com\/es\/wp-json\/wp\/v2\/product_cat?post=11922"},{"taxonomy":"product_tag","embeddable":true,"href":"https:\/\/www.persimmontravels.com\/es\/wp-json\/wp\/v2\/product_tag?post=11922"}],"curies":[{"name":"wp","href":"https:\/\/api.w.org\/{rel}","templated":true}]}}