{"id":11901,"date":"2023-09-05T11:17:17","date_gmt":"2023-09-05T11:17:17","guid":{"rendered":"https:\/\/www.persimmontravels.com\/?post_type=product&#038;p=11901"},"modified":"2023-09-09T12:06:04","modified_gmt":"2023-09-09T12:06:04","slug":"estambul-city-break-4-dias-septiembre-a-octubre-2023-salida-desde-estambul-turquia","status":"publish","type":"product","link":"https:\/\/www.persimmontravels.com\/es\/producto\/estambul-city-break-4-dias-septiembre-a-octubre-2023-salida-desde-estambul-turquia\/","title":{"rendered":"Estambul C\u0131ty Break, 4 d\u00edas (Septiembre a Octubre 2023) Salida desde Estambul (Turqu\u00eda)"},"content":{"rendered":"<h2>Itinerario: C\u0131ty Break (4 d\u00edas)<\/h2>\n<h2>&#8211; Salida desde Estambul (Turqu\u00eda) cuatro noches-. Salidas Mi\u00e9rcoles, Jueves, Viernes, S\u00e1bados y Domingos. No incluye vuelos a Turqu\u00eda<\/h2>\n<p class=\"subtit\"><b>Viaje: 4 d\u00edas. Con salidas desde: <\/b>Estambul<\/p>\n<p class=\"subtit\"><b>Lugares a visitar: Bazar Egipcio, el B\u00f3sforo, Sultanahmet y el Palacio de Topkapi.<\/b><\/p>\n<p><img decoding=\"async\" loading=\"lazy\" class=\"alignnone size-full wp-image-11907\" src=\"https:\/\/www.persimmontravels.com\/wp-content\/uploads\/2023\/09\/Estambul-City-Break.png\" alt=\"\" width=\"1414\" height=\"2000\" srcset=\"https:\/\/www.persimmontravels.com\/wp-content\/uploads\/2023\/09\/Estambul-City-Break.png 1414w, https:\/\/www.persimmontravels.com\/wp-content\/uploads\/2023\/09\/Estambul-City-Break-212x300.png 212w, https:\/\/www.persimmontravels.com\/wp-content\/uploads\/2023\/09\/Estambul-City-Break-724x1024.png 724w, https:\/\/www.persimmontravels.com\/wp-content\/uploads\/2023\/09\/Estambul-City-Break-768x1086.png 768w, https:\/\/www.persimmontravels.com\/wp-content\/uploads\/2023\/09\/Estambul-City-Break-1086x1536.png 1086w, https:\/\/www.persimmontravels.com\/wp-content\/uploads\/2023\/09\/Estambul-City-Break-600x849.png 600w\" sizes=\"(max-width: 1414px) 100vw, 1414px\" \/><\/p>\n<p>Este programa no incluye vuelos a Estambul. IMPORTANTE:\u00a0Incluye las entradas a las visitas indicadas en el itinerario. No incluye: propinas a choferes y gu\u00edas al criterio del cliente. Normalmente las excursiones opcionales salen m\u00e1s baratas comprando en destino. Reservarlas con anterioridad lo \u00fanico que garantiza es la disponibilidad. En destino es mejor pagar en cash, ya que el pago con tarjeta no siempre est\u00e1 disponible e implica aprox. un 5% de encarecimiento. INCLUYE Hoteles, R\u00e9gimen Alimenticio, Visitas y gu\u00edas seg\u00fan se especifique o no, en el itinerario -Traslado de llegada -Traslado de salida -3 desayuno\/s -2 comida\/s NO INCLUYE cena\/s -Todo incluido -Bebidas -Vuelos -Seguros -Visados, si fueran necesarios -Las entradas que no est\u00e9n expresamente mencionadas en el itinerario d\u00eda a d\u00eda, no est\u00e1n incluidas &#8211;<\/p>\n","protected":false},"excerpt":{"rendered":"<h1>Viaje Estambul C\u0131ty Break, 4 d\u00edas desde 362 \u20ac\u00a0(Septiembre a Octubre 2023) Salida desde Estambul (Turqu\u00eda).<\/h1>\n<p><img decoding=\"async\" loading=\"lazy\" class=\"alignnone size-full wp-image-11913\" src=\"https:\/\/www.persimmontravels.com\/wp-content\/uploads\/2023\/09\/Imagen-de-WhatsApp-2023-09-05-a-las-13.53.08.jpg\" alt=\"\" width=\"1079\" height=\"1088\" srcset=\"https:\/\/www.persimmontravels.com\/wp-content\/uploads\/2023\/09\/Imagen-de-WhatsApp-2023-09-05-a-las-13.53.08.jpg 1079w, https:\/\/www.persimmontravels.com\/wp-content\/uploads\/2023\/09\/Imagen-de-WhatsApp-2023-09-05-a-las-13.53.08-298x300.jpg 298w, https:\/\/www.persimmontravels.com\/wp-content\/uploads\/2023\/09\/Imagen-de-WhatsApp-2023-09-05-a-las-13.53.08-1016x1024.jpg 1016w, https:\/\/www.persimmontravels.com\/wp-content\/uploads\/2023\/09\/Imagen-de-WhatsApp-2023-09-05-a-las-13.53.08-150x150.jpg 150w, https:\/\/www.persimmontravels.com\/wp-content\/uploads\/2023\/09\/Imagen-de-WhatsApp-2023-09-05-a-las-13.53.08-768x774.jpg 768w, https:\/\/www.persimmontravels.com\/wp-content\/uploads\/2023\/09\/Imagen-de-WhatsApp-2023-09-05-a-las-13.53.08-88x88.jpg 88w, https:\/\/www.persimmontravels.com\/wp-content\/uploads\/2023\/09\/Imagen-de-WhatsApp-2023-09-05-a-las-13.53.08-600x605.jpg 600w, https:\/\/www.persimmontravels.com\/wp-content\/uploads\/2023\/09\/Imagen-de-WhatsApp-2023-09-05-a-las-13.53.08-100x100.jpg 100w\" sizes=\"(max-width: 1079px) 100vw, 1079px\" \/><\/p>\n","protected":false},"featured_media":11913,"comment_status":"open","ping_status":"closed","template":"","meta":{"content-type":""},"product_cat":[349],"product_tag":[],"_links":{"self":[{"href":"https:\/\/www.persimmontravels.com\/es\/wp-json\/wp\/v2\/product\/11901"}],"collection":[{"href":"https:\/\/www.persimmontravels.com\/es\/wp-json\/wp\/v2\/product"}],"about":[{"href":"https:\/\/www.persimmontravels.com\/es\/wp-json\/wp\/v2\/types\/product"}],"replies":[{"embeddable":true,"href":"https:\/\/www.persimmontravels.com\/es\/wp-json\/wp\/v2\/comments?post=11901"}],"wp:featuredmedia":[{"embeddable":true,"href":"https:\/\/www.persimmontravels.com\/es\/wp-json\/wp\/v2\/media\/11913"}],"wp:attachment":[{"href":"https:\/\/www.persimmontravels.com\/es\/wp-json\/wp\/v2\/media?parent=11901"}],"wp:term":[{"taxonomy":"product_cat","embeddable":true,"href":"https:\/\/www.persimmontravels.com\/es\/wp-json\/wp\/v2\/product_cat?post=11901"},{"taxonomy":"product_tag","embeddable":true,"href":"https:\/\/www.persimmontravels.com\/es\/wp-json\/wp\/v2\/product_tag?post=11901"}],"curies":[{"name":"wp","href":"https:\/\/api.w.org\/{rel}","templated":true}]}}