{"id":11787,"date":"2023-09-02T13:01:39","date_gmt":"2023-09-02T13:01:39","guid":{"rendered":"https:\/\/www.persimmontravels.com\/?post_type=product&#038;p=11787"},"modified":"2023-09-03T16:23:49","modified_gmt":"2023-09-03T16:23:49","slug":"barranquismo-jorox","status":"publish","type":"product","link":"https:\/\/www.persimmontravels.com\/es\/producto\/barranquismo-jorox\/","title":{"rendered":"Barranquismo: Jorox"},"content":{"rendered":"<p>[vc_row][vc_column][vc_column_text]<img decoding=\"async\" loading=\"lazy\" class=\"alignnone size-full wp-image-11831\" src=\"https:\/\/www.persimmontravels.com\/wp-content\/uploads\/2023\/09\/Screenshot_2023-09-02-16-12-28-35_6012fa4d4ddec268fc5c7112cbb265e7-01.jpeg\" alt=\"Cascadas Jorox\" width=\"1079\" height=\"900\" srcset=\"https:\/\/www.persimmontravels.com\/wp-content\/uploads\/2023\/09\/Screenshot_2023-09-02-16-12-28-35_6012fa4d4ddec268fc5c7112cbb265e7-01.jpeg 1079w, https:\/\/www.persimmontravels.com\/wp-content\/uploads\/2023\/09\/Screenshot_2023-09-02-16-12-28-35_6012fa4d4ddec268fc5c7112cbb265e7-01-300x250.jpeg 300w, https:\/\/www.persimmontravels.com\/wp-content\/uploads\/2023\/09\/Screenshot_2023-09-02-16-12-28-35_6012fa4d4ddec268fc5c7112cbb265e7-01-1024x854.jpeg 1024w, https:\/\/www.persimmontravels.com\/wp-content\/uploads\/2023\/09\/Screenshot_2023-09-02-16-12-28-35_6012fa4d4ddec268fc5c7112cbb265e7-01-768x641.jpeg 768w, https:\/\/www.persimmontravels.com\/wp-content\/uploads\/2023\/09\/Screenshot_2023-09-02-16-12-28-35_6012fa4d4ddec268fc5c7112cbb265e7-01-600x500.jpeg 600w\" sizes=\"(max-width: 1079px) 100vw, 1079px\" \/>[\/vc_column_text][\/vc_column][\/vc_row][vc_row][vc_column][vc_column_text]Un barranco muy divertido y perfecto para iniciarte en este magn\u00edfico mundo del descenso acu\u00e1tico.<\/p>\n<p>\u2705Un barranco cortito, de duraci\u00f3n aproximada 2 horas en donde\u00a0 no parar\u00e1s de disfrutar de sus rapel y toboganes.<\/p>\n<p>\u2705El Barranco se situa en la localidad de Jorox .<\/p>\n<p>\u2705Se inicia la actividaad en el Punto de Encuentro\u00a0 a las 10;00 de la ma\u00f1ana donde se ofrecen las explicciones y se otorga material.<\/p>\n<p>\u2705Incluye material espec\u00edfico de barranquismo<br \/>\n\u2705seguros rc y accidente<br \/>\n\u2705Actividad esarrollada con la asistencia de monitores<br \/>\n\u2705Reportaje fotogr\u00e1fico<\/p>\n<p>\ud83e\udd14QUE ME LLEVO \ud83e\udd14<br \/>\n\u2705Zapatillas deportivas para barranco<br \/>\n\u2705Bikini o ba\u00f1ador para debajo neopreno<br \/>\n\u2705Ropa de cambio para despu\u00e9s actividad<br \/>\n\u2705Algo de comidaa para picar:\u00a0 barrita energ\u00e9tica\u00a0 o frutos secos<br \/>\n\u2705Mochila para llevar botella agua y agua<\/p>\n<p>[\/vc_column_text][\/vc_column][\/vc_row][vc_row][vc_column][vc_column_text]<\/p>\n<p class=\"_04xlpA direction-ltr align-start para-style-body\">HORARIO<\/p>\n<p class=\"_04xlpA direction-ltr align-start para-style-body\"><span class=\"WdYUQQ text-decoration-none text-strikethrough-none\">\u231a10;00 horas punto de encuentro<\/span><\/p>\n<p class=\"_04xlpA direction-ltr align-start para-style-body\"><span class=\"WdYUQQ text-decoration-none text-strikethrough-none\">\u231a10;30 reparto material y explicaci\u00f3n<\/span><\/p>\n<p class=\"_04xlpA direction-ltr align-start para-style-body\"><span class=\"WdYUQQ text-decoration-none text-strikethrough-none\">\u231a11;30 comienzo aventura<\/span><\/p>\n<p class=\"_04xlpA direction-ltr align-start para-style-body\"><span class=\"WdYUQQ text-decoration-none text-strikethrough-none\">\u231a16:00 aproximadamente.<\/span><\/p>\n<p>[\/vc_column_text][\/vc_column][\/vc_row][vc_row][vc_column][vc_column_text]MATERIAL NECESARIO<\/p>\n<p>Zapatillas deportivas o botas para realizar actividad: preferiblemente calzado que asegure bien el tobillo para andar por el agua y que est\u00e9n en buen estado.<\/p>\n<p>Bikini o ba\u00f1ador para separar el neopreno de la piel y ropa seca tras la fiscalizaci\u00f3n de de la actividad.<\/p>\n<p>Avituallamiento durante la actividad de descenso del barranco (agua, zumos, frutos secos, fruta, barritas energ\u00e9ticas, etc.).<\/p>\n<p>Para su transporte es recomendable llevar una mochila peque\u00f1a. Comida tras la finalizaci\u00f3n del descenso del barranco. En este caso se puede dejar en los propios veh\u00edculos para disfrutar posteriormente del almuerzo.[\/vc_column_text][\/vc_column][\/vc_row][vc_row][vc_column][vc_column_text]<\/p>\n<p class=\"_04xlpA direction-ltr align-start para-style-body\"><span class=\"WdYUQQ text-decoration-none text-strikethrough-none\">MATERIAL PROPORCIONADO POR AVENTURA SIN L\u00cdMITE:<\/span><\/p>\n<p class=\"_04xlpA direction-ltr align-start para-style-body\"><span class=\"WdYUQQ text-decoration-none text-strikethrough-none\">Traje de Neopreno<\/span><\/p>\n<p class=\"_04xlpA direction-ltr align-start para-style-body\"><span class=\"WdYUQQ text-decoration-none text-strikethrough-none\">Casco de seguridad<\/span><\/p>\n<p class=\"_04xlpA direction-ltr align-start para-style-body\"><span class=\"WdYUQQ text-decoration-none text-strikethrough-none\">Arn\u00e9s<\/span><\/p>\n<p class=\"_04xlpA direction-ltr align-start para-style-body\"><span class=\"WdYUQQ text-decoration-none text-strikethrough-none\">Bote estanco<\/span><\/p>\n<p class=\"_04xlpA direction-ltr align-start para-style-body\"><span class=\"WdYUQQ text-decoration-none text-strikethrough-none\">Seguro de Responsabilidad Civil y Seguro de accidentes<\/span><\/p>\n<p class=\"_04xlpA direction-ltr align-start para-style-body\"><span class=\"WdYUQQ text-decoration-none text-strikethrough-none\">Reportaje fotogr\u00e1fico y video<\/span><\/p>\n<p>[\/vc_column_text][\/vc_column][\/vc_row]<\/p>\n","protected":false},"excerpt":{"rendered":"<h1><strong><span class=\"WdYUQQ text-decoration-none text-strikethrough-none\">Descenso de Barranquismo\u00a0 \u00a0 \u00a0 \u00a0 \u00a0 \u00a0 \u00a0 \u00a0 \u00a0 \u00a0 \u00a0 \u00a0 \u00a0 \u00a0 \u00a0 \u00a0 \u00a0 \u00a0 \u00a0 \u00a0 \u00a0 \u00a0 \u00a0 \u00a0 \u00a0 \u00a0 \u00a0 <\/span><\/strong><\/h1>\n<h1>Barranco de Jorox<\/h1>\n<p><img decoding=\"async\" loading=\"lazy\" class=\"alignnone size-full wp-image-10495\" src=\"https:\/\/www.persimmontravels.com\/wp-content\/uploads\/2023\/08\/2023-05-14-5-logo-1.png\" alt=\"barranquismo cadiz\" width=\"628\" height=\"257\" srcset=\"https:\/\/www.persimmontravels.com\/wp-content\/uploads\/2023\/08\/2023-05-14-5-logo-1.png 628w, https:\/\/www.persimmontravels.com\/wp-content\/uploads\/2023\/08\/2023-05-14-5-logo-1-300x123.png 300w, https:\/\/www.persimmontravels.com\/wp-content\/uploads\/2023\/08\/2023-05-14-5-logo-1-600x246.png 600w\" sizes=\"(max-width: 628px) 100vw, 628px\" \/><img decoding=\"async\" loading=\"lazy\" class=\"alignnone size-full wp-image-11801\" src=\"https:\/\/www.persimmontravels.com\/wp-content\/uploads\/2023\/09\/Screenshot_2023-09-02-16-11-32-42_6012fa4d4ddec268fc5c7112cbb265e7-01.jpeg\" alt=\"Barranquismo barato\" width=\"1077\" height=\"689\" srcset=\"https:\/\/www.persimmontravels.com\/wp-content\/uploads\/2023\/09\/Screenshot_2023-09-02-16-11-32-42_6012fa4d4ddec268fc5c7112cbb265e7-01.jpeg 1077w, https:\/\/www.persimmontravels.com\/wp-content\/uploads\/2023\/09\/Screenshot_2023-09-02-16-11-32-42_6012fa4d4ddec268fc5c7112cbb265e7-01-300x192.jpeg 300w, https:\/\/www.persimmontravels.com\/wp-content\/uploads\/2023\/09\/Screenshot_2023-09-02-16-11-32-42_6012fa4d4ddec268fc5c7112cbb265e7-01-1024x655.jpeg 1024w, https:\/\/www.persimmontravels.com\/wp-content\/uploads\/2023\/09\/Screenshot_2023-09-02-16-11-32-42_6012fa4d4ddec268fc5c7112cbb265e7-01-768x491.jpeg 768w, https:\/\/www.persimmontravels.com\/wp-content\/uploads\/2023\/09\/Screenshot_2023-09-02-16-11-32-42_6012fa4d4ddec268fc5c7112cbb265e7-01-600x384.jpeg 600w\" sizes=\"(max-width: 1077px) 100vw, 1077px\" \/><\/p>\n<p>&nbsp;<\/p>\n","protected":false},"featured_media":11826,"comment_status":"open","ping_status":"closed","template":"","meta":{"content-type":""},"product_cat":[332],"product_tag":[329,333],"_links":{"self":[{"href":"https:\/\/www.persimmontravels.com\/es\/wp-json\/wp\/v2\/product\/11787"}],"collection":[{"href":"https:\/\/www.persimmontravels.com\/es\/wp-json\/wp\/v2\/product"}],"about":[{"href":"https:\/\/www.persimmontravels.com\/es\/wp-json\/wp\/v2\/types\/product"}],"replies":[{"embeddable":true,"href":"https:\/\/www.persimmontravels.com\/es\/wp-json\/wp\/v2\/comments?post=11787"}],"wp:featuredmedia":[{"embeddable":true,"href":"https:\/\/www.persimmontravels.com\/es\/wp-json\/wp\/v2\/media\/11826"}],"wp:attachment":[{"href":"https:\/\/www.persimmontravels.com\/es\/wp-json\/wp\/v2\/media?parent=11787"}],"wp:term":[{"taxonomy":"product_cat","embeddable":true,"href":"https:\/\/www.persimmontravels.com\/es\/wp-json\/wp\/v2\/product_cat?post=11787"},{"taxonomy":"product_tag","embeddable":true,"href":"https:\/\/www.persimmontravels.com\/es\/wp-json\/wp\/v2\/product_tag?post=11787"}],"curies":[{"name":"wp","href":"https:\/\/api.w.org\/{rel}","templated":true}]}}