{"id":11628,"date":"2023-08-27T16:47:12","date_gmt":"2023-08-27T16:47:12","guid":{"rendered":"https:\/\/www.persimmontravels.com\/?post_type=product&#038;p=11628"},"modified":"2023-09-11T08:15:36","modified_gmt":"2023-09-11T08:15:36","slug":"viaje-a-jordania-desde-madrid-octubre-2023","status":"publish","type":"product","link":"https:\/\/www.persimmontravels.com\/es\/producto\/viaje-a-jordania-desde-madrid-octubre-2023\/","title":{"rendered":"Viaje a Jordania desde Madrid (Octubre 2023)"},"content":{"rendered":"<h2><img decoding=\"async\" loading=\"lazy\" class=\"alignnone size-full wp-image-11606\" src=\"https:\/\/www.persimmontravels.com\/wp-content\/uploads\/2023\/08\/Screenshot_2023-06-09-19-53-11-05_1c337646f29875672b5a61192b9010f9-01.jpeg\" alt=\"Viajes a Petra baratos\" width=\"1079\" height=\"1350\" srcset=\"https:\/\/www.persimmontravels.com\/wp-content\/uploads\/2023\/08\/Screenshot_2023-06-09-19-53-11-05_1c337646f29875672b5a61192b9010f9-01.jpeg 1079w, https:\/\/www.persimmontravels.com\/wp-content\/uploads\/2023\/08\/Screenshot_2023-06-09-19-53-11-05_1c337646f29875672b5a61192b9010f9-01-240x300.jpeg 240w, https:\/\/www.persimmontravels.com\/wp-content\/uploads\/2023\/08\/Screenshot_2023-06-09-19-53-11-05_1c337646f29875672b5a61192b9010f9-01-818x1024.jpeg 818w, https:\/\/www.persimmontravels.com\/wp-content\/uploads\/2023\/08\/Screenshot_2023-06-09-19-53-11-05_1c337646f29875672b5a61192b9010f9-01-768x961.jpeg 768w, https:\/\/www.persimmontravels.com\/wp-content\/uploads\/2023\/08\/Screenshot_2023-06-09-19-53-11-05_1c337646f29875672b5a61192b9010f9-01-600x751.jpeg 600w\" sizes=\"(max-width: 1079px) 100vw, 1079px\" \/><\/h2>\n<h2>Itinerario: Maravillas de Jordania Hachemita y desierto. Incluye Vuelos desde Madrid, 8 d\u00edas.<\/h2>\n<p class=\"subtit\"><b>Viaje: 8 d\u00edas . Con salidas desde: Madrid. Ciudades a visitar: Amman, Petra y Wadi Rum<\/b><\/p>\n<p><img decoding=\"async\" loading=\"lazy\" class=\"alignnone size-full wp-image-11630\" src=\"https:\/\/www.persimmontravels.com\/wp-content\/uploads\/2023\/08\/jordania-ficha-1.png\" alt=\"viajes baratos\" width=\"455\" height=\"607\" srcset=\"https:\/\/www.persimmontravels.com\/wp-content\/uploads\/2023\/08\/jordania-ficha-1.png 455w, https:\/\/www.persimmontravels.com\/wp-content\/uploads\/2023\/08\/jordania-ficha-1-225x300.png 225w\" sizes=\"(max-width: 455px) 100vw, 455px\" \/><img decoding=\"async\" loading=\"lazy\" class=\"alignnone wp-image-11635\" src=\"https:\/\/www.persimmontravels.com\/wp-content\/uploads\/2023\/08\/jordania-ficha-2.png\" alt=\"petra barato\" width=\"465\" height=\"616\" srcset=\"https:\/\/www.persimmontravels.com\/wp-content\/uploads\/2023\/08\/jordania-ficha-2.png 458w, https:\/\/www.persimmontravels.com\/wp-content\/uploads\/2023\/08\/jordania-ficha-2-226x300.png 226w\" sizes=\"(max-width: 465px) 100vw, 465px\" \/><\/p>\n<p>&nbsp;<\/p>\n<p>IMPORTANTE: este programa incluye vuelos internacionales desde Madrid con derecho a una maleta de 23k. Incluidas tasas aeroportuarias.<br \/>\nSe necesita copias de los pasaportes para la reserva\/emisi\u00f3n de vuelos y la gestion del visado colectivo.<br \/>\nTasas incluidas calculadas a fecha 15\/03 (388\u20ac por persona). En caso de subida se informar\u00e1 con un minimo de 21 dias antes.<br \/>\nEn algunos paises no se recomiendan las habitaciones triples.<br \/>\nUna vez realizada la reserva, el hotel de programa no tuviera disponibilidad se ofrecera un hotel de caracteristicas similares.<br \/>\nSi los horarios de los vuelos de llegada y salida no coinciden con horarios laborables, el operador puede cobrar un suplemento por traslado nocturno.<br \/>\nEl orden de las visitas puede variar.Se informara en destino.Los hoteles del circuito se confirman siempre en destino por el corresponsal, solo se informa de antemano del asignado en\u00a0 Amman.<br \/>\nINCLUYE<br \/>\nHoteles, R\u00e9gimen Alimenticio, Visitas y gu\u00edas seg\u00fan se especifique o no, en el itinerario -Traslado de llegada -Traslado de salida -Transporte entre ciudades &#8211; Vuelo RJ Clase G, Madrid-Amman-Madrid -7 desayuno\/s -7 cena\/s<br \/>\nNO INCLUYE<br \/>\ncomida\/s -Todo incluido -Bebidas -Vuelos -Seguros -Visados, si fueran necesarios -Las entradas que no est\u00e9n expresamente mencionadas en el itinerario dia a dia, no est\u00e1n incluidas -Nada no especificado en el apartado incluye<\/p>\n<p><strong>Precios sujetos a disponibilidad. Precios v\u00e1lidos salvo error tipogr\u00e1fico. Consultar precios especiales para grupos en group@veturis.com. Plazas limitadas.<\/strong>.<\/p>\n","protected":false},"excerpt":{"rendered":"<h1>Viaje a Jordania\u00a0 vuelo desde Madrid (Octubre 2023): 8 d\u00edas. Amman, Petra y Wadi Rum<\/h1>\n<p>&nbsp;<\/p>\n<p><img decoding=\"async\" loading=\"lazy\" class=\"alignnone size-full wp-image-11596\" src=\"https:\/\/www.persimmontravels.com\/wp-content\/uploads\/2023\/08\/Jordania-1.png\" alt=\"viajes a jordania baratos\" width=\"940\" height=\"788\" srcset=\"https:\/\/www.persimmontravels.com\/wp-content\/uploads\/2023\/08\/Jordania-1.png 940w, https:\/\/www.persimmontravels.com\/wp-content\/uploads\/2023\/08\/Jordania-1-300x251.png 300w, https:\/\/www.persimmontravels.com\/wp-content\/uploads\/2023\/08\/Jordania-1-768x644.png 768w, https:\/\/www.persimmontravels.com\/wp-content\/uploads\/2023\/08\/Jordania-1-600x503.png 600w\" sizes=\"(max-width: 940px) 100vw, 940px\" \/><\/p>\n","protected":false},"featured_media":11596,"comment_status":"open","ping_status":"closed","template":"","meta":{"content-type":""},"product_cat":[349],"product_tag":[],"_links":{"self":[{"href":"https:\/\/www.persimmontravels.com\/es\/wp-json\/wp\/v2\/product\/11628"}],"collection":[{"href":"https:\/\/www.persimmontravels.com\/es\/wp-json\/wp\/v2\/product"}],"about":[{"href":"https:\/\/www.persimmontravels.com\/es\/wp-json\/wp\/v2\/types\/product"}],"replies":[{"embeddable":true,"href":"https:\/\/www.persimmontravels.com\/es\/wp-json\/wp\/v2\/comments?post=11628"}],"wp:featuredmedia":[{"embeddable":true,"href":"https:\/\/www.persimmontravels.com\/es\/wp-json\/wp\/v2\/media\/11596"}],"wp:attachment":[{"href":"https:\/\/www.persimmontravels.com\/es\/wp-json\/wp\/v2\/media?parent=11628"}],"wp:term":[{"taxonomy":"product_cat","embeddable":true,"href":"https:\/\/www.persimmontravels.com\/es\/wp-json\/wp\/v2\/product_cat?post=11628"},{"taxonomy":"product_tag","embeddable":true,"href":"https:\/\/www.persimmontravels.com\/es\/wp-json\/wp\/v2\/product_tag?post=11628"}],"curies":[{"name":"wp","href":"https:\/\/api.w.org\/{rel}","templated":true}]}}