{"id":11206,"date":"2023-08-16T15:43:35","date_gmt":"2023-08-16T15:43:35","guid":{"rendered":"https:\/\/www.persimmontravels.com\/?post_type=product&#038;p=11206"},"modified":"2024-11-17T22:10:33","modified_gmt":"2024-11-17T22:10:33","slug":"cruceros-persimmon-travels","status":"publish","type":"product","link":"https:\/\/www.persimmontravels.com\/es\/producto\/cruceros-persimmon-travels\/","title":{"rendered":"Cruceros Persimmon Travels"},"content":{"rendered":"<p>Si quieres m\u00e1s informaci\u00f3n sobre el crucero de tus sue\u00f1os o te gustar\u00eda que te enviemos nuestras ofertas especiales y descuentos de \u00faltima hora, tan solo dejanos tus datos en el formulario.<\/p>\n<p>&nbsp;<\/p>\n<p><img decoding=\"async\" loading=\"lazy\" class=\"alignnone size-full wp-image-11207\" src=\"https:\/\/www.persimmontravels.com\/wp-content\/uploads\/2023\/08\/Persimmon-Cruceros.png\" alt=\"Cruceros baratos\" width=\"511\" height=\"215\" srcset=\"https:\/\/www.persimmontravels.com\/wp-content\/uploads\/2023\/08\/Persimmon-Cruceros.png 511w, https:\/\/www.persimmontravels.com\/wp-content\/uploads\/2023\/08\/Persimmon-Cruceros-300x126.png 300w\" sizes=\"(max-width: 511px) 100vw, 511px\" \/><img decoding=\"async\" loading=\"lazy\" class=\"alignnone wp-image-11258\" src=\"https:\/\/www.persimmontravels.com\/wp-content\/uploads\/2023\/08\/carnival-logo-1.png\" alt=\"\" width=\"378\" height=\"210\" srcset=\"https:\/\/www.persimmontravels.com\/wp-content\/uploads\/2023\/08\/carnival-logo-1.png 900w, https:\/\/www.persimmontravels.com\/wp-content\/uploads\/2023\/08\/carnival-logo-1-300x167.png 300w, https:\/\/www.persimmontravels.com\/wp-content\/uploads\/2023\/08\/carnival-logo-1-768x427.png 768w, https:\/\/www.persimmontravels.com\/wp-content\/uploads\/2023\/08\/carnival-logo-1-360x200.png 360w, https:\/\/www.persimmontravels.com\/wp-content\/uploads\/2023\/08\/carnival-logo-1-600x333.png 600w\" sizes=\"(max-width: 378px) 100vw, 378px\" \/><img decoding=\"async\" loading=\"lazy\" class=\"alignnone wp-image-11233\" src=\"https:\/\/www.persimmontravels.com\/wp-content\/uploads\/2023\/08\/celestial-logo.jpg\" alt=\"\" width=\"200\" height=\"150\" srcset=\"https:\/\/www.persimmontravels.com\/wp-content\/uploads\/2023\/08\/celestial-logo.jpg 1000w, https:\/\/www.persimmontravels.com\/wp-content\/uploads\/2023\/08\/celestial-logo-300x225.jpg 300w, https:\/\/www.persimmontravels.com\/wp-content\/uploads\/2023\/08\/celestial-logo-768x576.jpg 768w, https:\/\/www.persimmontravels.com\/wp-content\/uploads\/2023\/08\/celestial-logo-600x450.jpg 600w\" sizes=\"(max-width: 200px) 100vw, 200px\" \/><img decoding=\"async\" loading=\"lazy\" class=\"alignnone wp-image-11253\" src=\"https:\/\/www.persimmontravels.com\/wp-content\/uploads\/2023\/08\/sylver-sea-logo.jpg\" alt=\"\" width=\"233\" height=\"175\" srcset=\"https:\/\/www.persimmontravels.com\/wp-content\/uploads\/2023\/08\/sylver-sea-logo.jpg 800w, https:\/\/www.persimmontravels.com\/wp-content\/uploads\/2023\/08\/sylver-sea-logo-300x225.jpg 300w, https:\/\/www.persimmontravels.com\/wp-content\/uploads\/2023\/08\/sylver-sea-logo-768x576.jpg 768w, https:\/\/www.persimmontravels.com\/wp-content\/uploads\/2023\/08\/sylver-sea-logo-600x450.jpg 600w\" sizes=\"(max-width: 233px) 100vw, 233px\" \/><img decoding=\"async\" loading=\"lazy\" class=\"alignnone wp-image-11218\" src=\"https:\/\/www.persimmontravels.com\/wp-content\/uploads\/2023\/08\/costa-cruises-logo.png\" alt=\"\" width=\"364\" height=\"121\" srcset=\"https:\/\/www.persimmontravels.com\/wp-content\/uploads\/2023\/08\/costa-cruises-logo.png 601w, https:\/\/www.persimmontravels.com\/wp-content\/uploads\/2023\/08\/costa-cruises-logo-300x100.png 300w\" sizes=\"(max-width: 364px) 100vw, 364px\" \/><img decoding=\"async\" loading=\"lazy\" class=\"alignnone wp-image-11223\" src=\"https:\/\/www.persimmontravels.com\/wp-content\/uploads\/2023\/08\/ncl-norwegian-cruise-logo.jpg\" alt=\"\" width=\"196\" height=\"147\" srcset=\"https:\/\/www.persimmontravels.com\/wp-content\/uploads\/2023\/08\/ncl-norwegian-cruise-logo.jpg 866w, https:\/\/www.persimmontravels.com\/wp-content\/uploads\/2023\/08\/ncl-norwegian-cruise-logo-300x225.jpg 300w, https:\/\/www.persimmontravels.com\/wp-content\/uploads\/2023\/08\/ncl-norwegian-cruise-logo-768x576.jpg 768w, https:\/\/www.persimmontravels.com\/wp-content\/uploads\/2023\/08\/ncl-norwegian-cruise-logo-600x450.jpg 600w\" sizes=\"(max-width: 196px) 100vw, 196px\" \/><img decoding=\"async\" loading=\"lazy\" class=\"alignnone wp-image-11268\" src=\"https:\/\/www.persimmontravels.com\/wp-content\/uploads\/2023\/08\/rotal-logo.png\" alt=\"\" width=\"357\" height=\"87\" srcset=\"https:\/\/www.persimmontravels.com\/wp-content\/uploads\/2023\/08\/rotal-logo.png 627w, https:\/\/www.persimmontravels.com\/wp-content\/uploads\/2023\/08\/rotal-logo-300x73.png 300w, https:\/\/www.persimmontravels.com\/wp-content\/uploads\/2023\/08\/rotal-logo-600x146.png 600w\" sizes=\"(max-width: 357px) 100vw, 357px\" \/><\/p>\n","protected":false},"excerpt":{"rendered":"<p><img decoding=\"async\" loading=\"lazy\" class=\"alignnone size-full wp-image-11213\" src=\"https:\/\/www.persimmontravels.com\/wp-content\/uploads\/2023\/08\/1Persimmon-Cruceros.png\" alt=\"Ofertas cruceros\" width=\"570\" height=\"317\" srcset=\"https:\/\/www.persimmontravels.com\/wp-content\/uploads\/2023\/08\/1Persimmon-Cruceros.png 570w, https:\/\/www.persimmontravels.com\/wp-content\/uploads\/2023\/08\/1Persimmon-Cruceros-300x167.png 300w, https:\/\/www.persimmontravels.com\/wp-content\/uploads\/2023\/08\/1Persimmon-Cruceros-360x200.png 360w\" sizes=\"(max-width: 570px) 100vw, 570px\" \/><\/p>\n<div class=\"message\">\n<div class=\"content\" tabindex=\"0\">\n<div class=\"ac-container ac-adaptiveCard\">\n<div class=\"ac-textBlock\">\n<p>\u00bfTe gustar\u00eda vivir una experiencia \u00fanica e inolvidable? \u00bfTe apetece disfrutar de la brisa del mar, el sol, la naturaleza y la cultura de diferentes lugares? \u00bfTe imaginas poder hacer todo esto sin tener que preocuparte por nada m\u00e1s que por pasarlo bien? Si tu respuesta es s\u00ed, entonces lo que necesitas es un crucero.<\/p>\n<p>Los cruceros son la mejor opci\u00f3n para viajar y conocer el mundo de una forma c\u00f3moda, divertida y segura. En un crucero puedes encontrar todo lo que buscas: relax, aventura, entretenimiento, gastronom\u00eda, cultura, etc. Y lo mejor de todo es que puedes hacerlo sin tener que hacer y deshacer maletas, sin tener que buscar alojamiento ni transporte, y sin tener que gastar m\u00e1s de lo necesario.<\/p>\n<p>En Persimmon Travels te ofrecemos los mejores cruceros del mercado, con las mejores ofertas y precios. Somos una agencia de viajes especializada en cruceros para parejas, familias y lunas de miel, y contamos con una amplia experiencia y profesionalidad en el sector. Te asesoramos y ayudamos a elegir el crucero que mejor se adapte a tus necesidades y preferencias, y te garantizamos un servicio personalizado y exclusivo.<\/p>\n<p>Con Persimmon Travels podr\u00e1s disfrutar de los cruceros m\u00e1s variados y atractivos, con destinos como el Mediterr\u00e1neo, el Caribe, las Islas Griegas, los Fiordos Noruegos, etc. Podr\u00e1s navegar por los mares m\u00e1s bellos del mundo, visitar ciudades llenas de historia y encanto, y descubrir paisajes impresionantes. Y todo ello con la comodidad y la seguridad de viajar en barcos modernos y equipados con todo lo necesario para tu bienestar.<\/p>\n<p>Adem\u00e1s, en nuestros cruceros podr\u00e1s aprovechar al m\u00e1ximo cada momento del d\u00eda y de la noche, con una gran variedad y cantidad de actividades para todos los gustos y edades. Podr\u00e1s participar en concursos, juegos, cine, teatro, casino, spa, piscina, deportes, etc. Podr\u00e1s aprender y practicar nuevas habilidades como surf, golf, basquetbol, buceo o escalada profesional. Y podr\u00e1s divertirte y socializar con otros pasajeros que comparten tu pasi\u00f3n por viajar.<\/p>\n<p>No lo dudes m\u00e1s y reserva ya tu crucero con Persimmon Travels. Te aseguramos que ser\u00e1 una experiencia que no olvidar\u00e1s jam\u00e1s. \u00a1Te esperamos a bordo! \u2693<\/p>\n<\/div>\n<\/div>\n<\/div>\n<\/div>\n<div class=\"content footer\">\n<div class=\"text\"><img decoding=\"async\" loading=\"lazy\" class=\"alignnone wp-image-11218\" src=\"https:\/\/www.persimmontravels.com\/wp-content\/uploads\/2023\/08\/costa-cruises-logo.png\" alt=\"Costa cruceros baratos\" width=\"180\" height=\"60\" srcset=\"https:\/\/www.persimmontravels.com\/wp-content\/uploads\/2023\/08\/costa-cruises-logo.png 601w, https:\/\/www.persimmontravels.com\/wp-content\/uploads\/2023\/08\/costa-cruises-logo-300x100.png 300w\" sizes=\"(max-width: 180px) 100vw, 180px\" \/><\/div>\n<ul>\n<li><strong>Costa Fortuna<\/strong>:<a href=\"https:\/\/www.persimmontravels.com\/es\/producto\/costa-fortuna-mini-crucero-por-el-mediterraneo-27-de-marzo-de-2024-barcelona-marsella-cercena-barcelona\/\"> Minicrucero por el Mediterr\u00e1neo, Barcelona-Marsella-Savona-Barcelona (5 d\u00edas) 27\u00a0 de marzo de 2024<\/a><\/li>\n<li><strong>Costa Firenze<\/strong>:<a href=\"https:\/\/www.persimmontravels.com\/es\/producto\/costa-furenze-crucero-canarias-y-madeira-desde-valencia-9-de-enero-de-2024-11-dias-vbarcelona-funchal-madeira-barcelona-copy\/\"> Crucero Canarias y Madeira (11 dias): Salida Valencia 9 de enero de 2024<\/a><\/li>\n<li><strong>Costa Smeralda<\/strong>: <a href=\"https:\/\/www.persimmontravels.com\/es\/producto\/costa-smerlada-crucero-clasico-por-el-mediterraneo-desde-barcelona-11-de-diciembre-de-2023-18-de-diciembre-de-2023-25-de-diciembre-de-2023-1-de-enero-de-2024-8-de-enero-de-2024-15-de-enero-de-2024-2\/\">Crucero Cl\u00e1sico Mediterraneo (8 dias): Barcelona-Palma-Palermo-Cittavecchia-Savona-Marsella.<\/a> \u00a0 \u00a0 \u00a0 \u00a0 <a href=\"https:\/\/www.persimmontravels.com\/es\/producto\/costa-smerlada-crucero-clasico-por-el-mediterraneo-desde-barcelona-11-de-diciembre-de-2023-18-de-diciembre-de-2023-25-de-diciembre-de-2023-1-de-enero-de-2024-8-de-enero-de-2024-15-de-enero-de-2024-2\/\"><strong>Invierno 23\/24<\/strong>. <strong>Especial Navidad y A\u00f1o Nuevo<\/strong><\/a><\/li>\n<li><strong>Costa Pacifica: <a href=\"http:\/\/costa pacifica\">Leyendas del Mediterr\u00e1neo desde Valencia (Primavera-Verano 2024)<\/a><\/strong><\/li>\n<\/ul>\n<div><img decoding=\"async\" loading=\"lazy\" class=\"alignnone wp-image-11268\" src=\"https:\/\/www.persimmontravels.com\/wp-content\/uploads\/2023\/08\/rotal-logo.png\" alt=\"Royal Caribbean Persimmon\" width=\"262\" height=\"64\" srcset=\"https:\/\/www.persimmontravels.com\/wp-content\/uploads\/2023\/08\/rotal-logo.png 627w, https:\/\/www.persimmontravels.com\/wp-content\/uploads\/2023\/08\/rotal-logo-300x73.png 300w, https:\/\/www.persimmontravels.com\/wp-content\/uploads\/2023\/08\/rotal-logo-600x146.png 600w\" sizes=\"(max-width: 262px) 100vw, 262px\" \/><\/div>\n<\/div>\n<ul>\n<li><strong>Oasis of the Seas<\/strong>: <a href=\"https:\/\/www.persimmontravels.com\/es\/producto\/oasis-of-the-seas-mediterraneo-occidental-7-noches-barcelona-palma-de-mallorca-provenza-florencia-roma-napoles-capri-barcelona-mayo-octubre-2024\/\">7 noches Mediterr\u00e1neo desde Barcelona. Mayo-Octubre 2024<\/a><\/li>\n<li><strong>Oasis of the Seas<\/strong>:<a href=\"https:\/\/www.persimmontravels.com\/es\/producto\/oasis-of-the-seas-espana-francia-italia-roma-napoles-capri-barcelona-3-noches-26-de-septiembre\/\"> 3 noches Roma- Baracelona. 26 de Septiembre de 2024<\/a><\/li>\n<li><strong>Oasis of the Seas:<\/strong><a href=\"https:\/\/www.persimmontravels.com\/es\/producto\/oasis-of-the-seas-mediterraneo-occidental-7-noches-barcelona-palma-de-mallorca-provenza-florencia-roma-napoles-capri-barcelona-mayo-octubre-2024\/\"> 14 d\u00edas desde Barcelona. Trasatl\u00e1tico. Barcelona, Palma, Valencia, Cartagena, M\u00e1laga, Nasau, Florida<\/a><\/li>\n<\/ul>\n<p><img decoding=\"async\" loading=\"lazy\" class=\"alignnone size-full wp-image-12592\" src=\"https:\/\/www.persimmontravels.com\/wp-content\/uploads\/2023\/08\/logo-celebrity.jpg\" alt=\"cruceros de lujo\" width=\"278\" height=\"181\" \/><\/p>\n<p>Cruceros de lujo<\/p>\n<p>Celebrity Ascent World: <a href=\"https:\/\/www.persimmontravels.com\/es\/producto\/celebrity-ascent-world-roma-citavecchia-napoles-mikonos-efesos-kusadashi-santorini-atenas-pireo\/\">Roma-N\u00e1poles-Mikonos-Kudasasi (Efesos)-Santorini-Atenas 27 de julio-3 de agoosto de 2024<\/a><\/p>\n","protected":false},"featured_media":11213,"comment_status":"open","ping_status":"closed","template":"","meta":{"content-type":""},"product_cat":[347],"product_tag":[],"_links":{"self":[{"href":"https:\/\/www.persimmontravels.com\/es\/wp-json\/wp\/v2\/product\/11206"}],"collection":[{"href":"https:\/\/www.persimmontravels.com\/es\/wp-json\/wp\/v2\/product"}],"about":[{"href":"https:\/\/www.persimmontravels.com\/es\/wp-json\/wp\/v2\/types\/product"}],"replies":[{"embeddable":true,"href":"https:\/\/www.persimmontravels.com\/es\/wp-json\/wp\/v2\/comments?post=11206"}],"wp:featuredmedia":[{"embeddable":true,"href":"https:\/\/www.persimmontravels.com\/es\/wp-json\/wp\/v2\/media\/11213"}],"wp:attachment":[{"href":"https:\/\/www.persimmontravels.com\/es\/wp-json\/wp\/v2\/media?parent=11206"}],"wp:term":[{"taxonomy":"product_cat","embeddable":true,"href":"https:\/\/www.persimmontravels.com\/es\/wp-json\/wp\/v2\/product_cat?post=11206"},{"taxonomy":"product_tag","embeddable":true,"href":"https:\/\/www.persimmontravels.com\/es\/wp-json\/wp\/v2\/product_tag?post=11206"}],"curies":[{"name":"wp","href":"https:\/\/api.w.org\/{rel}","templated":true}]}}