{"id":11115,"date":"2023-08-16T07:53:59","date_gmt":"2023-08-16T07:53:59","guid":{"rendered":"https:\/\/www.persimmontravels.com\/?post_type=product&#038;p=11115"},"modified":"2023-08-20T08:15:54","modified_gmt":"2023-08-20T08:15:54","slug":"viaje-de-aventura-al-algarve-portugues-2-noches-3-dias","status":"publish","type":"product","link":"https:\/\/www.persimmontravels.com\/es\/producto\/viaje-de-aventura-al-algarve-portugues-2-noches-3-dias\/","title":{"rendered":"Viaje de Aventura al Algarve Portugues (2 noches\/3 d\u00edas)"},"content":{"rendered":"<p><img decoding=\"async\" loading=\"lazy\" class=\"alignnone size-full wp-image-11154\" src=\"https:\/\/www.persimmontravels.com\/wp-content\/uploads\/2023\/08\/caption.jpg\" alt=\"\" width=\"500\" height=\"400\" srcset=\"https:\/\/www.persimmontravels.com\/wp-content\/uploads\/2023\/08\/caption.jpg 500w, https:\/\/www.persimmontravels.com\/wp-content\/uploads\/2023\/08\/caption-300x240.jpg 300w\" sizes=\"(max-width: 500px) 100vw, 500px\" \/><\/p>\n<p>Salida el viernes por la tarde\u00a0 desde el punto de encuentro acordado: hora de salida\u00a0 16.00 horas<\/p>\n<p>\u231a20:00 aproximadamente llegada a Lagos hotel, donde visitaremos Lagos y comenzaremos nuestra noche de fiesta .<\/p>\n<p>\ud83c\udf04 SABADO \ud83c\udf04<\/p>\n<p>\ud83c\udfe8 9:00 despertar y desayuno hotel .<br \/>\n\ud83d\udea3\u200d\u2642\ufe0f13;00 Ruta en kayak\u00a0 a trav\u00e9s de los acantilados de Lagos.<\/p>\n<p>\ud83c\udf5d 16:00 aproximadamente. Fin de ruta y almuerzo centro de Lagos ( por cuenta propia del viajero)<\/p>\n<p>\ud83c\udfd6\ufe0f16:00 horas. Visita por Lagos y tarde de playa ( rutita por uno de los 7 valles de lagos a elegir por el grupo )<\/p>\n<p>\ud83c\udfe8 19:00 Hotel y tiempo libre.<\/p>\n<p>\ud83d\udd7a21:00 cena por Lagos y salida de marcha a elegir el grupo .<\/p>\n<p>&nbsp;<\/p>\n<p>&nbsp;<\/p>\n<p><img decoding=\"async\" loading=\"lazy\" class=\"alignnone size-full wp-image-11139\" src=\"https:\/\/www.persimmontravels.com\/wp-content\/uploads\/2023\/08\/Screenshot_2023-08-16-09-56-40-98_6012fa4d4ddec268fc5c7112cbb265e7-01.jpeg\" alt=\"viaje aventuras algarve\" width=\"1079\" height=\"702\" srcset=\"https:\/\/www.persimmontravels.com\/wp-content\/uploads\/2023\/08\/Screenshot_2023-08-16-09-56-40-98_6012fa4d4ddec268fc5c7112cbb265e7-01.jpeg 1079w, https:\/\/www.persimmontravels.com\/wp-content\/uploads\/2023\/08\/Screenshot_2023-08-16-09-56-40-98_6012fa4d4ddec268fc5c7112cbb265e7-01-300x195.jpeg 300w, https:\/\/www.persimmontravels.com\/wp-content\/uploads\/2023\/08\/Screenshot_2023-08-16-09-56-40-98_6012fa4d4ddec268fc5c7112cbb265e7-01-1024x666.jpeg 1024w, https:\/\/www.persimmontravels.com\/wp-content\/uploads\/2023\/08\/Screenshot_2023-08-16-09-56-40-98_6012fa4d4ddec268fc5c7112cbb265e7-01-768x500.jpeg 768w, https:\/\/www.persimmontravels.com\/wp-content\/uploads\/2023\/08\/Screenshot_2023-08-16-09-56-40-98_6012fa4d4ddec268fc5c7112cbb265e7-01-600x390.jpeg 600w\" sizes=\"(max-width: 1079px) 100vw, 1079px\" \/><\/p>\n<p>\ud83c\udf04 DOMINGO \ud83c\udf04<\/p>\n<p>\ud83e\udd5b\ud83e\udd50 8;00 Desayuno y recogida &#8230;<\/p>\n<p>\ud83d\ude90 9;00 salida para Benagil, para hacer la \u00faltima visita a sus playas y acantilados y visitar un sendero de los 7 valles .<\/p>\n<p>\ud83d\ude9011;00 llevaremos algunos p\u00e1del y barca para darnos un paseo por cuevas de Benagil<\/p>\n<p>\u23f0.horario de rutas y dem\u00e1s puede variar dependiendo tiempo y estado del mar &#8230;.<\/p>\n<p>\ud83d\udea8importante est\u00e1 ruta puede ser aplazada ya que el tiempo en esta \u00e9poca es variable y si tenemos malas condiciones de mar, aplazamos para una mejor ruta para la aventura.<\/p>\n<p><img decoding=\"async\" loading=\"lazy\" class=\"alignnone size-full wp-image-11134\" src=\"https:\/\/www.persimmontravels.com\/wp-content\/uploads\/2023\/08\/Screenshot_2023-08-16-09-56-28-34_6012fa4d4ddec268fc5c7112cbb265e7-01.jpeg\" alt=\"algarve\" width=\"1079\" height=\"666\" srcset=\"https:\/\/www.persimmontravels.com\/wp-content\/uploads\/2023\/08\/Screenshot_2023-08-16-09-56-28-34_6012fa4d4ddec268fc5c7112cbb265e7-01.jpeg 1079w, https:\/\/www.persimmontravels.com\/wp-content\/uploads\/2023\/08\/Screenshot_2023-08-16-09-56-28-34_6012fa4d4ddec268fc5c7112cbb265e7-01-300x185.jpeg 300w, https:\/\/www.persimmontravels.com\/wp-content\/uploads\/2023\/08\/Screenshot_2023-08-16-09-56-28-34_6012fa4d4ddec268fc5c7112cbb265e7-01-1024x632.jpeg 1024w, https:\/\/www.persimmontravels.com\/wp-content\/uploads\/2023\/08\/Screenshot_2023-08-16-09-56-28-34_6012fa4d4ddec268fc5c7112cbb265e7-01-768x474.jpeg 768w, https:\/\/www.persimmontravels.com\/wp-content\/uploads\/2023\/08\/Screenshot_2023-08-16-09-56-28-34_6012fa4d4ddec268fc5c7112cbb265e7-01-600x370.jpeg 600w\" sizes=\"(max-width: 1079px) 100vw, 1079px\" \/><\/p>\n<p>&nbsp;<\/p>\n<p><img decoding=\"async\" loading=\"lazy\" class=\"alignnone size-full wp-image-11119\" src=\"https:\/\/www.persimmontravels.com\/wp-content\/uploads\/2023\/08\/Screenshot_2023-08-16-09-56-03-29_6012fa4d4ddec268fc5c7112cbb265e7-01.jpeg\" alt=\"\" width=\"646\" height=\"950\" srcset=\"https:\/\/www.persimmontravels.com\/wp-content\/uploads\/2023\/08\/Screenshot_2023-08-16-09-56-03-29_6012fa4d4ddec268fc5c7112cbb265e7-01.jpeg 646w, https:\/\/www.persimmontravels.com\/wp-content\/uploads\/2023\/08\/Screenshot_2023-08-16-09-56-03-29_6012fa4d4ddec268fc5c7112cbb265e7-01-204x300.jpeg 204w, https:\/\/www.persimmontravels.com\/wp-content\/uploads\/2023\/08\/Screenshot_2023-08-16-09-56-03-29_6012fa4d4ddec268fc5c7112cbb265e7-01-600x882.jpeg 600w\" sizes=\"(max-width: 646px) 100vw, 646px\" \/><\/p>\n<p>\ud83e\udd14\u00bfQU\u00c9 ME TENGO QUE LLEVAR? \ud83e\udd14<\/p>\n<p>\ud83d\udc5f zapatillas deportivas o escarpines<\/p>\n<p>\ud83e\udde3alguna muda de abrigo por si refresca de noche (depende de la \u00e9poca )<\/p>\n<p>\ud83d\udc59\ud83e\ude71ba\u00f1ador o bikini para las rutas y tardes de playa<br \/>\n\ud83e\uddf4 crema solar<\/p>\n<p>\ud83d\udcb8dinerito para compras y cena<\/p>\n<p>No est\u00e1 incluida cena, para que pod\u00e1is elegir cada uno por libre un lugar de cena y disfrutar de su gastronom\u00eda.<\/p>\n<p>QUE CONTIENE ESTA AVENTURA \ud83d\ude03<\/p>\n<p>\u2705Seguro RC.<br \/>\n\u2705Seguro Accidente<br \/>\n\u2705Ruta en kayak por acantilados de Lagos<br \/>\n\u2705Desayuno en el hotel<br \/>\n\u2705Visita a playas y por lagos<br \/>\n\u2705Gu\u00eda durante todo el viaje<\/p>\n<p>&nbsp;<\/p>\n<p>\ud83c\udf54Si eres al\u00e9rgico ,vegetariano o intolerante alg\u00fan alimento consultar con el monitor .<\/p>\n<p>\ud83d\ude0d\ud83d\ude0dImportante muchas ganas pasarlo bien. \ud83d\ude0d\ud83d\ude0d\ud83d\ude0d<\/p>\n<p>&nbsp;<\/p>\n<p><img decoding=\"async\" loading=\"lazy\" class=\"alignnone size-full wp-image-11160\" src=\"https:\/\/www.persimmontravels.com\/wp-content\/uploads\/2023\/08\/IMG20220715213027-01-scaled.jpeg\" alt=\"\" width=\"1777\" height=\"2560\" srcset=\"https:\/\/www.persimmontravels.com\/wp-content\/uploads\/2023\/08\/IMG20220715213027-01-scaled.jpeg 1777w, https:\/\/www.persimmontravels.com\/wp-content\/uploads\/2023\/08\/IMG20220715213027-01-208x300.jpeg 208w, https:\/\/www.persimmontravels.com\/wp-content\/uploads\/2023\/08\/IMG20220715213027-01-711x1024.jpeg 711w, https:\/\/www.persimmontravels.com\/wp-content\/uploads\/2023\/08\/IMG20220715213027-01-768x1106.jpeg 768w, https:\/\/www.persimmontravels.com\/wp-content\/uploads\/2023\/08\/IMG20220715213027-01-1066x1536.jpeg 1066w, https:\/\/www.persimmontravels.com\/wp-content\/uploads\/2023\/08\/IMG20220715213027-01-1422x2048.jpeg 1422w, https:\/\/www.persimmontravels.com\/wp-content\/uploads\/2023\/08\/IMG20220715213027-01-600x864.jpeg 600w\" sizes=\"(max-width: 1777px) 100vw, 1777px\" \/><\/p>\n","protected":false},"excerpt":{"rendered":"<h1>Viaje de Aventura al Algarve Portugu\u00e9s (2 noches\/3 d\u00edas)<\/h1>\n<p><img decoding=\"async\" loading=\"lazy\" class=\"alignnone  wp-image-11201\" src=\"https:\/\/www.persimmontravels.com\/wp-content\/uploads\/2023\/08\/persimmon-aventuras.png\" alt=\"persimmon aventuras\" width=\"381\" height=\"134\" srcset=\"https:\/\/www.persimmontravels.com\/wp-content\/uploads\/2023\/08\/persimmon-aventuras.png 687w, https:\/\/www.persimmontravels.com\/wp-content\/uploads\/2023\/08\/persimmon-aventuras-300x106.png 300w, https:\/\/www.persimmontravels.com\/wp-content\/uploads\/2023\/08\/persimmon-aventuras-600x211.png 600w\" sizes=\"(max-width: 381px) 100vw, 381px\" \/><\/p>\n<p><img decoding=\"async\" loading=\"lazy\" class=\"wp-image-10490 alignleft\" src=\"https:\/\/www.persimmontravels.com\/wp-content\/uploads\/2023\/08\/2023-05-14-5-logo.png\" alt=\"marruecos desde sevilla\" width=\"389\" height=\"159\" srcset=\"https:\/\/www.persimmontravels.com\/wp-content\/uploads\/2023\/08\/2023-05-14-5-logo.png 628w, https:\/\/www.persimmontravels.com\/wp-content\/uploads\/2023\/08\/2023-05-14-5-logo-300x123.png 300w, https:\/\/www.persimmontravels.com\/wp-content\/uploads\/2023\/08\/2023-05-14-5-logo-600x246.png 600w\" sizes=\"(max-width: 389px) 100vw, 389px\" \/><\/p>\n<p>&nbsp;<\/p>\n","protected":false},"featured_media":11129,"comment_status":"open","ping_status":"closed","template":"","meta":{"content-type":""},"product_cat":[332,344],"product_tag":[329,345,346],"_links":{"self":[{"href":"https:\/\/www.persimmontravels.com\/es\/wp-json\/wp\/v2\/product\/11115"}],"collection":[{"href":"https:\/\/www.persimmontravels.com\/es\/wp-json\/wp\/v2\/product"}],"about":[{"href":"https:\/\/www.persimmontravels.com\/es\/wp-json\/wp\/v2\/types\/product"}],"replies":[{"embeddable":true,"href":"https:\/\/www.persimmontravels.com\/es\/wp-json\/wp\/v2\/comments?post=11115"}],"wp:featuredmedia":[{"embeddable":true,"href":"https:\/\/www.persimmontravels.com\/es\/wp-json\/wp\/v2\/media\/11129"}],"wp:attachment":[{"href":"https:\/\/www.persimmontravels.com\/es\/wp-json\/wp\/v2\/media?parent=11115"}],"wp:term":[{"taxonomy":"product_cat","embeddable":true,"href":"https:\/\/www.persimmontravels.com\/es\/wp-json\/wp\/v2\/product_cat?post=11115"},{"taxonomy":"product_tag","embeddable":true,"href":"https:\/\/www.persimmontravels.com\/es\/wp-json\/wp\/v2\/product_tag?post=11115"}],"curies":[{"name":"wp","href":"https:\/\/api.w.org\/{rel}","templated":true}]}}