{"id":10959,"date":"2023-08-15T10:17:41","date_gmt":"2023-08-15T10:17:41","guid":{"rendered":"https:\/\/www.persimmontravels.com\/?post_type=product&#038;p=10959"},"modified":"2024-07-09T17:07:47","modified_gmt":"2024-07-09T17:07:47","slug":"viaje-al-norte-de-marruecos-rif-3-dias","status":"publish","type":"product","link":"https:\/\/www.persimmontravels.com\/es\/producto\/viaje-al-norte-de-marruecos-rif-3-dias\/","title":{"rendered":"Viaje al Norte de Marruecos  8, 9 y 10 de Diciembre (Rif-3 d\u00edas\/2 noches) 280\u20ac"},"content":{"rendered":"<p><img decoding=\"async\" loading=\"lazy\" class=\"alignnone size-full wp-image-11085\" src=\"https:\/\/www.persimmontravels.com\/wp-content\/uploads\/2023\/08\/Screenshot_2023-08-15-11-28-13-29_6012fa4d4ddec268fc5c7112cbb265e7-01.jpeg\" alt=\"\" width=\"1079\" height=\"1433\" srcset=\"https:\/\/www.persimmontravels.com\/wp-content\/uploads\/2023\/08\/Screenshot_2023-08-15-11-28-13-29_6012fa4d4ddec268fc5c7112cbb265e7-01.jpeg 1079w, https:\/\/www.persimmontravels.com\/wp-content\/uploads\/2023\/08\/Screenshot_2023-08-15-11-28-13-29_6012fa4d4ddec268fc5c7112cbb265e7-01-226x300.jpeg 226w, https:\/\/www.persimmontravels.com\/wp-content\/uploads\/2023\/08\/Screenshot_2023-08-15-11-28-13-29_6012fa4d4ddec268fc5c7112cbb265e7-01-771x1024.jpeg 771w, https:\/\/www.persimmontravels.com\/wp-content\/uploads\/2023\/08\/Screenshot_2023-08-15-11-28-13-29_6012fa4d4ddec268fc5c7112cbb265e7-01-768x1020.jpeg 768w, https:\/\/www.persimmontravels.com\/wp-content\/uploads\/2023\/08\/Screenshot_2023-08-15-11-28-13-29_6012fa4d4ddec268fc5c7112cbb265e7-01-600x797.jpeg 600w\" sizes=\"(max-width: 1079px) 100vw, 1079px\" \/><\/p>\n<p>&nbsp;<\/p>\n<p>Punto de encuentro en el <a href=\"https:\/\/www.andalucia.org\/es\/tarifa-como-llegar-puerto-de-tarifa\" rel=\"nofollow noopener\" target=\"_blank\">Puerto de Tarifa<\/a>\u00a0 y la hora depender\u00e1 de la salida del ferry\u00a0 que comunicaremos con antelaci\u00f3n ( \ud83d\udea8se ruega\u00a0 puntualidad y presentarse 45 minutos antes de la salida del ferry )\ud83d\udea2. Los billetes est\u00e1n incluidos en el precio.<\/p>\n<p>&nbsp;<\/p>\n<p>\ud83d\udef3\ufe0f salida ferry FRS<br \/>\n\ud83d\udef3\ufe0f llegada a T\u00e1nger Ville .<br \/>\n\ud83d\ude90 direcci\u00f3n Chefchaouen (bus privado o furgoneta)<br \/>\n\ud83d\ude90 Parada para almorzar en ruta\u00a0 (Aproximadamente una hora)<\/p>\n<p>\ud83c\udfe8 llegada a Chefchaouen<br \/>\n\ud83c\udfe8 Noches- Riad (los <a href=\"https:\/\/es.wikipedia.org\/wiki\/Riad_(arquitectura)\" rel=\"nofollow noopener\" target=\"_blank\">Hoteles-Casa Riad<\/a>\u00a0 marroqu\u00edes est\u00e1n en el interior de la Medina donde disfrutaremos de la vivencia marroqu\u00ed. Los Riad se establecen en casas antiguas habitadas, por lo cual que es necesario adaptarse a la cultura y la tradici\u00f3n marroqu\u00ed )<br \/>\n\ud83d\udea8\u00a0 En las habitaciones, las camas pueden ser separadas o juntas las habitaci\u00f3n son dobles o triples siempre seg\u00fan la fecha de reserva y disponibilidad \ud83d\udea8<\/p>\n<div id=\"attachment_11105\" style=\"width: 1089px\" class=\"wp-caption alignnone\"><img aria-describedby=\"caption-attachment-11105\" decoding=\"async\" loading=\"lazy\" class=\"size-full wp-image-11105\" src=\"https:\/\/www.persimmontravels.com\/wp-content\/uploads\/2023\/08\/Screenshot_2023-08-15-11-29-17-43_6012fa4d4ddec268fc5c7112cbb265e7-01.jpeg\" alt=\"Viajes a Marruecos\" width=\"1079\" height=\"1439\" srcset=\"https:\/\/www.persimmontravels.com\/wp-content\/uploads\/2023\/08\/Screenshot_2023-08-15-11-29-17-43_6012fa4d4ddec268fc5c7112cbb265e7-01.jpeg 1079w, https:\/\/www.persimmontravels.com\/wp-content\/uploads\/2023\/08\/Screenshot_2023-08-15-11-29-17-43_6012fa4d4ddec268fc5c7112cbb265e7-01-225x300.jpeg 225w, https:\/\/www.persimmontravels.com\/wp-content\/uploads\/2023\/08\/Screenshot_2023-08-15-11-29-17-43_6012fa4d4ddec268fc5c7112cbb265e7-01-768x1024.jpeg 768w, https:\/\/www.persimmontravels.com\/wp-content\/uploads\/2023\/08\/Screenshot_2023-08-15-11-29-17-43_6012fa4d4ddec268fc5c7112cbb265e7-01-600x800.jpeg 600w\" sizes=\"(max-width: 1079px) 100vw, 1079px\" \/><p id=\"caption-attachment-11105\" class=\"wp-caption-text\">Riad<\/p><\/div>\n<p>\ud83c\udf07 Por la tarde tendremos una ruta por la Medina de Chefchaouen para conocer sus calles y ambiente de la ciudad.<\/p>\n<p>\ud83c\udf5b 21:00 cena ( cuenta propia de cada viajero)<\/p>\n<p><img decoding=\"async\" loading=\"lazy\" class=\"alignnone size-full wp-image-11080\" src=\"https:\/\/www.persimmontravels.com\/wp-content\/uploads\/2023\/08\/Screenshot_2023-08-15-11-28-02-74_6012fa4d4ddec268fc5c7112cbb265e7-01.jpeg\" alt=\"Viaje a Chefchaouen\" width=\"929\" height=\"679\" srcset=\"https:\/\/www.persimmontravels.com\/wp-content\/uploads\/2023\/08\/Screenshot_2023-08-15-11-28-02-74_6012fa4d4ddec268fc5c7112cbb265e7-01.jpeg 929w, https:\/\/www.persimmontravels.com\/wp-content\/uploads\/2023\/08\/Screenshot_2023-08-15-11-28-02-74_6012fa4d4ddec268fc5c7112cbb265e7-01-300x219.jpeg 300w, https:\/\/www.persimmontravels.com\/wp-content\/uploads\/2023\/08\/Screenshot_2023-08-15-11-28-02-74_6012fa4d4ddec268fc5c7112cbb265e7-01-768x561.jpeg 768w, https:\/\/www.persimmontravels.com\/wp-content\/uploads\/2023\/08\/Screenshot_2023-08-15-11-28-02-74_6012fa4d4ddec268fc5c7112cbb265e7-01-600x439.jpeg 600w\" sizes=\"(max-width: 929px) 100vw, 929px\" \/>\ud83e\uddf3SABADO CASCADAS AKCHOUR\ud83e\uddf3<\/p>\n<p>\ud83c\udfe8 9:00 Despertamos<br \/>\n\ud83e\udd5b\ud83e\udd50 10;00. Desayuno incluido<br \/>\n\ud83d\ude90. 11:00. Recogida taxi o bus direcci\u00f3n cascadas <a href=\"https:\/\/www.sientemarruecos.viajes\/blog\/akchour-cascadas-puente-dios\/\" rel=\"nofollow noopener\" target=\"_blank\">Akchour<\/a> ( ruta de senderismo por puentes y r\u00edo)<br \/>\n\ud83c\udf7114:00 almuerzo en las cascadas ( incluido )<br \/>\n\ud83d\ude90 17:00 fin de ruta y vuelta a Chefchaouen.<\/p>\n<p><img decoding=\"async\" loading=\"lazy\" class=\"alignnone size-full wp-image-11090\" src=\"https:\/\/www.persimmontravels.com\/wp-content\/uploads\/2023\/08\/Screenshot_2023-08-15-11-28-18-47_6012fa4d4ddec268fc5c7112cbb265e7-01.jpeg\" alt=\"\" width=\"1079\" height=\"1423\" srcset=\"https:\/\/www.persimmontravels.com\/wp-content\/uploads\/2023\/08\/Screenshot_2023-08-15-11-28-18-47_6012fa4d4ddec268fc5c7112cbb265e7-01.jpeg 1079w, https:\/\/www.persimmontravels.com\/wp-content\/uploads\/2023\/08\/Screenshot_2023-08-15-11-28-18-47_6012fa4d4ddec268fc5c7112cbb265e7-01-227x300.jpeg 227w, https:\/\/www.persimmontravels.com\/wp-content\/uploads\/2023\/08\/Screenshot_2023-08-15-11-28-18-47_6012fa4d4ddec268fc5c7112cbb265e7-01-776x1024.jpeg 776w, https:\/\/www.persimmontravels.com\/wp-content\/uploads\/2023\/08\/Screenshot_2023-08-15-11-28-18-47_6012fa4d4ddec268fc5c7112cbb265e7-01-768x1013.jpeg 768w, https:\/\/www.persimmontravels.com\/wp-content\/uploads\/2023\/08\/Screenshot_2023-08-15-11-28-18-47_6012fa4d4ddec268fc5c7112cbb265e7-01-600x791.jpeg 600w\" sizes=\"(max-width: 1079px) 100vw, 1079px\" \/>\ud83c\udfe8 Descanso y tiempo libre.<br \/>\nTiempo de compras y visita por Chefchaouen.<\/p>\n<p>\ud83c\udf5b 22:00 cena (cuenta propia del viajero a elegir grupo o individual)<br \/>\n\ud83d\udd7a Tiempo libre y visita por el zoco .<\/p>\n<p>\ud83d\udea8Posibilidad de cena en una de las casas m\u00e1s antiguas de chefchaoguen con grupo musical ,eso depende de la decisi\u00f3n del grupo( esta cena tiene un precio de 20\u20ac x persona)\ud83d\udea8<\/p>\n<p>\ud83d\udd7a\ud83d\udd7a Dependiendo el grupo y fecha hay posibilidad de visitar una peque\u00f1a discoteca y vivir el ambiente marroqu\u00ed ( cuenta propia del viajero) \ud83d\udd7a\ud83d\udd7a<\/p>\n<p>\ud83e\uddf3 DOMINGO \ud83e\uddf3<\/p>\n<p>\ud83e\udd50 8:00 despertar y desayuno incluido<br \/>\n\ud83c\udfe8 Recogida equipaje .<\/p>\n<p>\ud83d\ude90 9;00 salida para T\u00e1nger ( para visita a playa y visita por la medina )<br \/>\n\ud83d\ude9011:00 llegada a T\u00e1nger posibilidad de visitar camellos para vuelta en ellos ( cuenta propia siempre depende del grupo )<br \/>\n\ud83c\udf5b visita por Medina T\u00e1nger y comprar ( tiempo libre )<br \/>\n\ud83c\udf5b almuerzo Medina T\u00e1nger ( cuenta propia del vajero)<br \/>\n&#8211; almuerzo mas libre pizza o kebab por persona para volver ambiente espa\u00f1ol \ud83e\udd23\ud83e\udd23<br \/>\n\ud83d\udea2 embarque Ferry y vuelta casa<\/p>\n<p>\ud83e\udd14\u00bfQU\u00c9 ME LLEVO? \ud83e\udd14<\/p>\n<p>\u2705 Ropa a elegir para estar por Chefchaouen y salir por la noche &#8230;<br \/>\n\u2705Ropa de abrigo por si refresca<br \/>\n\u2705Ropa c\u00f3moda para ruta senderismo y mochila peque\u00f1a para llevar algo de comida o ropa de ba\u00f1o.<br \/>\n\u2705 Ba\u00f1ador y toalla por si alguien quiere ba\u00f1arse en la Ruta y escarpines: recomendable en fechas de verano y cercanas<br \/>\n\u2705 Zapatillas c\u00f3modas y cansejable una peque\u00f1a mochila para las rutas de senderismo\u2705Pasaporte<br \/>\n\u2705DNI<br \/>\n\u2705Dinero en met\u00e1lico para peque\u00f1as compras y cambiar en dirhams (moneda local)<br \/>\n\u2705 Protector est\u00f3mago y algunos medicamentos prescritos de uso personal.<\/p>\n<p>\ud83d\udc2b Para el paseo en camellos existen dos posibilidades.<br \/>\n1 &#8211; playa de T\u00e1nger fotos y vuelta muy peque\u00f1a sale unos 2\u20ac<br \/>\n2 &#8211; m\u00e1s alejado de T\u00e1nger recorrido algo m\u00e1s largo precio unos 7\u20ac por personas.<\/p>\n<p><img decoding=\"async\" loading=\"lazy\" class=\"alignnone size-full wp-image-11100\" src=\"https:\/\/www.persimmontravels.com\/wp-content\/uploads\/2023\/08\/Screenshot_2023-08-15-11-29-11-20_6012fa4d4ddec268fc5c7112cbb265e7-01.jpeg\" alt=\"\" width=\"1079\" height=\"1435\" srcset=\"https:\/\/www.persimmontravels.com\/wp-content\/uploads\/2023\/08\/Screenshot_2023-08-15-11-29-11-20_6012fa4d4ddec268fc5c7112cbb265e7-01.jpeg 1079w, https:\/\/www.persimmontravels.com\/wp-content\/uploads\/2023\/08\/Screenshot_2023-08-15-11-29-11-20_6012fa4d4ddec268fc5c7112cbb265e7-01-226x300.jpeg 226w, https:\/\/www.persimmontravels.com\/wp-content\/uploads\/2023\/08\/Screenshot_2023-08-15-11-29-11-20_6012fa4d4ddec268fc5c7112cbb265e7-01-770x1024.jpeg 770w, https:\/\/www.persimmontravels.com\/wp-content\/uploads\/2023\/08\/Screenshot_2023-08-15-11-29-11-20_6012fa4d4ddec268fc5c7112cbb265e7-01-768x1021.jpeg 768w, https:\/\/www.persimmontravels.com\/wp-content\/uploads\/2023\/08\/Screenshot_2023-08-15-11-29-11-20_6012fa4d4ddec268fc5c7112cbb265e7-01-600x798.jpeg 600w\" sizes=\"(max-width: 1079px) 100vw, 1079px\" \/><\/p>\n<p>\ud83c\udf54Si eres al\u00e9rgico ,vegetariano o intolerante alg\u00fan alimento consultar con el monitor .<\/p>\n<p>\ud83d\ude0d\ud83d\ude0dImportante muchas ganas pasarlo bien. \ud83d\ude0d\ud83d\ude0d\ud83d\ude0d<\/p>\n<p>\ud83d\udea8\ud83d\udea8Esto es marruecos hay que adaptarse a posibles cambios de horarios ,de rutas y tener mucha pasiencia por nuestro amigos marroqu\u00ed ,es una cultura muy encantadora pero muy diferente \ud83d\udea8\ud83d\udea8<\/p>\n","protected":false},"excerpt":{"rendered":"<h1><strong><img decoding=\"async\" loading=\"lazy\" class=\"alignnone wp-image-11201\" src=\"https:\/\/www.persimmontravels.com\/wp-content\/uploads\/2023\/08\/persimmon-aventuras.png\" alt=\"persimmon aventuras\" width=\"497\" height=\"175\" srcset=\"https:\/\/www.persimmontravels.com\/wp-content\/uploads\/2023\/08\/persimmon-aventuras.png 687w, https:\/\/www.persimmontravels.com\/wp-content\/uploads\/2023\/08\/persimmon-aventuras-300x106.png 300w, https:\/\/www.persimmontravels.com\/wp-content\/uploads\/2023\/08\/persimmon-aventuras-600x211.png 600w\" sizes=\"(max-width: 497px) 100vw, 497px\" \/><img decoding=\"async\" loading=\"lazy\" class=\"alignnone wp-image-10490\" src=\"https:\/\/www.persimmontravels.com\/wp-content\/uploads\/2023\/08\/2023-05-14-5-logo.png\" alt=\"marruecos desde sevilla\" width=\"381\" height=\"156\" srcset=\"https:\/\/www.persimmontravels.com\/wp-content\/uploads\/2023\/08\/2023-05-14-5-logo.png 628w, https:\/\/www.persimmontravels.com\/wp-content\/uploads\/2023\/08\/2023-05-14-5-logo-300x123.png 300w, https:\/\/www.persimmontravels.com\/wp-content\/uploads\/2023\/08\/2023-05-14-5-logo-600x246.png 600w\" sizes=\"(max-width: 381px) 100vw, 381px\" \/><\/strong><\/h1>\n<h1><strong>Viaje al Norte de Marruecos 8-9 y 10 de Septiembre -Rif-<\/strong><\/h1>\n<h1><strong>(3 d\u00edas\/2 noches)<\/strong><\/h1>\n<p><img decoding=\"async\" loading=\"lazy\" class=\"alignnone size-full wp-image-13513\" src=\"https:\/\/www.persimmontravels.com\/wp-content\/uploads\/2023\/08\/puente-de-diciembre-marrruecos.jpeg\" alt=\"\" width=\"1080\" height=\"1080\" srcset=\"https:\/\/www.persimmontravels.com\/wp-content\/uploads\/2023\/08\/puente-de-diciembre-marrruecos.jpeg 1080w, https:\/\/www.persimmontravels.com\/wp-content\/uploads\/2023\/08\/puente-de-diciembre-marrruecos-300x300.jpeg 300w, https:\/\/www.persimmontravels.com\/wp-content\/uploads\/2023\/08\/puente-de-diciembre-marrruecos-1024x1024.jpeg 1024w, https:\/\/www.persimmontravels.com\/wp-content\/uploads\/2023\/08\/puente-de-diciembre-marrruecos-150x150.jpeg 150w, https:\/\/www.persimmontravels.com\/wp-content\/uploads\/2023\/08\/puente-de-diciembre-marrruecos-768x768.jpeg 768w, https:\/\/www.persimmontravels.com\/wp-content\/uploads\/2023\/08\/puente-de-diciembre-marrruecos-189x189.jpeg 189w, https:\/\/www.persimmontravels.com\/wp-content\/uploads\/2023\/08\/puente-de-diciembre-marrruecos-88x88.jpeg 88w, https:\/\/www.persimmontravels.com\/wp-content\/uploads\/2023\/08\/puente-de-diciembre-marrruecos-213x213.jpeg 213w, https:\/\/www.persimmontravels.com\/wp-content\/uploads\/2023\/08\/puente-de-diciembre-marrruecos-600x600.jpeg 600w, https:\/\/www.persimmontravels.com\/wp-content\/uploads\/2023\/08\/puente-de-diciembre-marrruecos-100x100.jpeg 100w\" sizes=\"(max-width: 1080px) 100vw, 1080px\" \/><img decoding=\"async\" loading=\"lazy\" class=\"alignnone size-full wp-image-11080\" src=\"https:\/\/www.persimmontravels.com\/wp-content\/uploads\/2023\/08\/Screenshot_2023-08-15-11-28-02-74_6012fa4d4ddec268fc5c7112cbb265e7-01.jpeg\" alt=\"Viaje a Chefchaouen\" width=\"929\" height=\"679\" srcset=\"https:\/\/www.persimmontravels.com\/wp-content\/uploads\/2023\/08\/Screenshot_2023-08-15-11-28-02-74_6012fa4d4ddec268fc5c7112cbb265e7-01.jpeg 929w, https:\/\/www.persimmontravels.com\/wp-content\/uploads\/2023\/08\/Screenshot_2023-08-15-11-28-02-74_6012fa4d4ddec268fc5c7112cbb265e7-01-300x219.jpeg 300w, https:\/\/www.persimmontravels.com\/wp-content\/uploads\/2023\/08\/Screenshot_2023-08-15-11-28-02-74_6012fa4d4ddec268fc5c7112cbb265e7-01-768x561.jpeg 768w, https:\/\/www.persimmontravels.com\/wp-content\/uploads\/2023\/08\/Screenshot_2023-08-15-11-28-02-74_6012fa4d4ddec268fc5c7112cbb265e7-01-600x439.jpeg 600w\" sizes=\"(max-width: 929px) 100vw, 929px\" \/><\/p>\n","protected":false},"featured_media":13513,"comment_status":"open","ping_status":"closed","template":"","meta":{"content-type":""},"product_cat":[332],"product_tag":[],"_links":{"self":[{"href":"https:\/\/www.persimmontravels.com\/es\/wp-json\/wp\/v2\/product\/10959"}],"collection":[{"href":"https:\/\/www.persimmontravels.com\/es\/wp-json\/wp\/v2\/product"}],"about":[{"href":"https:\/\/www.persimmontravels.com\/es\/wp-json\/wp\/v2\/types\/product"}],"replies":[{"embeddable":true,"href":"https:\/\/www.persimmontravels.com\/es\/wp-json\/wp\/v2\/comments?post=10959"}],"wp:featuredmedia":[{"embeddable":true,"href":"https:\/\/www.persimmontravels.com\/es\/wp-json\/wp\/v2\/media\/13513"}],"wp:attachment":[{"href":"https:\/\/www.persimmontravels.com\/es\/wp-json\/wp\/v2\/media?parent=10959"}],"wp:term":[{"taxonomy":"product_cat","embeddable":true,"href":"https:\/\/www.persimmontravels.com\/es\/wp-json\/wp\/v2\/product_cat?post=10959"},{"taxonomy":"product_tag","embeddable":true,"href":"https:\/\/www.persimmontravels.com\/es\/wp-json\/wp\/v2\/product_tag?post=10959"}],"curies":[{"name":"wp","href":"https:\/\/api.w.org\/{rel}","templated":true}]}}