{"id":10925,"date":"2023-08-15T06:01:51","date_gmt":"2023-08-15T06:01:51","guid":{"rendered":"https:\/\/www.persimmontravels.com\/?post_type=product&#038;p=10925"},"modified":"2023-08-16T09:36:06","modified_gmt":"2023-08-16T09:36:06","slug":"barranquismo-sima-del-diablo-2","status":"publish","type":"product","link":"https:\/\/www.persimmontravels.com\/es\/producto\/barranquismo-sima-del-diablo-2\/","title":{"rendered":"Barranquismo: Sima del Diablo"},"content":{"rendered":"<p>[vc_row][vc_column][vc_column_text]<img decoding=\"async\" loading=\"lazy\" class=\"alignnone size-full wp-image-10948\" src=\"https:\/\/www.persimmontravels.com\/wp-content\/uploads\/2023\/08\/Screenshot_2023-08-15-08-07-33-97_6012fa4d4ddec268fc5c7112cbb265e7-01.jpeg\" alt=\"barranquismo sevilla\" width=\"1079\" height=\"654\" srcset=\"https:\/\/www.persimmontravels.com\/wp-content\/uploads\/2023\/08\/Screenshot_2023-08-15-08-07-33-97_6012fa4d4ddec268fc5c7112cbb265e7-01.jpeg 1079w, https:\/\/www.persimmontravels.com\/wp-content\/uploads\/2023\/08\/Screenshot_2023-08-15-08-07-33-97_6012fa4d4ddec268fc5c7112cbb265e7-01-300x182.jpeg 300w, https:\/\/www.persimmontravels.com\/wp-content\/uploads\/2023\/08\/Screenshot_2023-08-15-08-07-33-97_6012fa4d4ddec268fc5c7112cbb265e7-01-1024x621.jpeg 1024w, https:\/\/www.persimmontravels.com\/wp-content\/uploads\/2023\/08\/Screenshot_2023-08-15-08-07-33-97_6012fa4d4ddec268fc5c7112cbb265e7-01-768x465.jpeg 768w, https:\/\/www.persimmontravels.com\/wp-content\/uploads\/2023\/08\/Screenshot_2023-08-15-08-07-33-97_6012fa4d4ddec268fc5c7112cbb265e7-01-600x364.jpeg 600w\" sizes=\"(max-width: 1079px) 100vw, 1079px\" \/>[\/vc_column_text][\/vc_column][\/vc_row][vc_row][vc_column][vc_column_text]Barranco iniciaci\u00f3n<\/p>\n<p>Barranco con 3 rapel ,muy sencillos el \u00fanico m\u00e1s vertical es el segundo de unos 14 metros &#8230;.<\/p>\n<p>Barranco siempre con agua y muy divertido, tanto para adultos como para peque\u00f1os ,este barranco se caracteriza por lo verde que es ,por su vegetaci\u00f3n frondosa,\u00a0 abundante y bonita<\/p>\n<p class=\"_04xlpA direction-ltr align-start para-style-body\"><span class=\"WdYUQQ text-decoration-none text-strikethrough-none\">Con el asesoramiento del gu\u00eda y el material necesario, descubrir\u00e1s de forma amena y segura este apasionante deporte.<\/span><\/p>\n<p class=\"_04xlpA direction-ltr align-start para-style-body\"><span class=\"WdYUQQ text-decoration-none text-strikethrough-none\">*Seg\u00fan las condiciones meteorol\u00f3gicas, y el caudal del agua, el gu\u00eda puede decidir por seguridad cambiar la ruta o modificar la actividad.<\/span><\/p>\n<p class=\"_04xlpA direction-ltr align-start para-style-body\"><span class=\"WdYUQQ text-decoration-none text-strikethrough-none\">*Existe la posibilidad de contratar el servicio de desplazamiento con un coste adicional seg\u00fan el origen<\/span><\/p>\n<p class=\"_04xlpA direction-ltr align-start para-style-body\"><span class=\"WdYUQQ text-decoration-none text-strikethrough-none\">*Las reservas realizadas con menos de 24h de antelaci\u00f3n deber\u00e1n ser confirmadas por la base de actividades y, en caso de que el turno escogido est\u00e9 lleno, se propondr\u00e1n alternativas. Si finalmente la actividad no se pudiese realizar, se proceder\u00e1 a la devoluci\u00f3n de la reserva.<\/span><\/p>\n<p class=\"_04xlpA direction-ltr align-start para-style-body\"><span class=\"WdYUQQ text-decoration-none text-strikethrough-none\">\u00a1Queremos pasar con vosotros un gran d\u00eda de diversi\u00f3n sin limites y m\u00e1xima seguridad !<\/span><\/p>\n<p>[\/vc_column_text][\/vc_column][\/vc_row][vc_row][vc_column][vc_column_text]<\/p>\n<p class=\"_04xlpA direction-ltr align-start para-style-body\">HORARIO<\/p>\n<p class=\"_04xlpA direction-ltr align-start para-style-body\"><span class=\"WdYUQQ text-decoration-none text-strikethrough-none\">\u231a10;00 horas punto de encuentro<\/span><\/p>\n<p class=\"_04xlpA direction-ltr align-start para-style-body\"><span class=\"WdYUQQ text-decoration-none text-strikethrough-none\">\u231a10;30 reparto material y explicaci\u00f3n<\/span><\/p>\n<p class=\"_04xlpA direction-ltr align-start para-style-body\"><span class=\"WdYUQQ text-decoration-none text-strikethrough-none\">\u231a11;30 comienzo aventura<\/span><\/p>\n<p class=\"_04xlpA direction-ltr align-start para-style-body\"><span class=\"WdYUQQ text-decoration-none text-strikethrough-none\">\u231a16:00 aproximadamente.<\/span><\/p>\n<p>[\/vc_column_text][\/vc_column][\/vc_row][vc_row][vc_column][vc_column_text]MATERIAL NECESARIO<\/p>\n<p>Zapatillas deportivas o botas para realizar actividad: preferiblemente calzado que asegure bien el tobillo para andar por el agua y que est\u00e9n en buen estado.<\/p>\n<p>Bikini o ba\u00f1ador para separar el neopreno de la piel y ropa seca tras la fiscalizaci\u00f3n de de la actividad.<\/p>\n<p>Avituallamiento durante la actividad de descenso del barranco (agua, zumos, frutos secos, fruta, barritas energ\u00e9ticas, etc.).<\/p>\n<p>Para su transporte es recomendable llevar una mochila peque\u00f1a. Comida tras la finalizaci\u00f3n del descenso del barranco. En este caso se puede dejar en los propios veh\u00edculos para disfrutar posteriormente del almuerzo.[\/vc_column_text][\/vc_column][\/vc_row][vc_row][vc_column][vc_column_text]<\/p>\n<p class=\"_04xlpA direction-ltr align-start para-style-body\"><span class=\"WdYUQQ text-decoration-none text-strikethrough-none\">MATERIAL PROPORCIONADO POR AVENTURA SIN L\u00cdMITE:<\/span><\/p>\n<p class=\"_04xlpA direction-ltr align-start para-style-body\"><span class=\"WdYUQQ text-decoration-none text-strikethrough-none\">Traje de Neopreno<\/span><\/p>\n<p class=\"_04xlpA direction-ltr align-start para-style-body\"><span class=\"WdYUQQ text-decoration-none text-strikethrough-none\">Casco de seguridad<\/span><\/p>\n<p class=\"_04xlpA direction-ltr align-start para-style-body\"><span class=\"WdYUQQ text-decoration-none text-strikethrough-none\">Arn\u00e9s<\/span><\/p>\n<p class=\"_04xlpA direction-ltr align-start para-style-body\"><span class=\"WdYUQQ text-decoration-none text-strikethrough-none\">Bote estanco<\/span><\/p>\n<p class=\"_04xlpA direction-ltr align-start para-style-body\"><span class=\"WdYUQQ text-decoration-none text-strikethrough-none\">Seguro de Responsabilidad Civil y Seguro de accidentes<\/span><\/p>\n<p class=\"_04xlpA direction-ltr align-start para-style-body\"><span class=\"WdYUQQ text-decoration-none text-strikethrough-none\">Reportaje fotogr\u00e1fico y video<\/span><\/p>\n<p>[\/vc_column_text][\/vc_column][\/vc_row]<\/p>\n","protected":false},"excerpt":{"rendered":"<h1><strong><span class=\"WdYUQQ text-decoration-none text-strikethrough-none\">Descenso de Barranquismo\u00a0 \u00a0 \u00a0 \u00a0 \u00a0 \u00a0 \u00a0 \u00a0 \u00a0 \u00a0 \u00a0 \u00a0 \u00a0 \u00a0 \u00a0 \u00a0 \u00a0 \u00a0 \u00a0 \u00a0 \u00a0 \u00a0 \u00a0 \u00a0 \u00a0 \u00a0 \u00a0 <\/span><\/strong><\/h1>\n<h1>Sima del Diablo<\/h1>\n<p><img decoding=\"async\" loading=\"lazy\" class=\"alignnone size-full wp-image-10495\" src=\"https:\/\/www.persimmontravels.com\/wp-content\/uploads\/2023\/08\/2023-05-14-5-logo-1.png\" alt=\"barranquismo cadiz\" width=\"628\" height=\"257\" srcset=\"https:\/\/www.persimmontravels.com\/wp-content\/uploads\/2023\/08\/2023-05-14-5-logo-1.png 628w, https:\/\/www.persimmontravels.com\/wp-content\/uploads\/2023\/08\/2023-05-14-5-logo-1-300x123.png 300w, https:\/\/www.persimmontravels.com\/wp-content\/uploads\/2023\/08\/2023-05-14-5-logo-1-600x246.png 600w\" sizes=\"(max-width: 628px) 100vw, 628px\" \/><img decoding=\"async\" loading=\"lazy\" class=\"alignnone size-full wp-image-10938\" src=\"https:\/\/www.persimmontravels.com\/wp-content\/uploads\/2023\/08\/Screenshot_2023-08-15-08-07-19-51_6012fa4d4ddec268fc5c7112cbb265e7-01.jpeg\" alt=\"aventuras sevilla\" width=\"1079\" height=\"649\" srcset=\"https:\/\/www.persimmontravels.com\/wp-content\/uploads\/2023\/08\/Screenshot_2023-08-15-08-07-19-51_6012fa4d4ddec268fc5c7112cbb265e7-01.jpeg 1079w, https:\/\/www.persimmontravels.com\/wp-content\/uploads\/2023\/08\/Screenshot_2023-08-15-08-07-19-51_6012fa4d4ddec268fc5c7112cbb265e7-01-300x180.jpeg 300w, https:\/\/www.persimmontravels.com\/wp-content\/uploads\/2023\/08\/Screenshot_2023-08-15-08-07-19-51_6012fa4d4ddec268fc5c7112cbb265e7-01-1024x616.jpeg 1024w, https:\/\/www.persimmontravels.com\/wp-content\/uploads\/2023\/08\/Screenshot_2023-08-15-08-07-19-51_6012fa4d4ddec268fc5c7112cbb265e7-01-768x462.jpeg 768w, https:\/\/www.persimmontravels.com\/wp-content\/uploads\/2023\/08\/Screenshot_2023-08-15-08-07-19-51_6012fa4d4ddec268fc5c7112cbb265e7-01-600x361.jpeg 600w\" sizes=\"(max-width: 1079px) 100vw, 1079px\" \/><\/p>\n<p>Barranco iniciaci\u00f3n<\/p>\n<p>Barranco con 3 rapel ,muy sencillos el \u00fanico m\u00e1s vertical es el segundo de unos 14 metros.<\/p>\n<p>Este ca\u00f1\u00f3n siempre baja con agua y es muy divertido tanto para adultos como para ni\u00f1os. Se distingue por su abundante, exuberante y hermosa vegetaci\u00f3n verde.<\/p>\n","protected":false},"featured_media":10938,"comment_status":"open","ping_status":"closed","template":"","meta":{"content-type":""},"product_cat":[332],"product_tag":[329,333],"_links":{"self":[{"href":"https:\/\/www.persimmontravels.com\/es\/wp-json\/wp\/v2\/product\/10925"}],"collection":[{"href":"https:\/\/www.persimmontravels.com\/es\/wp-json\/wp\/v2\/product"}],"about":[{"href":"https:\/\/www.persimmontravels.com\/es\/wp-json\/wp\/v2\/types\/product"}],"replies":[{"embeddable":true,"href":"https:\/\/www.persimmontravels.com\/es\/wp-json\/wp\/v2\/comments?post=10925"}],"wp:featuredmedia":[{"embeddable":true,"href":"https:\/\/www.persimmontravels.com\/es\/wp-json\/wp\/v2\/media\/10938"}],"wp:attachment":[{"href":"https:\/\/www.persimmontravels.com\/es\/wp-json\/wp\/v2\/media?parent=10925"}],"wp:term":[{"taxonomy":"product_cat","embeddable":true,"href":"https:\/\/www.persimmontravels.com\/es\/wp-json\/wp\/v2\/product_cat?post=10925"},{"taxonomy":"product_tag","embeddable":true,"href":"https:\/\/www.persimmontravels.com\/es\/wp-json\/wp\/v2\/product_tag?post=10925"}],"curies":[{"name":"wp","href":"https:\/\/api.w.org\/{rel}","templated":true}]}}