{"id":10666,"date":"2023-08-08T10:08:56","date_gmt":"2023-08-08T10:08:56","guid":{"rendered":"https:\/\/www.persimmontravels.com\/?post_type=product&#038;p=10666"},"modified":"2023-08-08T10:38:50","modified_gmt":"2023-08-08T10:38:50","slug":"barranquismo-descenso-de-la-garganta-verde","status":"publish","type":"product","link":"https:\/\/www.persimmontravels.com\/es\/producto\/barranquismo-descenso-de-la-garganta-verde\/","title":{"rendered":"Barranquismo: Descenso de la Garganta verde"},"content":{"rendered":"<p>[vc_row][vc_column][vc_column_text]<\/p>\n<p><img decoding=\"async\" loading=\"lazy\" class=\"size-full wp-image-10755\" src=\"https:\/\/www.persimmontravels.com\/wp-content\/uploads\/2023\/08\/GOPR6745-scaled.jpg\" alt=\"Garganta Verde\" width=\"2560\" height=\"1920\" srcset=\"https:\/\/www.persimmontravels.com\/wp-content\/uploads\/2023\/08\/GOPR6745-scaled.jpg 2560w, https:\/\/www.persimmontravels.com\/wp-content\/uploads\/2023\/08\/GOPR6745-300x225.jpg 300w, https:\/\/www.persimmontravels.com\/wp-content\/uploads\/2023\/08\/GOPR6745-1024x768.jpg 1024w, https:\/\/www.persimmontravels.com\/wp-content\/uploads\/2023\/08\/GOPR6745-768x576.jpg 768w, https:\/\/www.persimmontravels.com\/wp-content\/uploads\/2023\/08\/GOPR6745-1536x1152.jpg 1536w, https:\/\/www.persimmontravels.com\/wp-content\/uploads\/2023\/08\/GOPR6745-2048x1536.jpg 2048w, https:\/\/www.persimmontravels.com\/wp-content\/uploads\/2023\/08\/GOPR6745-600x450.jpg 600w\" sizes=\"(max-width: 2560px) 100vw, 2560px\" \/>[\/vc_column_text][\/vc_column][\/vc_row][vc_row][vc_column][vc_column_text]<\/p>\n<p class=\"_04xlpA direction-ltr align-start para-style-body\"><span class=\"WdYUQQ text-decoration-none text-strikethrough-none\">Con unas vistas incre\u00edbles del parque natural de Zahara de la Sierra ,donde te adentras en sus desfiladeros.<\/span><\/p>\n<p class=\"_04xlpA direction-ltr align-center para-style-body\"><span class=\"WdYUQQ text-decoration-none text-strikethrough-none\">Esta ruta se inicia con sendero de 40 minutos a trav\u00e9s de la<\/span> <span class=\"WdYUQQ text-decoration-none text-strikethrough-none\">Sierra de Grazalema<\/span> <span class=\"WdYUQQ text-decoration-none text-strikethrough-none\">hasta llegar a la zona de actividades.<\/span><\/p>\n<p class=\"_04xlpA direction-ltr align-start para-style-body\"><span class=\"WdYUQQ text-decoration-none text-strikethrough-none\">Tras una espectacular caminata realizaremos <\/span><span class=\"WdYUQQ text-decoration-none text-strikethrough-none\">tres descensos de rappel y <\/span><span class=\"WdYUQQ text-decoration-none text-strikethrough-none\">una bajada deslizada en tobog\u00e1n.<\/span><\/p>\n<p>[\/vc_column_text][\/vc_column][\/vc_row][vc_row][vc_column][vc_column_text]<\/p>\n<p class=\"_04xlpA direction-ltr align-start para-style-body\">HORARIO<\/p>\n<p class=\"_04xlpA direction-ltr align-start para-style-body\"><span class=\"WdYUQQ text-decoration-none text-strikethrough-none\">\u231a10:00 horas punto de encuentro<\/span><\/p>\n<p class=\"_04xlpA direction-ltr align-start para-style-body\"><span class=\"WdYUQQ text-decoration-none text-strikethrough-none\">\u231a10:30 reparto material y explicaci\u00f3n<\/span><\/p>\n<p class=\"_04xlpA direction-ltr align-start para-style-body\"><span class=\"WdYUQQ text-decoration-none text-strikethrough-none\">\u231a11:30 comienzo aventura<\/span><\/p>\n<p class=\"_04xlpA direction-ltr align-start para-style-body\"><span class=\"WdYUQQ text-decoration-none text-strikethrough-none\">\u231a16:00 aproximadamente.<\/span><\/p>\n<p>[\/vc_column_text][\/vc_column][\/vc_row][vc_row][vc_column][vc_column_text]MATERIAL NECESARIO<\/p>\n<p>Zapatillas deportivas o botas para realizar actividad: preferiblemente calzado que asegure bien el tobillo para andar por el agua y que est\u00e9n en buen estado.<\/p>\n<p>Bikini o ba\u00f1ador para separar el neopreno de la piel y ropa seca tras la fiscalizaci\u00f3n de de la actividad.<\/p>\n<p>Avituallamiento durante la actividad de descenso del barranco (agua, zumos, frutos secos, fruta, barritas energ\u00e9ticas, etc.).<\/p>\n<p>Para su transporte es recomendable llevar una mochila peque\u00f1a. Comida tras la finalizaci\u00f3n del descenso del barranco. En este caso se puede dejar en los propios veh\u00edculos para disfrutar posteriormente del almuerzo.[\/vc_column_text][\/vc_column][\/vc_row][vc_row][vc_column][vc_column_text]<\/p>\n<p class=\"_04xlpA direction-ltr align-start para-style-body\"><span class=\"WdYUQQ text-decoration-none text-strikethrough-none\">MATERIAL PROPORCIONADO POR AVENTURA SIN L\u00cdMITE:<\/span><\/p>\n<p class=\"_04xlpA direction-ltr align-start para-style-body\"><span class=\"WdYUQQ text-decoration-none text-strikethrough-none\">Traje de Neopreno<\/span><\/p>\n<p class=\"_04xlpA direction-ltr align-start para-style-body\"><span class=\"WdYUQQ text-decoration-none text-strikethrough-none\">Casco de seguridad<\/span><\/p>\n<p class=\"_04xlpA direction-ltr align-start para-style-body\"><span class=\"WdYUQQ text-decoration-none text-strikethrough-none\">Arn\u00e9s<\/span><\/p>\n<p class=\"_04xlpA direction-ltr align-start para-style-body\"><span class=\"WdYUQQ text-decoration-none text-strikethrough-none\">Bote estanco<\/span><\/p>\n<p class=\"_04xlpA direction-ltr align-start para-style-body\"><span class=\"WdYUQQ text-decoration-none text-strikethrough-none\">Seguro de Responsabilidad Civil y Seguro de accidentes<\/span><\/p>\n<p class=\"_04xlpA direction-ltr align-start para-style-body\"><span class=\"WdYUQQ text-decoration-none text-strikethrough-none\">Reportaje fotogr\u00e1fico y video<\/span><\/p>\n<p>[\/vc_column_text][\/vc_column][\/vc_row]<\/p>\n","protected":false},"excerpt":{"rendered":"<h1><span class=\"WdYUQQ text-decoration-none text-strikethrough-none\">Barranco de iniciaci\u00f3n, Garganta Verde (Grazalema)<\/span><\/h1>\n<p>&nbsp;<\/p>\n<p><img decoding=\"async\" loading=\"lazy\" class=\"alignnone size-full wp-image-10495\" src=\"https:\/\/www.persimmontravels.com\/wp-content\/uploads\/2023\/08\/2023-05-14-5-logo-1.png\" alt=\"barranquismo cadiz\" width=\"628\" height=\"257\" srcset=\"https:\/\/www.persimmontravels.com\/wp-content\/uploads\/2023\/08\/2023-05-14-5-logo-1.png 628w, https:\/\/www.persimmontravels.com\/wp-content\/uploads\/2023\/08\/2023-05-14-5-logo-1-300x123.png 300w, https:\/\/www.persimmontravels.com\/wp-content\/uploads\/2023\/08\/2023-05-14-5-logo-1-600x246.png 600w\" sizes=\"(max-width: 628px) 100vw, 628px\" \/><\/p>\n<div><\/div>\n<p><img decoding=\"async\" loading=\"lazy\" class=\"size-full wp-image-10735\" src=\"https:\/\/www.persimmontravels.com\/wp-content\/uploads\/2023\/08\/GOPR4240-135-scaled.jpg\" alt=\"Garganta verde \" width=\"2560\" height=\"1920\" srcset=\"https:\/\/www.persimmontravels.com\/wp-content\/uploads\/2023\/08\/GOPR4240-135-scaled.jpg 2560w, https:\/\/www.persimmontravels.com\/wp-content\/uploads\/2023\/08\/GOPR4240-135-300x225.jpg 300w, https:\/\/www.persimmontravels.com\/wp-content\/uploads\/2023\/08\/GOPR4240-135-1024x768.jpg 1024w, https:\/\/www.persimmontravels.com\/wp-content\/uploads\/2023\/08\/GOPR4240-135-768x576.jpg 768w, https:\/\/www.persimmontravels.com\/wp-content\/uploads\/2023\/08\/GOPR4240-135-1536x1152.jpg 1536w, https:\/\/www.persimmontravels.com\/wp-content\/uploads\/2023\/08\/GOPR4240-135-2048x1536.jpg 2048w, https:\/\/www.persimmontravels.com\/wp-content\/uploads\/2023\/08\/GOPR4240-135-600x450.jpg 600w\" sizes=\"(max-width: 2560px) 100vw, 2560px\" \/><\/p>\n<p class=\"_04xlpA direction-ltr align-start para-style-body\"><span class=\"WdYUQQ text-decoration-none text-strikethrough-none\">Esta experiencia te permite disfrutar de la naturaleza<\/span> <span class=\"WdYUQQ text-decoration-none text-strikethrough-none\">de forma diferente, saltando, rapelando, descendiendo por toboganes de agua, venciendo obst\u00e1culos naturales junto con un gu\u00eda especializado. *actividad abierta a los ni\u00f1os a partir de 8 a\u00f1os si han realizado antes el circuito multiaventura, si no es el caso pueden hacer el barranco a partir de los 10 a\u00f1os.<\/span><\/p>\n<p class=\"_04xlpA direction-ltr align-start para-style-body\"><span class=\"WdYUQQ text-decoration-none text-strikethrough-none\">Con el asesoramiento del gu\u00eda y el material necesario, descubrir\u00e1s de forma amena y segura este apasionante deporte.<\/span><\/p>\n<p class=\"_04xlpA direction-ltr align-start para-style-body\"><span class=\"WdYUQQ text-decoration-none text-strikethrough-none\">*Seg\u00fan las condiciones meteorol\u00f3gicas, y el caudal del agua, el gu\u00eda puede decidir por seguridad cambiar la ruta o modificar la actividad.<\/span><\/p>\n<p class=\"_04xlpA direction-ltr align-start para-style-body\"><span class=\"WdYUQQ text-decoration-none text-strikethrough-none\">*Existe la posibilidad de contratar el servicio de desplazamiento con un coste adicional seg\u00fan el origen<\/span><\/p>\n<p class=\"_04xlpA direction-ltr align-start para-style-body\"><span class=\"WdYUQQ text-decoration-none text-strikethrough-none\">*Las reservas realizadas con menos de 24h de antelaci\u00f3n deber\u00e1n ser confirmadas por la base de actividades y, en caso de que el turno escogido est\u00e9 lleno, se propondr\u00e1n alternativas. Si finalmente la actividad no se pudiese realizar, se proceder\u00e1 a la devoluci\u00f3n de la reserva.<\/span><span class=\"WdYUQQ text-decoration-none text-strikethrough-none\">\u00a1Queremos pasar con vosotros un gran d\u00eda de diversi\u00f3n sin limites y m\u00e1xima seguridad !<\/span><\/p>\n","protected":false},"featured_media":10725,"comment_status":"open","ping_status":"closed","template":"","meta":{"content-type":""},"product_cat":[332],"product_tag":[329,333],"_links":{"self":[{"href":"https:\/\/www.persimmontravels.com\/es\/wp-json\/wp\/v2\/product\/10666"}],"collection":[{"href":"https:\/\/www.persimmontravels.com\/es\/wp-json\/wp\/v2\/product"}],"about":[{"href":"https:\/\/www.persimmontravels.com\/es\/wp-json\/wp\/v2\/types\/product"}],"replies":[{"embeddable":true,"href":"https:\/\/www.persimmontravels.com\/es\/wp-json\/wp\/v2\/comments?post=10666"}],"wp:featuredmedia":[{"embeddable":true,"href":"https:\/\/www.persimmontravels.com\/es\/wp-json\/wp\/v2\/media\/10725"}],"wp:attachment":[{"href":"https:\/\/www.persimmontravels.com\/es\/wp-json\/wp\/v2\/media?parent=10666"}],"wp:term":[{"taxonomy":"product_cat","embeddable":true,"href":"https:\/\/www.persimmontravels.com\/es\/wp-json\/wp\/v2\/product_cat?post=10666"},{"taxonomy":"product_tag","embeddable":true,"href":"https:\/\/www.persimmontravels.com\/es\/wp-json\/wp\/v2\/product_tag?post=10666"}],"curies":[{"name":"wp","href":"https:\/\/api.w.org\/{rel}","templated":true}]}}