{"id":10571,"date":"2023-08-08T09:06:50","date_gmt":"2023-08-08T09:06:50","guid":{"rendered":"https:\/\/www.persimmontravels.com\/?post_type=product&#038;p=10571"},"modified":"2023-08-09T15:06:55","modified_gmt":"2023-08-09T15:06:55","slug":"rafting-con-dos-bajadas-benameji-cordoba","status":"publish","type":"product","link":"https:\/\/www.persimmontravels.com\/es\/producto\/rafting-con-dos-bajadas-benameji-cordoba\/","title":{"rendered":"Rafting con dos bajadas Benameji  (C\u00f3rdoba)"},"content":{"rendered":"<p>[vc_row][vc_column][vc_column_text]<img decoding=\"async\" loading=\"lazy\" class=\"alignnone size-full wp-image-10661\" src=\"https:\/\/www.persimmontravels.com\/wp-content\/uploads\/2023\/08\/RAPIDO-TERMINADO-1.jpg\" alt=\"Rafting Persimmon\" width=\"1920\" height=\"1080\" srcset=\"https:\/\/www.persimmontravels.com\/wp-content\/uploads\/2023\/08\/RAPIDO-TERMINADO-1.jpg 1920w, https:\/\/www.persimmontravels.com\/wp-content\/uploads\/2023\/08\/RAPIDO-TERMINADO-1-300x169.jpg 300w, https:\/\/www.persimmontravels.com\/wp-content\/uploads\/2023\/08\/RAPIDO-TERMINADO-1-1024x576.jpg 1024w, https:\/\/www.persimmontravels.com\/wp-content\/uploads\/2023\/08\/RAPIDO-TERMINADO-1-768x432.jpg 768w, https:\/\/www.persimmontravels.com\/wp-content\/uploads\/2023\/08\/RAPIDO-TERMINADO-1-1536x864.jpg 1536w, https:\/\/www.persimmontravels.com\/wp-content\/uploads\/2023\/08\/RAPIDO-TERMINADO-1-600x338.jpg 600w\" sizes=\"(max-width: 1920px) 100vw, 1920px\" \/>[\/vc_column_text][\/vc_column][\/vc_row][vc_row][vc_column][vc_column_text]<\/p>\n<p class=\"_04xlpA direction-ltr align-start para-style-body\"><span class=\"WdYUQQ text-decoration-none text-strikethrough-none\">Prep\u00e1rate para un completo dia de rafting con dos bajadas completas sobre el r\u00edo Genil, desde la localidad de<\/span> <span class=\"WdYUQQ text-decoration-none text-strikethrough-none\">Benameji a Palenciana, con un recorrido en bajada de 4 km. aproximadamente.<\/span><\/p>\n<p class=\"_04xlpA direction-ltr align-start para-style-body\"><span class=\"WdYUQQ text-decoration-none text-strikethrough-none\">La duraci\u00f3n de la actividad ser\u00e1 de 3,5 horas, permaneciendo en el 1 hora y 30 minutos en el agua.<\/span><\/p>\n<p class=\"_04xlpA direction-ltr align-start para-style-body\"><span class=\"WdYUQQ text-decoration-none text-strikethrough-none\">La capacidad de la embarcaci\u00f3n es de 7\/8 participantes. Habr\u00e1 un monitor por cada 7\/8 participantes.<\/span><\/p>\n<p class=\"_04xlpA direction-ltr align-start para-style-body\"><span class=\"WdYUQQ text-decoration-none text-strikethrough-none\">Requisitos de actividad: Todos los participantes deben saber nadar. Todos los menores deben tener autorizaci\u00f3n de sus padres.<\/span><\/p>\n<p>[\/vc_column_text][\/vc_column][\/vc_row][vc_row][vc_column][vc_column_text]<\/p>\n<p class=\"_04xlpA direction-ltr align-start para-style-body\">HORARIO<\/p>\n<p class=\"_04xlpA direction-ltr align-start para-style-body\"><span class=\"WdYUQQ text-decoration-none text-strikethrough-none\">\u231a10;00 horas punto de encuentro<\/span><\/p>\n<p class=\"_04xlpA direction-ltr align-start para-style-body\"><span class=\"WdYUQQ text-decoration-none text-strikethrough-none\">\u231a10;30 reparto material y explicaci\u00f3n<\/span><\/p>\n<p class=\"_04xlpA direction-ltr align-start para-style-body\"><span class=\"WdYUQQ text-decoration-none text-strikethrough-none\">\u231a11;30 comienzo aventura con primera bajada<\/span><\/p>\n<p class=\"_04xlpA align-start para-style-body direction-ltr\"><span class=\"WdYUQQ text-decoration-none text-strikethrough-none\">\u231a13:30 Descanso y tiempo de almuerzo<\/span><\/p>\n<p class=\"_04xlpA direction-ltr align-start para-style-body\"><span class=\"WdYUQQ text-decoration-none text-strikethrough-none\">\u231a14:30 Segunda bajada<\/span><\/p>\n<p class=\"_04xlpA direction-ltr align-start para-style-body\"><span class=\"WdYUQQ text-decoration-none text-strikethrough-none\">\u231a18:00 fin de aventura aproximadamente.<\/span><\/p>\n<p>[\/vc_column_text][vc_column_text]MATERIAL NECESARIO:<\/p>\n<p class=\"_04xlpA direction-ltr align-start para-style-body\"><span class=\"WdYUQQ text-decoration-none text-strikethrough-none\">ZAPATILLAS DEPORTIVAS O ESCARPINES PARA LLEVAR EN LA BALSA.<\/span><\/p>\n<p class=\"_04xlpA direction-ltr align-start para-style-body\"><span class=\"WdYUQQ text-decoration-none text-strikethrough-none\">IREMOS EN BA\u00d1ADOR Y\/O CAMISETA DE LICRA, A ELEGIR YA QUE ES POSIBLE QUE SE ALCANCEN ALTAS TEMPERATURAS DURANTE EL D\u00cdA.<\/span><\/p>\n<p class=\"_04xlpA direction-ltr align-start para-style-body\"><span class=\"WdYUQQ text-decoration-none text-strikethrough-none\">ROPA SECA PARA DESPUES DE LA EXPERIENCIA; ZAPATILLAS, CHANCLAS, ROPA SECA Y TOALLA. SE ACONSEJA TRAER ALGUNA BOLSA PARA ROPA MOJADA.<\/span><\/p>\n<p class=\"_04xlpA direction-ltr align-start para-style-body\"><span class=\"WdYUQQ text-decoration-none text-strikethrough-none\">IMPORTANTE UNA PEQUE\u00d1A DONDE LLEVAR LA ROPA SECA PARA DESPU\u00c9S DE CADA BAJADA.<\/span><\/p>\n<p class=\"_04xlpA direction-ltr align-start para-style-body\"><span class=\"WdYUQQ text-decoration-none text-strikethrough-none\">AGUA DURANTE LAS BAJADAS Y CREMA SOLAR<\/span><\/p>\n<p>[\/vc_column_text][\/vc_column][\/vc_row][vc_row][vc_column][\/vc_column][\/vc_row][vc_row][vc_column][vc_column_text]<\/p>\n<p class=\"_04xlpA direction-ltr align-start para-style-body\"><span class=\"WdYUQQ text-decoration-none text-strikethrough-none\">MATERIAL PROPORCIONADO POR AVENTURA SIN L\u00cdMITE:<\/span><\/p>\n<p class=\"_04xlpA direction-ltr align-start para-style-body\"><span class=\"WdYUQQ text-decoration-none text-strikethrough-none\">SEGURO RC Y ACCIDENTE<\/span><\/p>\n<p class=\"_04xlpA direction-ltr align-start para-style-body\"><span class=\"WdYUQQ text-decoration-none text-strikethrough-none\">EMBARCACI\u00d3N NEUMATICA<\/span><\/p>\n<p class=\"_04xlpA direction-ltr align-start para-style-body\"><span class=\"WdYUQQ text-decoration-none text-strikethrough-none\">C<\/span><span class=\"WdYUQQ text-decoration-none text-strikethrough-none\">ASCOS<\/span> <span class=\"WdYUQQ text-decoration-none text-strikethrough-none\">Y PALAS<\/span><\/p>\n<p class=\"_04xlpA direction-ltr align-start para-style-body\"><span class=\"WdYUQQ text-decoration-none text-strikethrough-none\">NEOPRENO QUIEN LO REQUIERA<\/span><\/p>\n<p class=\"_04xlpA direction-ltr align-start para-style-body\"><span class=\"WdYUQQ text-decoration-none text-strikethrough-none\">REPORTAJE FOTOGR\u00c1FICO Y DE VIDEO<\/span><\/p>\n<p>[\/vc_column_text][\/vc_column][\/vc_row]<\/p>\n","protected":false},"excerpt":{"rendered":"<h1>Rafting en Benameji<\/h1>\n<p>&nbsp;<\/p>\n<p><img decoding=\"async\" loading=\"lazy\" class=\"alignnone size-full wp-image-10495\" src=\"https:\/\/www.persimmontravels.com\/wp-content\/uploads\/2023\/08\/2023-05-14-5-logo-1.png\" alt=\"barranquismo cadiz\" width=\"628\" height=\"257\" srcset=\"https:\/\/www.persimmontravels.com\/wp-content\/uploads\/2023\/08\/2023-05-14-5-logo-1.png 628w, https:\/\/www.persimmontravels.com\/wp-content\/uploads\/2023\/08\/2023-05-14-5-logo-1-300x123.png 300w, https:\/\/www.persimmontravels.com\/wp-content\/uploads\/2023\/08\/2023-05-14-5-logo-1-600x246.png 600w\" sizes=\"(max-width: 628px) 100vw, 628px\" \/><\/p>\n<p class=\"_04xlpA direction-ltr align-start para-style-body\"><span class=\"WdYUQQ text-decoration-none text-strikethrough-none\"><img decoding=\"async\" loading=\"lazy\" class=\"alignnone size-full wp-image-10625\" src=\"https:\/\/www.persimmontravels.com\/wp-content\/uploads\/2023\/08\/FOTO18.jpg\" alt=\"Rafting familia\" width=\"1920\" height=\"1080\" srcset=\"https:\/\/www.persimmontravels.com\/wp-content\/uploads\/2023\/08\/FOTO18.jpg 1920w, https:\/\/www.persimmontravels.com\/wp-content\/uploads\/2023\/08\/FOTO18-300x169.jpg 300w, https:\/\/www.persimmontravels.com\/wp-content\/uploads\/2023\/08\/FOTO18-1024x576.jpg 1024w, https:\/\/www.persimmontravels.com\/wp-content\/uploads\/2023\/08\/FOTO18-768x432.jpg 768w, https:\/\/www.persimmontravels.com\/wp-content\/uploads\/2023\/08\/FOTO18-1536x864.jpg 1536w, https:\/\/www.persimmontravels.com\/wp-content\/uploads\/2023\/08\/FOTO18-600x338.jpg 600w\" sizes=\"(max-width: 1920px) 100vw, 1920px\" \/>Esta experiencia te permite disfrutar de la naturaleza<\/span> <span class=\"WdYUQQ text-decoration-none text-strikethrough-none\">de forma diferente, saltando, rapelando, descendiendo por toboganes de agua, venciendo obst\u00e1culos naturales junto con un gu\u00eda especializado. *actividad abierta a los ni\u00f1os a partir de 8 a\u00f1os si han realizado antes el circuito multiaventura, si no es el caso pueden hacer el barranco a partir de los 10 a\u00f1os.<\/span><\/p>\n<p class=\"_04xlpA direction-ltr align-start para-style-body\"><span class=\"WdYUQQ text-decoration-none text-strikethrough-none\">Con el asesoramiento del gu\u00eda y el material necesario, descubrir\u00e1s de forma amena y segura este apasionante deporte.<\/span><\/p>\n<p class=\"_04xlpA direction-ltr align-start para-style-body\"><span class=\"WdYUQQ text-decoration-none text-strikethrough-none\">*Seg\u00fan las condiciones meteorol\u00f3gicas, y el caudal del agua, el gu\u00eda puede decidir por seguridad cambiar la ruta o modificar la actividad.<\/span><\/p>\n<p class=\"_04xlpA direction-ltr align-start para-style-body\"><span class=\"WdYUQQ text-decoration-none text-strikethrough-none\">*Existe la posibilidad de contratar el servicio de desplazamiento con un coste adicional seg\u00fan el origen<\/span><\/p>\n<p class=\"_04xlpA direction-ltr align-start para-style-body\"><span class=\"WdYUQQ text-decoration-none text-strikethrough-none\">*Las reservas realizadas con menos de 24h de antelaci\u00f3n deber\u00e1n ser confirmadas por la base de actividades y, en caso de que el turno escogido est\u00e9 lleno, se propondr\u00e1n alternativas. Si finalmente la actividad no se pudiese realizar, se proceder\u00e1 a la devoluci\u00f3n de la reserva.<\/span><\/p>\n<p class=\"_04xlpA direction-ltr align-start para-style-body\"><span class=\"WdYUQQ text-decoration-none text-strikethrough-none\">\u00a1Queremos pasar con vosotros un gran d\u00eda de diversi\u00f3n sin limites y m\u00e1xima seguridad !<\/span><\/p>\n","protected":false},"featured_media":10661,"comment_status":"open","ping_status":"closed","template":"","meta":{"content-type":""},"product_cat":[332],"product_tag":[329,342],"_links":{"self":[{"href":"https:\/\/www.persimmontravels.com\/es\/wp-json\/wp\/v2\/product\/10571"}],"collection":[{"href":"https:\/\/www.persimmontravels.com\/es\/wp-json\/wp\/v2\/product"}],"about":[{"href":"https:\/\/www.persimmontravels.com\/es\/wp-json\/wp\/v2\/types\/product"}],"replies":[{"embeddable":true,"href":"https:\/\/www.persimmontravels.com\/es\/wp-json\/wp\/v2\/comments?post=10571"}],"wp:featuredmedia":[{"embeddable":true,"href":"https:\/\/www.persimmontravels.com\/es\/wp-json\/wp\/v2\/media\/10661"}],"wp:attachment":[{"href":"https:\/\/www.persimmontravels.com\/es\/wp-json\/wp\/v2\/media?parent=10571"}],"wp:term":[{"taxonomy":"product_cat","embeddable":true,"href":"https:\/\/www.persimmontravels.com\/es\/wp-json\/wp\/v2\/product_cat?post=10571"},{"taxonomy":"product_tag","embeddable":true,"href":"https:\/\/www.persimmontravels.com\/es\/wp-json\/wp\/v2\/product_tag?post=10571"}],"curies":[{"name":"wp","href":"https:\/\/api.w.org\/{rel}","templated":true}]}}