{"id":1044,"date":"2020-07-06T11:40:44","date_gmt":"2020-07-06T11:40:44","guid":{"rendered":"https:\/\/www.persimmontravels.com\/product\/cathedral-giralda-tour\/"},"modified":"2023-11-26T09:57:38","modified_gmt":"2023-11-26T09:57:38","slug":"cathedral-giralda-tour","status":"publish","type":"product","link":"https:\/\/www.persimmontravels.com\/es\/producto\/cathedral-giralda-tour\/","title":{"rendered":"Cathedral-Giralda Tour"},"content":{"rendered":"<p>[vc_row][vc_column][vc_custom_heading text=\u00bbHorario:\u00bb use_theme_fonts=\u00bbyes\u00bb][\/vc_column][\/vc_row][vc_row][vc_column][vc_column_text]<\/p>\n<p lang=\"en-GB\">Puede realizar la visita en tres idiomas, Ingl\u00e9s, Franc\u00e9s y Espa\u00f1ol.<\/p>\n<p>[\/vc_column_text][\/vc_column][\/vc_row][vc_row][vc_column width=\u00bb1\/2&#8243;][vc_column_text]<\/p>\n<h4>Lunes &#8211; S\u00e1bado (excepto festivos)<\/h4>\n<p>&nbsp;<\/p>\n<p>CATEDRAL <span style=\"font-family: Segoe UI Emoji, sans-serif;\"><span lang=\"en-GB\">\ud83c\uddea\ud83c\uddf8<\/span><\/span> 11.30 h<\/p>\n<p>CATEDRAL <span style=\"font-family: Segoe UI Emoji, sans-serif;\"><span lang=\"en-GB\">\ud83c\uddec\ud83c\udde7<\/span><\/span> 11.30 h<\/p>\n<p>CATEDRAL <span style=\"font-family: Segoe UI Emoji, sans-serif;\"><span lang=\"en-GB\">\ud83c\uddea\ud83c\uddf8<\/span><\/span> 13.30 h<\/p>\n<p>CATEDRAL <span style=\"font-family: Segoe UI Emoji, sans-serif;\"><span lang=\"en-GB\">\ud83c\uddec\ud83c\udde7<\/span><\/span> 13.30 h<\/p>\n<p>CATEDRAL <span style=\"font-family: Segoe UI Emoji, sans-serif;\"><span lang=\"en-GB\">\ud83c\uddeb\ud83c\uddf7<\/span><\/span> 13.30 h[\/vc_column_text][\/vc_column][vc_column width=\u00bb1\/2&#8243;][vc_column_text]<\/p>\n<h4 lang=\"en-GB\">Domingos y festivos<\/h4>\n<p>&nbsp;<\/p>\n<p>CATEDRAL <span style=\"font-family: Segoe UI Emoji, sans-serif;\">\ud83c\uddea\ud83c\uddf8<\/span> 16.00 h<\/p>\n<p>CATEDRAL <span style=\"font-family: Segoe UI Emoji, sans-serif;\">\ud83c\uddec\ud83c\udde7<\/span> 16.00 h<\/p>\n<p>CATEDRAL <span style=\"font-family: Segoe UI Emoji, sans-serif;\">\ud83c\uddeb\ud83c\uddf7<\/span> 16.00:h[\/vc_column_text][\/vc_column][\/vc_row][vc_row][vc_column][vc_custom_heading text=\u00bbPrecios\u00bb font_container=\u00bbtag:h3|text_align:left\u00bb use_theme_fonts=\u00bbyes\u00bb][vc_custom_heading text=\u00bb(Las entradas a los monumentos est\u00e1n incluidas)\u00bb font_container=\u00bbtag:h4|text_align:left\u00bb use_theme_fonts=\u00bbyes\u00bb][vc_empty_space][\/vc_column][\/vc_row][vc_row][vc_column width=\u00bb1\/2&#8243;][vc_column_text]Adulto (15 &#8211; 65) 30\u20ac<\/p>\n<p lang=\"en-GB\">Senior (66 &#8211; 99) 22\u20ac<\/p>\n<p lang=\"en-GB\">Ni\u00f1o (0 &#8211; 14) 2\u20ac<\/p>\n<p lang=\"en-GB\">Estudiante (menos de 25 a\u00f1os con carnet de estudiante) (15 &#8211; 25) 22\u20ac<\/p>\n<p>[\/vc_column_text][\/vc_column][\/vc_row][vc_row][vc_column][vc_single_image image=\u00bb515&#8243;][\/vc_column][\/vc_row][vc_row][vc_column][vc_single_image image=\u00bb319&#8243;][\/vc_column][\/vc_row]<\/p>\n","protected":false},"excerpt":{"rendered":"<p>La Catedral de Sevilla, antigua Mezquita Mayor, con su espectacular campanario, \u201cla Giralda\u201d, es el s\u00edmbolo de la ciudad. Es la catedral g\u00f3tica m\u00e1s grande del mundo y dentro de ella contiene un aut\u00e9ntico museo lleno de tesoros y obras de arte de pintores como Murillo y Zurbar\u00e1n. Adem\u00e1s de conocer la tumba de Crist\u00f3bal Col\u00f3n, se puede subir al campanario y observar las impresionantes vistas de la ciudad.<\/p>\n<p>&nbsp;<\/p>\n","protected":false},"featured_media":821,"comment_status":"open","ping_status":"closed","template":"","meta":{"content-type":""},"product_cat":[172,156],"product_tag":[],"_links":{"self":[{"href":"https:\/\/www.persimmontravels.com\/es\/wp-json\/wp\/v2\/product\/1044"}],"collection":[{"href":"https:\/\/www.persimmontravels.com\/es\/wp-json\/wp\/v2\/product"}],"about":[{"href":"https:\/\/www.persimmontravels.com\/es\/wp-json\/wp\/v2\/types\/product"}],"replies":[{"embeddable":true,"href":"https:\/\/www.persimmontravels.com\/es\/wp-json\/wp\/v2\/comments?post=1044"}],"wp:featuredmedia":[{"embeddable":true,"href":"https:\/\/www.persimmontravels.com\/es\/wp-json\/wp\/v2\/media\/821"}],"wp:attachment":[{"href":"https:\/\/www.persimmontravels.com\/es\/wp-json\/wp\/v2\/media?parent=1044"}],"wp:term":[{"taxonomy":"product_cat","embeddable":true,"href":"https:\/\/www.persimmontravels.com\/es\/wp-json\/wp\/v2\/product_cat?post=1044"},{"taxonomy":"product_tag","embeddable":true,"href":"https:\/\/www.persimmontravels.com\/es\/wp-json\/wp\/v2\/product_tag?post=1044"}],"curies":[{"name":"wp","href":"https:\/\/api.w.org\/{rel}","templated":true}]}}