{"id":1041,"date":"2020-07-06T11:18:19","date_gmt":"2020-07-06T11:18:19","guid":{"rendered":"https:\/\/www.persimmontravels.com\/product\/alcazar-royal-palace-tour\/"},"modified":"2024-03-08T22:58:12","modified_gmt":"2024-03-08T22:58:12","slug":"tour-alcazar-palacio-real-sevilla","status":"publish","type":"product","link":"https:\/\/www.persimmontravels.com\/es\/producto\/tour-alcazar-palacio-real-sevilla\/","title":{"rendered":"Tour Alcazar-Palacio Real"},"content":{"rendered":"<p>[vc_row][vc_column][vc_custom_heading text=\u00bbHorarios:\u00bb use_theme_fonts=\u00bbyes\u00bb][\/vc_column][\/vc_row][vc_row][vc_column][vc_column_text]<\/p>\n<p lang=\"en-GB\">Puedes realizar la visita en tres idiomas: Ingl\u00e9s, Franc\u00e9s y Espa\u00f1ol.<\/p>\n<p>[\/vc_column_text][\/vc_column][\/vc_row][vc_row][vc_column width=\u00bb1\/2&#8243;][vc_column_text]<\/p>\n<h4>Lunes &#8211; S\u00e1bado (excepto festivos)<\/h4>\n<p>&nbsp;<\/p>\n<p>ALC\u00c1ZAR <span style=\"font-family: Segoe UI Emoji, sans-serif;\"><span lang=\"en-GB\">\ud83c\uddea\ud83c\uddf8<\/span><\/span> 15.15 h<\/p>\n<p>ALC\u00c1ZAR <span style=\"font-family: Segoe UI Emoji, sans-serif;\"><span lang=\"en-GB\">\ud83c\uddec\ud83c\udde7<\/span><\/span> 15.15 h<\/p>\n<p>ALCAZAR <span style=\"font-family: Segoe UI Emoji, sans-serif;\"><span lang=\"en-GB\">\ud83c\uddeb\ud83c\uddf7<\/span><\/span> 15.15 h[\/vc_column_text][\/vc_column][vc_column width=\u00bb1\/2&#8243;][vc_column_text]<\/p>\n<h4 lang=\"en-GB\">Domingos y festivos<\/h4>\n<p>&nbsp;<\/p>\n<p>ALC\u00c1ZAR <span style=\"font-family: Segoe UI Emoji, sans-serif;\">\ud83c\uddea\ud83c\uddf8<\/span> 13.30 h<\/p>\n<p>ALC\u00c1ZAR <span style=\"font-family: Segoe UI Emoji, sans-serif;\">\ud83c\uddec\ud83c\udde7<\/span> 13.30 h<\/p>\n<p>ALCAZAR <span style=\"font-family: Segoe UI Emoji, sans-serif;\">\ud83c\uddeb\ud83c\uddf7<\/span> 13.30 h[\/vc_column_text][\/vc_column][\/vc_row][vc_row][vc_column][vc_custom_heading text=\u00bbPrecios\u00bb font_container=\u00bbtag:h3|text_align:left\u00bb use_theme_fonts=\u00bbyes\u00bb][vc_custom_heading text=\u00bb(Entradas a monumentos incluidas)\u00bb font_container=\u00bbtag:h4|text_align:left\u00bb use_theme_fonts=\u00bbyes\u00bb][vc_empty_space][\/vc_column][\/vc_row][vc_row][vc_column width=\u00bb1\/2&#8243;][vc_column_text]Adulto (15 &#8211; 65) 30\u20ac<\/p>\n<p lang=\"en-GB\">Senior (66 &#8211; 99) 22\u20ac<\/p>\n<p lang=\"en-GB\">Ni\u00f1o (0 &#8211; 14) 2\u20ac<\/p>\n<p lang=\"en-GB\">Estudiante (menor de 25 con carnet de estudiante) (15 &#8211; 25) 22\u20ac<\/p>\n<p>[\/vc_column_text][\/vc_column][\/vc_row][vc_row][vc_column][vc_single_image image=\u00bb515&#8243;][\/vc_column][\/vc_row][vc_row][vc_column][vc_single_image image=\u00bb319&#8243;][\/vc_column][\/vc_row]<\/p>\n","protected":false},"excerpt":{"rendered":"<p><b>Los Palacios Reales (Alc\u00e1zares)<\/b>\u00a0han sido la residencia de diferentes reyes musulmanes y cristianos durante siglos y ahora constituyen una visita obligada en su estancia en Sevilla, donde se puede distinguir la belleza de los palacios de diferentes estilos, almohade y almor\u00e1vide, mud\u00e9jar, g\u00f3tico, renacentista y moderno. La visita guiada en diferentes idiomas y peque\u00f1os grupos le ofrecer\u00e1 en detalle las diferentes historias y leyendas que sucedieron all\u00ed. No se pierda la oportunidad de dar un paseo por los Jardines Reales, escena de series y pel\u00edculas inolvidables.<\/p>\n","protected":false},"featured_media":821,"comment_status":"open","ping_status":"closed","template":"","meta":{"content-type":""},"product_cat":[172,156],"product_tag":[],"_links":{"self":[{"href":"https:\/\/www.persimmontravels.com\/es\/wp-json\/wp\/v2\/product\/1041"}],"collection":[{"href":"https:\/\/www.persimmontravels.com\/es\/wp-json\/wp\/v2\/product"}],"about":[{"href":"https:\/\/www.persimmontravels.com\/es\/wp-json\/wp\/v2\/types\/product"}],"replies":[{"embeddable":true,"href":"https:\/\/www.persimmontravels.com\/es\/wp-json\/wp\/v2\/comments?post=1041"}],"wp:featuredmedia":[{"embeddable":true,"href":"https:\/\/www.persimmontravels.com\/es\/wp-json\/wp\/v2\/media\/821"}],"wp:attachment":[{"href":"https:\/\/www.persimmontravels.com\/es\/wp-json\/wp\/v2\/media?parent=1041"}],"wp:term":[{"taxonomy":"product_cat","embeddable":true,"href":"https:\/\/www.persimmontravels.com\/es\/wp-json\/wp\/v2\/product_cat?post=1041"},{"taxonomy":"product_tag","embeddable":true,"href":"https:\/\/www.persimmontravels.com\/es\/wp-json\/wp\/v2\/product_tag?post=1041"}],"curies":[{"name":"wp","href":"https:\/\/api.w.org\/{rel}","templated":true}]}}