{"id":10384,"date":"2023-08-03T15:46:12","date_gmt":"2023-08-03T15:46:12","guid":{"rendered":"https:\/\/www.persimmontravels.com\/?post_type=product&#038;p=10384"},"modified":"2023-08-16T09:31:43","modified_gmt":"2023-08-16T09:31:43","slug":"barranquismo-zarzalones","status":"publish","type":"product","link":"https:\/\/www.persimmontravels.com\/es\/producto\/barranquismo-zarzalones\/","title":{"rendered":"Barranquismo: Zarzalones"},"content":{"rendered":"<p>[vc_row][vc_column][vc_column_text]<img decoding=\"async\" loading=\"lazy\" class=\"alignnone size-full wp-image-10378\" src=\"https:\/\/www.persimmontravels.com\/wp-content\/uploads\/2023\/08\/WhatsApp-Product-2023-05-11-at-07.09.05.jpeg\" alt=\"Zarzalones\" width=\"1296\" height=\"972\" srcset=\"https:\/\/www.persimmontravels.com\/wp-content\/uploads\/2023\/08\/WhatsApp-Product-2023-05-11-at-07.09.05.jpeg 1296w, https:\/\/www.persimmontravels.com\/wp-content\/uploads\/2023\/08\/WhatsApp-Product-2023-05-11-at-07.09.05-300x225.jpeg 300w, https:\/\/www.persimmontravels.com\/wp-content\/uploads\/2023\/08\/WhatsApp-Product-2023-05-11-at-07.09.05-1024x768.jpeg 1024w, https:\/\/www.persimmontravels.com\/wp-content\/uploads\/2023\/08\/WhatsApp-Product-2023-05-11-at-07.09.05-768x576.jpeg 768w, https:\/\/www.persimmontravels.com\/wp-content\/uploads\/2023\/08\/WhatsApp-Product-2023-05-11-at-07.09.05-600x450.jpeg 600w\" sizes=\"(max-width: 1296px) 100vw, 1296px\" \/>[\/vc_column_text][\/vc_column][\/vc_row][vc_row][vc_column][vc_column_text]<\/p>\n<p class=\"_04xlpA direction-ltr align-start para-style-body\"><span class=\"WdYUQQ text-decoration-none text-strikethrough-none\">D\u00eda de descenso de barranco en familia (ni\u00f1os a partir de 8 a\u00f1os*) de 3h de duraci\u00f3n partiendo desde nuestro punto de encuentro en Zarzalones, en la localidad malague\u00f1a de Yunquera en plena Sierra de las Nieves. Esta experiencia te permite disfrutar de la naturaleza<\/span> <span class=\"WdYUQQ text-decoration-none text-strikethrough-none\">de forma diferente, saltando, rapelando, descendiendo por toboganes de agua, venciendo obst\u00e1culos naturales junto con un gu\u00eda especializado. *actividad abierta a los ni\u00f1os a partir de 8 a\u00f1os si han realizado antes el circuito multiaventura, si no es el caso pueden hacer el barranco a partir de los 10 a\u00f1os.<\/span><\/p>\n<p class=\"_04xlpA direction-ltr align-start para-style-body\"><span class=\"WdYUQQ text-decoration-none text-strikethrough-none\">Con el asesoramiento del gu\u00eda y el material necesario, descubrir\u00e1s de forma amena y segura este apasionante deporte.<\/span><\/p>\n<p class=\"_04xlpA direction-ltr align-start para-style-body\"><span class=\"WdYUQQ text-decoration-none text-strikethrough-none\">*Seg\u00fan las condiciones meteorol\u00f3gicas, y el caudal del agua, el gu\u00eda puede decidir por seguridad cambiar la ruta o modificar la actividad.<\/span><\/p>\n<p class=\"_04xlpA direction-ltr align-start para-style-body\"><span class=\"WdYUQQ text-decoration-none text-strikethrough-none\">*Existe la posibilidad de contratar el servicio de desplazamiento con un coste adicional seg\u00fan el origen<\/span><\/p>\n<p class=\"_04xlpA direction-ltr align-start para-style-body\"><span class=\"WdYUQQ text-decoration-none text-strikethrough-none\">*Las reservas realizadas con menos de 24h de antelaci\u00f3n deber\u00e1n ser confirmadas por la base de actividades y, en caso de que el turno escogido est\u00e9 lleno, se propondr\u00e1n alternativas. Si finalmente la actividad no se pudiese realizar, se proceder\u00e1 a la devoluci\u00f3n de la reserva.<\/span><\/p>\n<p class=\"_04xlpA direction-ltr align-start para-style-body\"><span class=\"WdYUQQ text-decoration-none text-strikethrough-none\">\u00a1Queremos pasar con vosotros un gran d\u00eda de diversi\u00f3n sin limites y m\u00e1xima seguridad !<\/span><\/p>\n<p>[\/vc_column_text][\/vc_column][\/vc_row][vc_row][vc_column][vc_column_text]<\/p>\n<p class=\"_04xlpA direction-ltr align-start para-style-body\">HORARIO<\/p>\n<p class=\"_04xlpA direction-ltr align-start para-style-body\"><span class=\"WdYUQQ text-decoration-none text-strikethrough-none\">\u231a10;00 horas punto de encuentro<\/span><\/p>\n<p class=\"_04xlpA direction-ltr align-start para-style-body\"><span class=\"WdYUQQ text-decoration-none text-strikethrough-none\">\u231a10;30 reparto material y explicaci\u00f3n<\/span><\/p>\n<p class=\"_04xlpA direction-ltr align-start para-style-body\"><span class=\"WdYUQQ text-decoration-none text-strikethrough-none\">\u231a11;30 comienzo aventura<\/span><\/p>\n<p class=\"_04xlpA direction-ltr align-start para-style-body\"><span class=\"WdYUQQ text-decoration-none text-strikethrough-none\">\u231a16:00 aproximadamente.<\/span><\/p>\n<p>[\/vc_column_text][\/vc_column][\/vc_row][vc_row][vc_column][vc_column_text]MATERIAL NECESARIO<\/p>\n<p>Zapatillas deportivas o botas para realizar actividad: preferiblemente calzado que asegure bien el tobillo para andar por el agua y que est\u00e9n en buen estado.<\/p>\n<p>Bikini o ba\u00f1ador para separar el neopreno de la piel y ropa seca tras la fiscalizaci\u00f3n de de la actividad.<\/p>\n<p>Avituallamiento durante la actividad de descenso del barranco (agua, zumos, frutos secos, fruta, barritas energ\u00e9ticas, etc.).<\/p>\n<p>Para su transporte es recomendable llevar una mochila peque\u00f1a. Comida tras la finalizaci\u00f3n del descenso del barranco. En este caso se puede dejar en los propios veh\u00edculos para disfrutar posteriormente del almuerzo.[\/vc_column_text][\/vc_column][\/vc_row][vc_row][vc_column][vc_column_text]<\/p>\n<p class=\"_04xlpA direction-ltr align-start para-style-body\"><span class=\"WdYUQQ text-decoration-none text-strikethrough-none\">MATERIAL PROPORCIONADO POR AVENTURA SIN L\u00cdMITE:<\/span><\/p>\n<p class=\"_04xlpA direction-ltr align-start para-style-body\"><span class=\"WdYUQQ text-decoration-none text-strikethrough-none\">Traje de Neopreno<\/span><\/p>\n<p class=\"_04xlpA direction-ltr align-start para-style-body\"><span class=\"WdYUQQ text-decoration-none text-strikethrough-none\">Casco de seguridad<\/span><\/p>\n<p class=\"_04xlpA direction-ltr align-start para-style-body\"><span class=\"WdYUQQ text-decoration-none text-strikethrough-none\">Arn\u00e9s<\/span><\/p>\n<p class=\"_04xlpA direction-ltr align-start para-style-body\"><span class=\"WdYUQQ text-decoration-none text-strikethrough-none\">Bote estanco<\/span><\/p>\n<p class=\"_04xlpA direction-ltr align-start para-style-body\"><span class=\"WdYUQQ text-decoration-none text-strikethrough-none\">Seguro de Responsabilidad Civil y Seguro de accidentes<\/span><\/p>\n<p class=\"_04xlpA direction-ltr align-start para-style-body\"><span class=\"WdYUQQ text-decoration-none text-strikethrough-none\">Reportaje fotogr\u00e1fico y video<\/span><\/p>\n<p>[\/vc_column_text][\/vc_column][\/vc_row]<\/p>\n","protected":false},"excerpt":{"rendered":"<h1><strong><span class=\"WdYUQQ text-decoration-none text-strikethrough-none\">Descenso de Barranquismo\u00a0 \u00a0 \u00a0 \u00a0 \u00a0 \u00a0 \u00a0 \u00a0 \u00a0 \u00a0 \u00a0 \u00a0 \u00a0 \u00a0 \u00a0 \u00a0 \u00a0 \u00a0 \u00a0 \u00a0 \u00a0 \u00a0 \u00a0 \u00a0 \u00a0 \u00a0 \u00a0 <\/span><\/strong><\/h1>\n<h1><strong><span class=\"WdYUQQ text-decoration-none text-strikethrough-none\">R\u00edo Grande (Zarzalones)<\/span><\/strong><\/h1>\n<p>&nbsp;<\/p>\n<p><img decoding=\"async\" loading=\"lazy\" class=\"alignnone size-full wp-image-10495\" src=\"https:\/\/www.persimmontravels.com\/wp-content\/uploads\/2023\/08\/2023-05-14-5-logo-1.png\" alt=\"barranquismo cadiz\" width=\"628\" height=\"257\" srcset=\"https:\/\/www.persimmontravels.com\/wp-content\/uploads\/2023\/08\/2023-05-14-5-logo-1.png 628w, https:\/\/www.persimmontravels.com\/wp-content\/uploads\/2023\/08\/2023-05-14-5-logo-1-300x123.png 300w, https:\/\/www.persimmontravels.com\/wp-content\/uploads\/2023\/08\/2023-05-14-5-logo-1-600x246.png 600w\" sizes=\"(max-width: 628px) 100vw, 628px\" \/><img decoding=\"async\" loading=\"lazy\" class=\"alignnone size-full wp-image-10358\" src=\"https:\/\/www.persimmontravels.com\/wp-content\/uploads\/2023\/08\/7b-1.jpg\" alt=\"\" width=\"720\" height=\"480\" srcset=\"https:\/\/www.persimmontravels.com\/wp-content\/uploads\/2023\/08\/7b-1.jpg 720w, https:\/\/www.persimmontravels.com\/wp-content\/uploads\/2023\/08\/7b-1-300x200.jpg 300w, https:\/\/www.persimmontravels.com\/wp-content\/uploads\/2023\/08\/7b-1-600x400.jpg 600w, https:\/\/www.persimmontravels.com\/wp-content\/uploads\/2023\/08\/7b-1-272x182.jpg 272w\" sizes=\"(max-width: 720px) 100vw, 720px\" \/><\/p>\n<p>Un trayecto de sendero acu\u00e1tico para disfrutar juntos en familia y en grupo, situado en el pueblo de Benahavis (M\u00e1laga), circulando por el r\u00edo Guadalmina en plena serran\u00eda de Ronda.<br \/>\nPara el disfrute de esta experiencia es importante saber nadar pues exsiten tramos donde el nado es indispensable. Recorrido dende podr\u00e1s disfrutar de varios toboganes y saltos que t\u00fa eliges realizar.<\/p>\n","protected":false},"featured_media":10352,"comment_status":"open","ping_status":"closed","template":"","meta":{"content-type":""},"product_cat":[332],"product_tag":[329,333],"_links":{"self":[{"href":"https:\/\/www.persimmontravels.com\/es\/wp-json\/wp\/v2\/product\/10384"}],"collection":[{"href":"https:\/\/www.persimmontravels.com\/es\/wp-json\/wp\/v2\/product"}],"about":[{"href":"https:\/\/www.persimmontravels.com\/es\/wp-json\/wp\/v2\/types\/product"}],"replies":[{"embeddable":true,"href":"https:\/\/www.persimmontravels.com\/es\/wp-json\/wp\/v2\/comments?post=10384"}],"wp:featuredmedia":[{"embeddable":true,"href":"https:\/\/www.persimmontravels.com\/es\/wp-json\/wp\/v2\/media\/10352"}],"wp:attachment":[{"href":"https:\/\/www.persimmontravels.com\/es\/wp-json\/wp\/v2\/media?parent=10384"}],"wp:term":[{"taxonomy":"product_cat","embeddable":true,"href":"https:\/\/www.persimmontravels.com\/es\/wp-json\/wp\/v2\/product_cat?post=10384"},{"taxonomy":"product_tag","embeddable":true,"href":"https:\/\/www.persimmontravels.com\/es\/wp-json\/wp\/v2\/product_tag?post=10384"}],"curies":[{"name":"wp","href":"https:\/\/api.w.org\/{rel}","templated":true}]}}