{"id":5566,"date":"2021-07-09T10:16:05","date_gmt":"2021-07-09T10:16:05","guid":{"rendered":"https:\/\/www.persimmontravels.com\/tours-en-granada\/"},"modified":"2024-02-26T16:12:05","modified_gmt":"2024-02-26T16:12:05","slug":"tours-en-granada","status":"publish","type":"page","link":"https:\/\/www.persimmontravels.com\/es\/tours-en-granada\/","title":{"rendered":"Tours en Granada"},"content":{"rendered":"<p>[vc_row][vc_column]<div class=\"ult-spacer spacer-69e3895a3469a\" data-id=\"69e3895a3469a\" data-height=\"20\" data-height-mobile=\"20\" data-height-tab=\"20\" data-height-tab-portrait=\"\" data-height-mobile-landscape=\"\" style=\"clear:both;display:block;\"><\/div>[\/vc_column][\/vc_row][vc_row full_width=\u00bbstretch_row\u00bb][vc_column width=\u00bb1\/3&#8243;]<div class=\"ult-new-ib ult-ib-effect-style1  ult-ib-resp  \" data-min-width=\"768\" data-max-width=\"900\" style=\"\" data-opacity=\"1\" data-hover-opacity=\"1\" ><img class=\"ult-new-ib-img\" style=\"opacity:1;\" alt=\"null\" src=\"https:\/\/www.persimmontravels.com\/wp-content\/uploads\/2024\/02\/esp-Albaicin.png\"   \/><div id=\"interactive-banner-wrap-6379\" class=\"ult-new-ib-desc\" style=\"\"><h2 class=\"ult-new-ib-title ult-responsive\"  data-ultimate-target='#interactive-banner-wrap-6379 .ult-new-ib-title'  data-responsive-json-new='{\"font-size\":\"\",\"line-height\":\"\"}'  style=\"font-weight:normal;\"><\/h2><div class=\"ult-new-ib-content ult-responsive\"  data-ultimate-target='#interactive-banner-wrap-6379 .ult-new-ib-content'  data-responsive-json-new='{\"font-size\":\"\",\"line-height\":\"\"}'  style=\"font-weight:normal;\"><p>Sum\u00e9rgete en la historia y el encanto de dos barrios emblem\u00e1ticos: Albaic\u00edn y Sacromonte. Recorre sus calles, admira sus vistas y disfruta de un espect\u00e1culo de flamenco.<\/p>\n<p>Reserva tu tour ahora y vive una experiencia inolvidable:<\/p>\n<p>Visita guiada por un experto local.<br \/>\nLugares emblem\u00e1ticos del Albaic\u00edn y Sacromonte.<br \/>\nVistas panor\u00e1micas de la Alhambra y la ciudad.<br \/>\nHistoria y cultura de dos barrios \u00fanicos.<\/p><\/div><\/div><a class=\"ult-new-ib-link\" href=\"https:\/\/krfoodssolucionesalimentariasslb91902213.rezdy.com\/515611\/tour-guiado-al-albaicin-y-el-sacromonte-en-espa-ol?iframe=true\" rel=\"nofollow noopener\" target=\"_blank\"><\/iframe>\"  ><\/a><\/div>[\/vc_column][vc_column width=\u00bb1\/3&#8243;]<div class=\"ult-new-ib ult-ib-effect-style2  ult-ib-resp  \" data-min-width=\"768\" data-max-width=\"900\" style=\"background:#ffd548;\" data-opacity=\"1\" data-hover-opacity=\"1\" ><img class=\"ult-new-ib-img\" style=\"opacity:1;\" alt=\"tickets alhambra\" src=\"https:\/\/www.persimmontravels.com\/wp-content\/uploads\/2024\/02\/esp-gRANADA.png\"   \/><div id=\"interactive-banner-wrap-9849\" class=\"ult-new-ib-desc\" style=\"\"><h1 class=\"ult-new-ib-title ult-responsive\"  data-ultimate-target='#interactive-banner-wrap-9849 .ult-new-ib-title'  data-responsive-json-new='{\"font-size\":\"\",\"line-height\":\"\"}'  style=\"font-family:&#039;Fjalla One&#039;;font-style:italic;font-weight:normal;color:#0a0a0a;\"><\/h1><div class=\"ult-new-ib-content ult-responsive\"  data-ultimate-target='#interactive-banner-wrap-9849 .ult-new-ib-content'  data-responsive-json-new='{\"font-size\":\"desktop:14px;tablet:12px;tablet_portrait:12px;mobile_landscape:12px;mobile:12px;\",\"line-height\":\"\"}'  style=\"font-family:&#039;Poppins&#039;;font-style:italic;font-weight:600;color:#000000;\"><p>Viaja en el tiempo y sum\u00e9rgete en la fascinante historia de la Alhambra, un conjunto monumental \u00fanico que te cautivar\u00e1 con sus leyendas, su arquitectura y sus impresionantes jardines.<\/p>\n<p>De la mano de un experto gu\u00eda en espa\u00f1ol, recorrer\u00e1s los palacios Nazar\u00edes, el Generalife y la Alcazaba, desentra\u00f1ando los secretos de la Granada musulmana. Te sentir\u00e1s transportado a un cuento de hadas mientras paseas por sus patios, admiras sus azulejos y te deleitas con las vistas panor\u00e1micas de la ciudad.<\/p>\n<p>No te pierdas esta oportunidad \u00fanica de vivir una experiencia inolvidable:<\/p>\n<p>Recorre la Alhambra y el Generalife de la mano de un experto.<br \/>\nAdmira la belleza de la arquitectura andalus\u00ed.<br \/>\nDescubre la historia y las leyendas de este lugar m\u00e1gico.<br \/>\nDisfruta de las vistas panor\u00e1micas de Granada.<br \/>\nSiente la emoci\u00f3n de caminar por los mismos lugares que los sultanes nazar\u00edes.<br \/>\nReserva tu tour ahora y d\u00e9jate seducir por la Alhambra.<\/p><\/div><\/div><a class=\"ult-new-ib-link\" href=\"https:\/\/krfoodssolucionesalimentariasslb91902213.rezdy.com\/455619\/visita-guiada-alhambra-en-espa-ol-grupo-reducido?iframe=true\" rel=\"nofollow noopener\" target=\"_blank\"><\/iframe>\"  data-touch-delay=\"100\"><\/a><\/div>[\/vc_column][vc_column width=\u00bb1\/3&#8243;]<div class=\"ult-new-ib ult-ib-effect-style1  ult-ib-resp  \" data-min-width=\"768\" data-max-width=\"900\" style=\"\" data-opacity=\"1\" data-hover-opacity=\"1\" ><img class=\"ult-new-ib-img\" style=\"opacity:1;\" alt=\"null\" src=\"https:\/\/www.persimmontravels.com\/wp-content\/uploads\/2024\/02\/espCthedral.png\"   \/><div id=\"interactive-banner-wrap-2670\" class=\"ult-new-ib-desc\" style=\"\"><h2 class=\"ult-new-ib-title ult-responsive\"  data-ultimate-target='#interactive-banner-wrap-2670 .ult-new-ib-title'  data-responsive-json-new='{\"font-size\":\"\",\"line-height\":\"\"}'  style=\"font-weight:normal;\"><\/h2><div class=\"ult-new-ib-content ult-responsive\"  data-ultimate-target='#interactive-banner-wrap-2670 .ult-new-ib-content'  data-responsive-json-new='{\"font-size\":\"\",\"line-height\":\"\"}'  style=\"font-weight:normal;\"><p>Ad\u00e9ntrate en dos de los monumentos m\u00e1s impresionantes de Granada: la Catedral, una obra maestra del Renacimiento y la Capilla Real, donde reposan los Reyes Cat\u00f3licos. D\u00e9jate cautivar por su arquitectura, sus tesoros art\u00edsticos y su rica historia.<\/p>\n<p>Reserva tu tour ahora y vive una experiencia \u00fanica:<\/p>\n<p>Visita guiada por un experto local.<br \/>\nRecorrido por la Catedral y la Capilla Real.<br \/>\nAdmira obras de arte de grandes maestros.<br \/>\nDescubre la historia de la Granada imperial.<br \/>\nSiente la emoci\u00f3n de la historia en cada paso.<\/p><\/div><\/div><a class=\"ult-new-ib-link\" href=\"https:\/\/krfoodssolucionesalimentariasslb91902213.rezdy.com\/517611\/visita-guiada-a-la-catedral-y-capilla-real-en-espa-ol?iframe=true\" rel=\"nofollow noopener\" target=\"_blank\"><\/iframe>\"  ><\/a><\/div>[\/vc_column][\/vc_row][vc_row][vc_column]<div class=\"ult-spacer spacer-69e3895a3561e\" data-id=\"69e3895a3561e\" data-height=\"50\" data-height-mobile=\"50\" data-height-tab=\"50\" data-height-tab-portrait=\"\" data-height-mobile-landscape=\"\" style=\"clear:both;display:block;\"><\/div>[\/vc_column][\/vc_row]<\/p>\n","protected":false},"excerpt":{"rendered":"<p>[vc_row][vc_column][\/vc_column][\/vc_row][vc_row full_width=\u00bbstretch_row\u00bb][vc_column width=\u00bb1\/3&#8243;][\/vc_column][vc_column width=\u00bb1\/3&#8243;][\/vc_column][vc_column width=\u00bb1\/3&#8243;][\/vc_column][\/vc_row][vc_row][vc_column][\/vc_column][\/vc_row]<\/p>\n","protected":false},"author":1,"featured_media":0,"parent":0,"menu_order":0,"comment_status":"closed","ping_status":"closed","template":"full-width-page.php","meta":{"content-type":""},"_links":{"self":[{"href":"https:\/\/www.persimmontravels.com\/es\/wp-json\/wp\/v2\/pages\/5566"}],"collection":[{"href":"https:\/\/www.persimmontravels.com\/es\/wp-json\/wp\/v2\/pages"}],"about":[{"href":"https:\/\/www.persimmontravels.com\/es\/wp-json\/wp\/v2\/types\/page"}],"author":[{"embeddable":true,"href":"https:\/\/www.persimmontravels.com\/es\/wp-json\/wp\/v2\/users\/1"}],"replies":[{"embeddable":true,"href":"https:\/\/www.persimmontravels.com\/es\/wp-json\/wp\/v2\/comments?post=5566"}],"version-history":[{"count":6,"href":"https:\/\/www.persimmontravels.com\/es\/wp-json\/wp\/v2\/pages\/5566\/revisions"}],"predecessor-version":[{"id":14105,"href":"https:\/\/www.persimmontravels.com\/es\/wp-json\/wp\/v2\/pages\/5566\/revisions\/14105"}],"wp:attachment":[{"href":"https:\/\/www.persimmontravels.com\/es\/wp-json\/wp\/v2\/media?parent=5566"}],"curies":[{"name":"wp","href":"https:\/\/api.w.org\/{rel}","templated":true}]}}