{"id":5539,"date":"2021-07-09T09:21:34","date_gmt":"2021-07-09T09:21:34","guid":{"rendered":"https:\/\/www.persimmontravels.com\/tours-en-cordoba\/"},"modified":"2021-07-17T12:27:48","modified_gmt":"2021-07-17T12:27:48","slug":"tours-en-cordoba","status":"publish","type":"page","link":"https:\/\/www.persimmontravels.com\/es\/tours-en-cordoba\/","title":{"rendered":"Tours en C\u00f3rdoba"},"content":{"rendered":"<p>[vc_row][vc_column]<div class=\"ult-spacer spacer-69ecbf25b868e\" data-id=\"69ecbf25b868e\" data-height=\"20\" data-height-mobile=\"20\" data-height-tab=\"20\" data-height-tab-portrait=\"\" data-height-mobile-landscape=\"\" style=\"clear:both;display:block;\"><\/div>[\/vc_column][\/vc_row][vc_row full_width=\u00bbstretch_row\u00bb][vc_column width=\u00bb1\/3&#8243;]<div class=\"ult-new-ib ult-ib-effect-style10  ult-ib-resp   vc_custom_1625822809892\" data-min-width=\"768\" data-max-width=\"900\" style=\"background:#ffd548;\" data-opacity=\"1\" data-hover-opacity=\"0.1\" ><img class=\"ult-new-ib-img\" style=\"opacity:1;\" alt=\"null\" src=\"https:\/\/www.persimmontravels.com\/wp-content\/uploads\/2021\/06\/Guided-Tour-Mosque-Cathedral-of-Cordoba-4.gif\"   \/><div id=\"interactive-banner-wrap-6479\" class=\"ult-new-ib-desc\" style=\"\"><h1 class=\"ult-new-ib-title ult-responsive\"  data-ultimate-target='#interactive-banner-wrap-6479 .ult-new-ib-title'  data-responsive-json-new='{\"font-size\":\"\",\"line-height\":\"\"}'  style=\"font-family:&#039;Fjalla One&#039;;font-style:italic;font-weight:normal;color:#000000;\"><\/h1><div class=\"ult-new-ib-content ult-responsive\"  data-ultimate-target='#interactive-banner-wrap-6479 .ult-new-ib-content'  data-responsive-json-new='{\"font-size\":\"desktop:14px;tablet:12px;tablet_portrait:12px;mobile_landscape:12px;mobile:12px;\",\"line-height\":\"\"}'  style=\"font-family:&#039;Poppins&#039;;font-style:italic;font-weight:600;color:#000000;\"><p>\u00danase a nosotros para la visita guiada est\u00e1ndar m\u00e1s completa de la Mezquita-Catedral. Con una duraci\u00f3n aproximada de 1,5 horas, descubrir\u00e1s todos los secretos que esconde el mayor tesoro de Al-\u00c1ndalus.<\/p>\n<p>Siempre liderado por un historiador, en este recorrido descubrir\u00e1s un edificio \u00fanico en el mundo, declarado Patrimonio de la Humanidad por la UNESCO.<\/p>\n<h1 style=``font-family:'Poppins';font-weight:700;color:#ffffff;text-align:right;``>DESDE<\/h1>\n<h1 style=``font-family:'poppins';font-weight:700;color:#BA3B28;text-align:right;``>13\u20ac<\/h1>\n<p><\/p><\/div><\/div><a class=\"ult-new-ib-link\" href=\"https:\/\/fareharbor.com\/embeds\/book\/artencordoba\/?sheet=343107&asn=persimmontravels&asn-ref=Persimmon%20Travels&full-items=yes&back=https:\/\/www.persimmontravels.com\/&flow=351130\"  data-touch-delay=\"100\"><\/a><\/div>[\/vc_column][vc_column width=\u00bb1\/3&#8243;]<div class=\"ult-new-ib ult-ib-effect-style10  ult-ib-resp  \" data-min-width=\"768\" data-max-width=\"900\" style=\"background:#ffd548;\" data-opacity=\"1\" data-hover-opacity=\"0.1\" ><img class=\"ult-new-ib-img\" style=\"opacity:1;\" alt=\"null\" src=\"https:\/\/www.persimmontravels.com\/wp-content\/uploads\/2021\/06\/Guided-Tour-Mosque-Cathedral-of-Cordoba-5.gif\"   \/><div id=\"interactive-banner-wrap-2023\" class=\"ult-new-ib-desc\" style=\"\"><h1 class=\"ult-new-ib-title ult-responsive\"  data-ultimate-target='#interactive-banner-wrap-2023 .ult-new-ib-title'  data-responsive-json-new='{\"font-size\":\"\",\"line-height\":\"\"}'  style=\"font-family:&#039;Fjalla One&#039;;font-style:italic;font-weight:normal;color:#0a0a0a;\"><\/h1><div class=\"ult-new-ib-content ult-responsive\"  data-ultimate-target='#interactive-banner-wrap-2023 .ult-new-ib-content'  data-responsive-json-new='{\"font-size\":\"desktop:14px;tablet:12px;tablet_portrait:12px;mobile_landscape:12px;mobile:12px;\",\"line-height\":\"\"}'  style=\"font-family:&#039;Poppins&#039;;font-style:italic;font-weight:600;color:#000000;\"><p>La visita guiada a la Mezquita de C\u00f3rdoba y la Juder\u00eda es una opci\u00f3n ideal para quienes deseen visitar lo imprescindible. En unas 2 horas y cuarto conocer\u00e1s varios de los monumentos m\u00e1s representativos de la ciudad.<\/p>\n<p>Siempre de la mano de un historiador, en este magn\u00edfico recorrido descubrir\u00e1s un edificio \u00fanico en el mundo, declarado Patrimonio de la Humanidad por la UNESCO.<\/p>\n<h1 style=``font-family:'Poppins';font-weight:700;color:#ffffff;text-align:right;``>DESDE<\/h1>\n<h1 style=``font-family:'poppins';font-weight:700;color:#BA3B28;text-align:right;``>17\u20ac<\/h1>\n<p><\/p><\/div><\/div><a class=\"ult-new-ib-link\" href=\"https:\/\/fareharbor.com\/embeds\/book\/artencordoba\/?sheet=343107&asn=persimmontravels&asn-ref=Persimmon%20Travels&full-items=yes&back=https:\/\/www.persimmontravels.com\/&flow=351130\"  data-touch-delay=\"100\"><\/a><\/div>[\/vc_column][vc_column width=\u00bb1\/3&#8243;]<div class=\"ult-new-ib ult-ib-effect-style10  ult-ib-resp  \" data-min-width=\"768\" data-max-width=\"900\" style=\"background:#ffd548;\" data-opacity=\"1\" data-hover-opacity=\"0.1\" ><img class=\"ult-new-ib-img\" style=\"opacity:1;\" alt=\"null\" src=\"https:\/\/www.persimmontravels.com\/wp-content\/uploads\/2021\/06\/Guided-Tour-Mosque-Cathedral-of-Cordoba-6.gif\"   \/><div id=\"interactive-banner-wrap-2786\" class=\"ult-new-ib-desc\" style=\"\"><h1 class=\"ult-new-ib-title ult-responsive\"  data-ultimate-target='#interactive-banner-wrap-2786 .ult-new-ib-title'  data-responsive-json-new='{\"font-size\":\"\",\"line-height\":\"\"}'  style=\"font-family:&#039;Fjalla One&#039;;font-style:italic;font-weight:normal;\"><\/h1><div class=\"ult-new-ib-content ult-responsive\"  data-ultimate-target='#interactive-banner-wrap-2786 .ult-new-ib-content'  data-responsive-json-new='{\"font-size\":\"desktop:14px;tablet:12px;tablet_portrait:12px;mobile_landscape:12px;mobile:12px;\",\"line-height\":\"\"}'  style=\"font-family:&#039;Poppins&#039;;font-style:italic;font-weight:600;color:#000000;\"><p>Si quieres conocer C\u00f3rdoba en profundidad, haz una visita guiada extensa y de calidad, donde el rigor hist\u00f3rico es el denominador com\u00fan, tanto placentera como divertida. C\u00f3rdoba en profundidad es nuestra recomendaci\u00f3n.<\/p>\n<p>Siempre dirigida por un historiador , en este completo recorrido descubrir\u00e1s varios de los monumentos m\u00e1s representativos de la historia de C\u00f3rdoba.<\/p>\n<h1 style=``font-family:'Poppins';font-weight:700;color:#ffffff;text-align:right;``>DESDE<\/h1>\n<h1 style=``font-family:'poppins';font-weight:700;color:#BA3B28;text-align:right;``>40\u20ac<\/h1>\n<p><\/p><\/div><\/div><a class=\"ult-new-ib-link\" href=\"https:\/\/fareharbor.com\/embeds\/book\/artencordoba\/?sheet=343107&asn=persimmontravels&asn-ref=Persimmon%20Travels&full-items=yes&back=https:\/\/www.persimmontravels.com\/&flow=351130\"  data-touch-delay=\"100\"><\/a><\/div>[\/vc_column][\/vc_row][vc_row][vc_column]<div class=\"ult-spacer spacer-69ecbf25b92fa\" data-id=\"69ecbf25b92fa\" data-height=\"50\" data-height-mobile=\"50\" data-height-tab=\"50\" data-height-tab-portrait=\"\" data-height-mobile-landscape=\"\" style=\"clear:both;display:block;\"><\/div>[\/vc_column][\/vc_row]<\/p>\n","protected":false},"excerpt":{"rendered":"<p>[vc_row][vc_column][\/vc_column][\/vc_row][vc_row full_width=\u00bbstretch_row\u00bb][vc_column width=\u00bb1\/3&#8243;][\/vc_column][vc_column width=\u00bb1\/3&#8243;][\/vc_column][vc_column width=\u00bb1\/3&#8243;][\/vc_column][\/vc_row][vc_row][vc_column][\/vc_column][\/vc_row]<\/p>\n","protected":false},"author":1,"featured_media":0,"parent":0,"menu_order":0,"comment_status":"closed","ping_status":"closed","template":"full-width-page.php","meta":{"content-type":""},"_links":{"self":[{"href":"https:\/\/www.persimmontravels.com\/es\/wp-json\/wp\/v2\/pages\/5539"}],"collection":[{"href":"https:\/\/www.persimmontravels.com\/es\/wp-json\/wp\/v2\/pages"}],"about":[{"href":"https:\/\/www.persimmontravels.com\/es\/wp-json\/wp\/v2\/types\/page"}],"author":[{"embeddable":true,"href":"https:\/\/www.persimmontravels.com\/es\/wp-json\/wp\/v2\/users\/1"}],"replies":[{"embeddable":true,"href":"https:\/\/www.persimmontravels.com\/es\/wp-json\/wp\/v2\/comments?post=5539"}],"version-history":[{"count":3,"href":"https:\/\/www.persimmontravels.com\/es\/wp-json\/wp\/v2\/pages\/5539\/revisions"}],"predecessor-version":[{"id":5715,"href":"https:\/\/www.persimmontravels.com\/es\/wp-json\/wp\/v2\/pages\/5539\/revisions\/5715"}],"wp:attachment":[{"href":"https:\/\/www.persimmontravels.com\/es\/wp-json\/wp\/v2\/media?parent=5539"}],"curies":[{"name":"wp","href":"https:\/\/api.w.org\/{rel}","templated":true}]}}