{"id":14000,"date":"2024-02-27T06:39:10","date_gmt":"2024-02-27T06:39:10","guid":{"rendered":"https:\/\/www.persimmontravels.com\/?page_id=14000"},"modified":"2024-02-27T07:25:27","modified_gmt":"2024-02-27T07:25:27","slug":"tours-en-barcelona","status":"publish","type":"page","link":"https:\/\/www.persimmontravels.com\/es\/tours-en-barcelona\/","title":{"rendered":"Tours en Barcelona"},"content":{"rendered":"<p>[vc_row][vc_column]<div class=\"ult-new-ib ult-ib-effect-style1  ult-ib-resp  \" data-min-width=\"768\" data-max-width=\"900\" style=\"\" data-opacity=\"1\" data-hover-opacity=\"1\" ><img class=\"ult-new-ib-img\" style=\"opacity:1;\" alt=\"Sagrada Familia today\" src=\"https:\/\/www.persimmontravels.com\/wp-content\/uploads\/2024\/02\/espCthedral.jpg\"   \/><div id=\"interactive-banner-wrap-4767\" class=\"ult-new-ib-desc\" style=\"\"><h2 class=\"ult-new-ib-title ult-responsive\"  data-ultimate-target='#interactive-banner-wrap-4767 .ult-new-ib-title'  data-responsive-json-new='{\"font-size\":\"\",\"line-height\":\"\"}'  style=\"font-weight:normal;\"><\/h2><div class=\"ult-new-ib-content ult-responsive\"  data-ultimate-target='#interactive-banner-wrap-4767 .ult-new-ib-content'  data-responsive-json-new='{\"font-size\":\"\",\"line-height\":\"\"}'  style=\"font-weight:normal;\"><p>Descubre la obra maestra de Gaud\u00ed en un tour guiado de 90 minutos por la Sagrada Familia. Admira la arquitectura \u00fanica de esta iglesia inacabada, aprende sobre su simbolismo y su historia, y d\u00e9jate cautivar por la belleza de sus vidrieras, esculturas y mosaicos.<\/p><\/div><\/div><a class=\"ult-new-ib-link\" href=\"https:\/\/krfoodssolucionesalimentariasslb91902213.rezdy.com\/525779\/sagrada-familia-tour-guiado-sin-colas-con-gu-a-oficial-en-espa-ol?iframe=true\" rel=\"nofollow noopener\" target=\"_blank\"><\/iframe>\"  ><\/a><\/div>[\/vc_column][vc_column]<div class=\"ult-new-ib ult-ib-effect-style1  ult-ib-resp  \" data-min-width=\"768\" data-max-width=\"900\" style=\"\" data-opacity=\"1\" data-hover-opacity=\"1\" ><img class=\"ult-new-ib-img\" style=\"opacity:1;\" alt=\"guadi barcelona\" src=\"https:\/\/www.persimmontravels.com\/wp-content\/uploads\/2024\/02\/espCthedral-1.jpg\"   \/><div id=\"interactive-banner-wrap-9326\" class=\"ult-new-ib-desc\" style=\"\"><h2 class=\"ult-new-ib-title ult-responsive\"  data-ultimate-target='#interactive-banner-wrap-9326 .ult-new-ib-title'  data-responsive-json-new='{\"font-size\":\"\",\"line-height\":\"\"}'  style=\"font-weight:normal;\"><\/h2><div class=\"ult-new-ib-content ult-responsive\"  data-ultimate-target='#interactive-banner-wrap-9326 .ult-new-ib-content'  data-responsive-json-new='{\"font-size\":\"\",\"line-height\":\"\"}'  style=\"font-weight:normal;\"><p>Sum\u00e9rgete en la magia del Parque G\u00fcell, un parque \u00fanico en el mundo dise\u00f1ado por Antoni Gaud\u00ed. Recorre sus coloridos mosaicos, sus sinuosas formas y sus vibrantes espacios, y d\u00e9jate cautivar por la creatividad y la imaginaci\u00f3n de este genio de la arquitectura.<\/p><\/div><\/div><a class=\"ult-new-ib-link\" href=\"https:\/\/krfoodssolucionesalimentariasslb91902213.rezdy.com\/544899\/visita-guiada-al-park-guell-en-espa-ol?iframe=true\" rel=\"nofollow noopener\" target=\"_blank\"><\/iframe>\"  ><\/a><\/div>[\/vc_column][vc_column][\/vc_column][\/vc_row]<\/p>\n","protected":false},"excerpt":{"rendered":"<p>[vc_row][vc_column][\/vc_column][vc_column][\/vc_column][vc_column][\/vc_column][\/vc_row]<\/p>\n","protected":false},"author":1,"featured_media":0,"parent":0,"menu_order":0,"comment_status":"closed","ping_status":"closed","template":"","meta":{"content-type":""},"_links":{"self":[{"href":"https:\/\/www.persimmontravels.com\/es\/wp-json\/wp\/v2\/pages\/14000"}],"collection":[{"href":"https:\/\/www.persimmontravels.com\/es\/wp-json\/wp\/v2\/pages"}],"about":[{"href":"https:\/\/www.persimmontravels.com\/es\/wp-json\/wp\/v2\/types\/page"}],"author":[{"embeddable":true,"href":"https:\/\/www.persimmontravels.com\/es\/wp-json\/wp\/v2\/users\/1"}],"replies":[{"embeddable":true,"href":"https:\/\/www.persimmontravels.com\/es\/wp-json\/wp\/v2\/comments?post=14000"}],"version-history":[{"count":7,"href":"https:\/\/www.persimmontravels.com\/es\/wp-json\/wp\/v2\/pages\/14000\/revisions"}],"predecessor-version":[{"id":14136,"href":"https:\/\/www.persimmontravels.com\/es\/wp-json\/wp\/v2\/pages\/14000\/revisions\/14136"}],"wp:attachment":[{"href":"https:\/\/www.persimmontravels.com\/es\/wp-json\/wp\/v2\/media?parent=14000"}],"curies":[{"name":"wp","href":"https:\/\/api.w.org\/{rel}","templated":true}]}}