{"id":1203,"date":"2020-03-12T11:06:40","date_gmt":"2020-03-12T11:06:40","guid":{"rendered":"https:\/\/www.persimmontravels.com\/thank-you\/"},"modified":"2020-07-13T16:04:09","modified_gmt":"2020-07-13T16:04:09","slug":"gracias","status":"publish","type":"page","link":"https:\/\/www.persimmontravels.com\/es\/gracias\/","title":{"rendered":"Thank You!"},"content":{"rendered":"<p>[vc_row full_width=\u00bbstretch_row\u00bb][vc_column][vc_empty_space height=\u00bb52px\u00bb][vc_column_text]<\/p>\r\n<h3 style=\"text-align: center;\">Hemos recibido su solicitud de reserva. Contactaremos con usted pronto para darle m\u00e1s detalles y guiarle hac\u00eda la confirmaci\u00f3n final de la reserva.\u00a0<\/h3>\r\n\r\n<p style=\"text-align: center;\"><a href=\"https:\/\/www.persimmontravels.com\/es\/\">VOLVER ATR\u00c1S<\/a><\/p>\r\n\r\n<p>&nbsp;<\/p>\r\n\r\n<p>&nbsp;<\/p>\r\n<p>[\/vc_column_text][vc_empty_space height=\u00bb52px\u00bb][\/vc_column][\/vc_row]<\/p>","protected":false},"excerpt":{"rendered":"<p>[vc_row full_width=\u00bbstretch_row\u00bb][vc_column][vc_empty_space height=\u00bb52px\u00bb][vc_column_text] Hemos recibido su solicitud de reserva. Contactaremos<\/p>\n","protected":false},"author":1,"featured_media":0,"parent":0,"menu_order":0,"comment_status":"closed","ping_status":"open","template":"full-width-page.php","meta":{"content-type":""},"_links":{"self":[{"href":"https:\/\/www.persimmontravels.com\/es\/wp-json\/wp\/v2\/pages\/1203"}],"collection":[{"href":"https:\/\/www.persimmontravels.com\/es\/wp-json\/wp\/v2\/pages"}],"about":[{"href":"https:\/\/www.persimmontravels.com\/es\/wp-json\/wp\/v2\/types\/page"}],"author":[{"embeddable":true,"href":"https:\/\/www.persimmontravels.com\/es\/wp-json\/wp\/v2\/users\/1"}],"replies":[{"embeddable":true,"href":"https:\/\/www.persimmontravels.com\/es\/wp-json\/wp\/v2\/comments?post=1203"}],"version-history":[{"count":1,"href":"https:\/\/www.persimmontravels.com\/es\/wp-json\/wp\/v2\/pages\/1203\/revisions"}],"predecessor-version":[{"id":1204,"href":"https:\/\/www.persimmontravels.com\/es\/wp-json\/wp\/v2\/pages\/1203\/revisions\/1204"}],"wp:attachment":[{"href":"https:\/\/www.persimmontravels.com\/es\/wp-json\/wp\/v2\/media?parent=1203"}],"curies":[{"name":"wp","href":"https:\/\/api.w.org\/{rel}","templated":true}]}}